{"id":15576,"date":"2025-02-24T22:49:11","date_gmt":"2025-02-24T21:49:11","guid":{"rendered":"https:\/\/staviori.com.pl\/product\/pierscionek-z-diamentem-pzd4203\/"},"modified":"2026-02-18T22:32:14","modified_gmt":"2026-02-18T21:32:14","slug":"pierscionek-z-diamentem-pzd4203","status":"publish","type":"product","link":"https:\/\/staviori.com.pl\/de\/product\/pierscionek-z-diamentem-pzd4203\/","title":{"rendered":"Staviori | Gelbgold Schleifenring mit Diamant"},"content":{"rendered":"<p>Model: PZD4203<br \/>\nWaga ok. 1,75g<\/p>\n<p>Ring.<br \/>\nGelbgold 0,585.<br \/>\n1 Diament, szlif brylantowy, o masie 0,005ct, barwa H, czysto\u015b\u0107 SI2.<\/p>\n<p>\u015arednica korony ok. 5&#215;17 mm.<\/p>\n<p>Pier\u015bcionek zar\u0119czynowy<br \/>\nNur einige Gr\u00f6\u00dfen verf\u00fcgbar - bitte anfragen<br \/>\nW przypadku braku na magazynie &#8211; produkt dost\u0119pny na zam\u00f3wienie w terminie ok. 1 tygodnia.<\/p>","protected":false},"excerpt":{"rendered":"<p>Uroczy pier\u015bcionek zar\u0119czynowy Staviori wykonany z 14-karatowego \u017c\u00f3\u0142tego z\u0142ota. Delikatna, a zarazem niezwykle kobieca forma kokardy symbolizuje mi\u0142o\u015b\u0107 i wdzi\u0119k. Na jednym z jej ko\u0144c\u00f3w l\u015bni subtelny diament w szlifie brylantowym, dodaj\u0105cy ca\u0142o\u015bci blasku i elegancji. Idealny wyb\u00f3r dla romantycznych dusz ceni\u0105cych lekko\u015b\u0107 i wyj\u0105tkowy styl.<\/p>","protected":false},"featured_media":7124,"comment_status":"closed","ping_status":"closed","template":"","meta":{"om_disable_all_campaigns":false},"product_brand":[2284],"product_cat":[1384,1838,6752,2182,801,176],"product_tag":[6753,2541,4995,4923,3722,4928,4909,6754,6711,2391,4668,3724,2364,2522],"class_list":{"0":"post-15576","1":"product","2":"type-product","3":"status-publish","4":"has-post-thumbnail","6":"product_brand-staviori","7":"product_cat-bizuteria","8":"product_cat-diamenty","9":"product_cat-kolekcja-staviori-must-have","10":"product_cat-pierscionek-z-diamentem","11":"product_cat-pierscionki","12":"product_cat-zloto","13":"product_tag-anillo-de-lazo","14":"product_tag-bizuteria-damska","15":"product_tag-bow-ring","16":"product_tag-diamantovy-prsten","17":"product_tag-diament","18":"product_tag-diamond-ring","19":"product_tag-elegant-ring","20":"product_tag-gelbgoldring","21":"product_tag-gold-14k","22":"product_tag-kokarda","23":"product_tag-pierscionek-zareczynowy","24":"product_tag-staviori","25":"product_tag-zloto-585","26":"product_tag-zolte-zloto","27":"pa_barwa-h-2","28":"pa_czystosc-si2","29":"pa_kamien-diament","30":"pa_kolor-zolte","31":"pa_kruszec-zloto","32":"pa_motyw-kokardka","33":"pa_proba-0-585","34":"pa_rozmiar-2352","35":"pa_rozmiar-2353","36":"pa_rozmiar-2354","37":"pa_srednica-korony-ok-5x17mm","38":"pa_waga-175g","40":"first","41":"instock","42":"purchasable","43":"product-type-simple"},"aioseo_notices":[],"_links":{"self":[{"href":"https:\/\/staviori.com.pl\/de\/wp-json\/wp\/v2\/product\/15576","targetHints":{"allow":["GET"]}}],"collection":[{"href":"https:\/\/staviori.com.pl\/de\/wp-json\/wp\/v2\/product"}],"about":[{"href":"https:\/\/staviori.com.pl\/de\/wp-json\/wp\/v2\/types\/product"}],"replies":[{"embeddable":true,"href":"https:\/\/staviori.com.pl\/de\/wp-json\/wp\/v2\/comments?post=15576"}],"wp:featuredmedia":[{"embeddable":true,"href":"https:\/\/staviori.com.pl\/de\/wp-json\/wp\/v2\/media\/7124"}],"wp:attachment":[{"href":"https:\/\/staviori.com.pl\/de\/wp-json\/wp\/v2\/media?parent=15576"}],"wp:term":[{"taxonomy":"product_brand","embeddable":true,"href":"https:\/\/staviori.com.pl\/de\/wp-json\/wp\/v2\/product_brand?post=15576"},{"taxonomy":"product_cat","embeddable":true,"href":"https:\/\/staviori.com.pl\/de\/wp-json\/wp\/v2\/product_cat?post=15576"},{"taxonomy":"product_tag","embeddable":true,"href":"https:\/\/staviori.com.pl\/de\/wp-json\/wp\/v2\/product_tag?post=15576"}],"curies":[{"name":"wp","href":"https:\/\/api.w.org\/{rel}","templated":true}]}}