{"id":15574,"date":"2025-02-24T22:49:11","date_gmt":"2025-02-24T21:49:11","guid":{"rendered":"https:\/\/staviori.com.pl\/product\/bizuteria-inwestycyjna-pierscionek-pzd4037\/"},"modified":"2026-02-11T00:09:19","modified_gmt":"2026-02-10T23:09:19","slug":"bizuteria-inwestycyjna-pierscionek-pzd4037","status":"publish","type":"product","link":"https:\/\/staviori.com.pl\/de\/product\/bizuteria-inwestycyjna-pierscionek-pzd4037\/","title":{"rendered":"Exklusiv | 18K Gelbgold Trauring mit Diamanten"},"content":{"rendered":"<p>Model: DDR0448<br \/>\nWaga ok. 6,95g<\/p>\n<p>Ring.<br \/>\nGelbgold 0,750.<br \/>\n215 Diament\u00f3w, szlif brylantowy, o masie 2,62ct, barwa G-H, czysto\u015b\u0107 SI1.<\/p>\n<p>Szeroko\u015b\u0107 6.2 mm.<br \/>\nGrubo\u015b\u0107 3.6 mm.<\/p>\n<p>Das Steingewicht und der angegebene Preis beziehen sich auf die Gr\u00f6\u00dfe 13.<br \/>\nProdukt w dowolnym rozmiarze, dost\u0119pny wy\u0142\u0105cznie na zam\u00f3wienie, czas realizacji ok. 5 tygodnie.<\/p>","protected":false},"excerpt":{"rendered":"<p>Ol\u015bniewaj\u0105cy pier\u015bcionek z \u017c\u00f3\u0142tego z\u0142ota pr\u00f3by 0,750, wysadzany a\u017c 215 diamentami o \u0142\u0105cznej masie 2,62 ct. Ka\u017cdy kamie\u0144 o szlifie brylantowym tworzy harmonijny po\u0142ysk, kt\u00f3ry hipnotyzuje swoim blaskiem. To luksusowa obr\u0105czka pe\u0142na elegancji i presti\u017cu \u2013 doskona\u0142a dla kobiet ceni\u0105cych wyrafinowany styl i ponadczasowy urok z\u0142ota.<\/p>","protected":false},"featured_media":7118,"comment_status":"closed","ping_status":"closed","template":"","meta":{"om_disable_all_campaigns":false},"product_brand":[2284],"product_cat":[1803,801,6741],"product_tag":[2337,2311,6730,4923,2296,4928,6390,5576,4108,4746,4708,6731,6729,6732,6532,4387,2522],"class_list":{"0":"post-15574","1":"product","2":"type-product","3":"status-publish","4":"has-post-thumbnail","6":"product_brand-staviori","7":"product_cat-brylanty-exclusive","8":"product_cat-pierscionki","9":"product_cat-pierscionki-brylanty-exclusive","10":"product_tag-2337","11":"product_tag-bizuteria-luksusowa","12":"product_tag-ddr0448","13":"product_tag-diamantovy-prsten","14":"product_tag-diamenty","15":"product_tag-diamond-ring","16":"product_tag-gold-18k","17":"product_tag-gold-ring","18":"product_tag-pierscionek","19":"product_tag-pierscionek-z-brylantami","20":"product_tag-pierscionek-z-diamentami","21":"product_tag-prsten-se-zlatem","22":"product_tag-pzd4037","23":"product_tag-ring-mit-diamanten","24":"product_tag-yellow-gold-jewelry","25":"product_tag-zloto-0","26":"product_tag-zolte-zloto","27":"pa_barwa-g-h","28":"pa_czystosc-si1","29":"pa_grubosc-3-6mm","30":"pa_kamien-brylanty","31":"pa_kolor-zolte","32":"pa_kruszec-zloto","33":"pa_proba-0-750","34":"pa_szerokosc-6-2mm","35":"pa_waga-690g","37":"first","38":"onbackorder","39":"purchasable","40":"product-type-simple"},"aioseo_notices":[],"_links":{"self":[{"href":"https:\/\/staviori.com.pl\/de\/wp-json\/wp\/v2\/product\/15574","targetHints":{"allow":["GET"]}}],"collection":[{"href":"https:\/\/staviori.com.pl\/de\/wp-json\/wp\/v2\/product"}],"about":[{"href":"https:\/\/staviori.com.pl\/de\/wp-json\/wp\/v2\/types\/product"}],"replies":[{"embeddable":true,"href":"https:\/\/staviori.com.pl\/de\/wp-json\/wp\/v2\/comments?post=15574"}],"wp:featuredmedia":[{"embeddable":true,"href":"https:\/\/staviori.com.pl\/de\/wp-json\/wp\/v2\/media\/7118"}],"wp:attachment":[{"href":"https:\/\/staviori.com.pl\/de\/wp-json\/wp\/v2\/media?parent=15574"}],"wp:term":[{"taxonomy":"product_brand","embeddable":true,"href":"https:\/\/staviori.com.pl\/de\/wp-json\/wp\/v2\/product_brand?post=15574"},{"taxonomy":"product_cat","embeddable":true,"href":"https:\/\/staviori.com.pl\/de\/wp-json\/wp\/v2\/product_cat?post=15574"},{"taxonomy":"product_tag","embeddable":true,"href":"https:\/\/staviori.com.pl\/de\/wp-json\/wp\/v2\/product_tag?post=15574"}],"curies":[{"name":"wp","href":"https:\/\/api.w.org\/{rel}","templated":true}]}}