{"id":15573,"date":"2025-02-24T22:49:11","date_gmt":"2025-02-24T21:49:11","guid":{"rendered":"https:\/\/staviori.com.pl\/product\/bizuteria-inwestycyjna-pierscionek-pzd4036\/"},"modified":"2026-02-11T00:09:19","modified_gmt":"2026-02-10T23:09:19","slug":"bizuteria-inwestycyjna-pierscionek-pzd4036","status":"publish","type":"product","link":"https:\/\/staviori.com.pl\/de\/product\/bizuteria-inwestycyjna-pierscionek-pzd4036\/","title":{"rendered":"Exklusiver Ring aus 750er Gelbgold mit wei\u00dfem Achat und Diamanten"},"content":{"rendered":"<p>Modell: DSR1136<br \/>\nGewicht ca. 9,45g<\/p>\n<p>Ring.<br \/>\nGelbgold 0,750.<br \/>\n48 Diamanten, Brillantschliff, Gewicht 0,43 ct, Farbe G-H, Reinheit SI1.<br \/>\nWei\u00dfer Achat, Gewicht 3,35ct.<\/p>\n<p>8,5 mm breit.<br \/>\nDicke 3 mm.<\/p>\n<p>Das Steingewicht und der angegebene Preis beziehen sich auf die Gr\u00f6\u00dfe 13.<br \/>\nProdukt in jeder Gr\u00f6\u00dfe, nur auf Anfrage erh\u00e4ltlich, Lieferzeit ca. 5 Wochen.<\/p>","protected":false},"excerpt":{"rendered":"<p>Ein ph\u00e4nomenaler Ring aus 0,750er Gelbgold, der durch eine moderne Kombination aus wei\u00dfem Achat und funkelnden Diamanten besticht. Das harmonische Nebeneinander des warmen Goldtons mit dem k\u00fchlen Wei\u00df des Steins verleiht dem Ganzen eine einzigartige Eleganz. 48 perfekt geschliffene Diamanten heben jedes Detail subtil hervor und schaffen ein Schmuckst\u00fcck mit einzigartigem Charakter. Es ist die perfekte Wahl f\u00fcr eine Frau, die Luxus, Stil und originelles Design zu sch\u00e4tzen wei\u00df.<\/p>","protected":false},"featured_media":7115,"comment_status":"closed","ping_status":"closed","template":"","meta":{"om_disable_all_campaigns":false},"product_brand":[2284],"product_cat":[1803,801,6741],"product_tag":[2337,2331,2301,4923,2296,4928,6727,4672,5576,2280,6171,4108,6726,3724,5567,6728,5018,6506],"class_list":{"0":"post-15573","1":"product","2":"type-product","3":"status-publish","4":"has-post-thumbnail","6":"product_brand-staviori","7":"product_cat-brylanty-exclusive","8":"product_cat-pierscionki","9":"product_cat-pierscionki-brylanty-exclusive","10":"product_tag-2337","11":"product_tag-bialy-agat","12":"product_tag-brylanty","13":"product_tag-diamantovy-prsten","14":"product_tag-diamenty","15":"product_tag-diamond-ring","16":"product_tag-dsr1136","17":"product_tag-elegancki-pierscionek","18":"product_tag-gold-ring","19":"product_tag-luksusowa-bizuteria","20":"product_tag-luxusschmuck","21":"product_tag-pierscionek","22":"product_tag-pzd4036","23":"product_tag-staviori","24":"product_tag-white-agate","25":"product_tag-zlaty-prsten","26":"product_tag-zloty-pierscionek","27":"product_tag-zolte-zloto-0","28":"pa_barwa-g-h","29":"pa_czystosc-si1","30":"pa_dostawca-draco","31":"pa_grubosc-3mm","32":"pa_kamien-agat-bialy","33":"pa_kamien-brylanty","34":"pa_kolor-zolte","35":"pa_kruszec-zloto","36":"pa_proba-0-750","37":"pa_szerokosc-8-5mm","38":"pa_waga-940g","40":"first","41":"onbackorder","42":"purchasable","43":"product-type-simple"},"aioseo_notices":[],"_links":{"self":[{"href":"https:\/\/staviori.com.pl\/de\/wp-json\/wp\/v2\/product\/15573","targetHints":{"allow":["GET"]}}],"collection":[{"href":"https:\/\/staviori.com.pl\/de\/wp-json\/wp\/v2\/product"}],"about":[{"href":"https:\/\/staviori.com.pl\/de\/wp-json\/wp\/v2\/types\/product"}],"replies":[{"embeddable":true,"href":"https:\/\/staviori.com.pl\/de\/wp-json\/wp\/v2\/comments?post=15573"}],"wp:featuredmedia":[{"embeddable":true,"href":"https:\/\/staviori.com.pl\/de\/wp-json\/wp\/v2\/media\/7115"}],"wp:attachment":[{"href":"https:\/\/staviori.com.pl\/de\/wp-json\/wp\/v2\/media?parent=15573"}],"wp:term":[{"taxonomy":"product_brand","embeddable":true,"href":"https:\/\/staviori.com.pl\/de\/wp-json\/wp\/v2\/product_brand?post=15573"},{"taxonomy":"product_cat","embeddable":true,"href":"https:\/\/staviori.com.pl\/de\/wp-json\/wp\/v2\/product_cat?post=15573"},{"taxonomy":"product_tag","embeddable":true,"href":"https:\/\/staviori.com.pl\/de\/wp-json\/wp\/v2\/product_tag?post=15573"}],"curies":[{"name":"wp","href":"https:\/\/api.w.org\/{rel}","templated":true}]}}