{"id":15572,"date":"2025-02-24T22:49:11","date_gmt":"2025-02-24T21:49:11","guid":{"rendered":"https:\/\/staviori.com.pl\/product\/bizuteria-inwestycyjna-pierscionek-pzd4029\/"},"modified":"2026-02-11T00:09:19","modified_gmt":"2026-02-10T23:09:19","slug":"bizuteria-inwestycyjna-pierscionek-pzd4029","status":"publish","type":"product","link":"https:\/\/staviori.com.pl\/de\/product\/bizuteria-inwestycyjna-pierscionek-pzd4029\/","title":{"rendered":"Exklusiver | au\u00dfergew\u00f6hnlicher Mondstein, gefasst in 18 Karat Gold und verziert mit 188 Diamanten"},"content":{"rendered":"<p>Model: DSR1652<br \/>\nWaga ok. 10g<\/p>\n<p>Ring.<br \/>\nGelbgold 0,750.<br \/>\n188 Diament\u00f3w, szlif brylantowy, o masie 1,89ct, barwa G-H, czysto\u015b\u0107 SI1.<br \/>\n1 Kamie\u0144 ksi\u0119\u017cycowy, o masie ok. 29ct.<\/p>\n<p>Korona 22&#215;17 mm.<br \/>\nWysoko\u015b\u0107 14.9 mm.<br \/>\nSzeroko\u015b\u0107 obr\u0105czki ok. 4 mm.<\/p>\n<p>Produkt in jeder Gr\u00f6\u00dfe, nur auf Anfrage erh\u00e4ltlich, Lieferzeit ca. 5 Wochen.<\/p>","protected":false},"excerpt":{"rendered":"<p>Imponuj\u0105cy pier\u015bcionek z \u017c\u00f3\u0142tego z\u0142ota pr\u00f3by 0,750, w kt\u00f3rym centralne miejsce zajmuje okaza\u0142y kamie\u0144 ksi\u0119\u017cycowy o masie 29,30 ct. Jego subtelna, mleczna po\u015bwiata przepi\u0119knie kontrastuje z blaskiem 188 diament\u00f3w o \u0142\u0105cznej masie 1,89 ct, kt\u00f3re zdobi\u0105 misternie opracowan\u0105 opraw\u0119. To bi\u017cuteria o wyj\u0105tkowym charakterze \u2013 elegancka, zmys\u0142owa i pe\u0142na blasku. Idealny wyb\u00f3r dla kobiet, kt\u00f3re pragn\u0105 wyr\u00f3\u017cni\u0107 si\u0119 klas\u0105 i oryginalnym stylem.<\/p>","protected":false},"featured_media":7101,"comment_status":"closed","ping_status":"closed","template":"","meta":{"om_disable_all_campaigns":false},"product_brand":[2284],"product_cat":[1803,6741,801],"product_tag":[2337,4923,2296,4928,6734,4149,6390,6736,2280,6738,4108,4708,6737,6739,6735,6532,4387,2522],"class_list":{"0":"post-15572","1":"product","2":"type-product","3":"status-publish","4":"has-post-thumbnail","6":"product_brand-staviori","7":"product_cat-brylanty-exclusive","8":"product_cat-pierscionki-brylanty-exclusive","9":"product_cat-pierscionki","10":"product_tag-2337","11":"product_tag-diamantovy-prsten","12":"product_tag-diamenty","13":"product_tag-diamond-ring","14":"product_tag-dsr1652","15":"product_tag-fine-jewelry","16":"product_tag-gold-18k","17":"product_tag-kamien-ksiezycowy","18":"product_tag-luksusowa-bizuteria","19":"product_tag-moonstone-ring","20":"product_tag-pierscionek","21":"product_tag-pierscionek-z-diamentami","22":"product_tag-pierscionek-z-kamieniem-ksiezycowym","23":"product_tag-prsten-s-mesicnim-kamenem","24":"product_tag-pzd4029","25":"product_tag-yellow-gold-jewelry","26":"product_tag-zloto-0","27":"product_tag-zolte-zloto","28":"pa_barwa-g-h","29":"pa_czystosc-si1","30":"pa_kamien-brylanty","31":"pa_kamien-kamien-ksiezycowy","32":"pa_kolor-zolte","33":"pa_korona-22x17mm","34":"pa_kruszec-zloto","35":"pa_proba-0-750","36":"pa_waga-1050g","37":"pa_wysokosc-14-9mm","39":"first","40":"onbackorder","41":"purchasable","42":"product-type-simple"},"aioseo_notices":[],"_links":{"self":[{"href":"https:\/\/staviori.com.pl\/de\/wp-json\/wp\/v2\/product\/15572","targetHints":{"allow":["GET"]}}],"collection":[{"href":"https:\/\/staviori.com.pl\/de\/wp-json\/wp\/v2\/product"}],"about":[{"href":"https:\/\/staviori.com.pl\/de\/wp-json\/wp\/v2\/types\/product"}],"replies":[{"embeddable":true,"href":"https:\/\/staviori.com.pl\/de\/wp-json\/wp\/v2\/comments?post=15572"}],"wp:featuredmedia":[{"embeddable":true,"href":"https:\/\/staviori.com.pl\/de\/wp-json\/wp\/v2\/media\/7101"}],"wp:attachment":[{"href":"https:\/\/staviori.com.pl\/de\/wp-json\/wp\/v2\/media?parent=15572"}],"wp:term":[{"taxonomy":"product_brand","embeddable":true,"href":"https:\/\/staviori.com.pl\/de\/wp-json\/wp\/v2\/product_brand?post=15572"},{"taxonomy":"product_cat","embeddable":true,"href":"https:\/\/staviori.com.pl\/de\/wp-json\/wp\/v2\/product_cat?post=15572"},{"taxonomy":"product_tag","embeddable":true,"href":"https:\/\/staviori.com.pl\/de\/wp-json\/wp\/v2\/product_tag?post=15572"}],"curies":[{"name":"wp","href":"https:\/\/api.w.org\/{rel}","templated":true}]}}