{"id":15570,"date":"2025-02-24T22:49:11","date_gmt":"2025-02-24T21:49:11","guid":{"rendered":"https:\/\/staviori.com.pl\/product\/bizuteria-inwestycyjna-pierscionek-pzd3945\/"},"modified":"2026-02-11T00:09:19","modified_gmt":"2026-02-10T23:09:19","slug":"bizuteria-inwestycyjna-pierscionek-pzd3945","status":"publish","type":"product","link":"https:\/\/staviori.com.pl\/de\/product\/bizuteria-inwestycyjna-pierscionek-pzd3945\/","title":{"rendered":"Exklusiver Ring mit Diamanten aus 18 Karat Gold"},"content":{"rendered":"<p>Model: PZD3945<br \/>\nGewicht ca. 1,50g<\/p>\n<p>Ring.<br \/>\nGelbgold 0,750.<br \/>\n8 Diament\u00f3w, szlif brylantowy, o masie 0,33ct, barwa G-H, czysto\u015b\u0107 SI1.<\/p>\n<p>Szeroko\u015b\u0107 3-0.85 mm.<br \/>\nWysoko\u015b\u0107 2.4 mm.<\/p>\n<p>Das Steingewicht und der angegebene Preis beziehen sich auf die Gr\u00f6\u00dfe 13.<br \/>\nProdukt in jeder Gr\u00f6\u00dfe, nur auf Anfrage erh\u00e4ltlich, Lieferzeit ca. 5 Wochen.<\/p>","protected":false},"excerpt":{"rendered":"<p>Subtelny, a zarazem ol\u015bniewaj\u0105cy pier\u015bcionek wykonany z 18-karatowego \u017c\u00f3\u0142tego z\u0142ota. Osiem l\u015bni\u0105cych diament\u00f3w o \u0142\u0105cznej masie 0,33 ct zdobi ca\u0142\u0105 obr\u0105czk\u0119, tworz\u0105c efekt nieprzerwanego blasku. Doskona\u0142a harmonia prostoty i elegancji sprawia, \u017ce pier\u015bcionek ten idealnie sprawdzi si\u0119 zar\u00f3wno jako symbol mi\u0142o\u015bci, jak i wyj\u0105tkowy dodatek do codziennych stylizacji.<\/p>","protected":false},"featured_media":7087,"comment_status":"closed","ping_status":"closed","template":"","meta":{"om_disable_all_campaigns":false},"product_brand":[2284],"product_cat":[1803,6741,801],"product_tag":[2338,6746,2798,4993,4928,6076,5595,4708,6728,5018,2522],"class_list":{"0":"post-15570","1":"product","2":"type-product","3":"status-publish","4":"has-post-thumbnail","6":"product_brand-staviori","7":"product_cat-brylanty-exclusive","8":"product_cat-pierscionki-brylanty-exclusive","9":"product_cat-pierscionki","10":"product_tag-18k","11":"product_tag-anillo-de-diamantes","12":"product_tag-bizuteria-staviori","13":"product_tag-diamentowy-pierscionek","14":"product_tag-diamond-ring","15":"product_tag-gold-750","16":"product_tag-gold-jewelry","17":"product_tag-pierscionek-z-diamentami","18":"product_tag-zlaty-prsten","19":"product_tag-zloty-pierscionek","20":"product_tag-zolte-zloto","21":"pa_barwa-g-h","22":"pa_czystosc-si1","23":"pa_kamien-brylanty","24":"pa_kolor-zolte","25":"pa_kruszec-zloto","26":"pa_proba-0-750","27":"pa_szerokosc-3-0-85mm","28":"pa_waga-150g","29":"pa_wysokosc-2-4mm","31":"first","32":"onbackorder","33":"purchasable","34":"product-type-simple"},"aioseo_notices":[],"_links":{"self":[{"href":"https:\/\/staviori.com.pl\/de\/wp-json\/wp\/v2\/product\/15570","targetHints":{"allow":["GET"]}}],"collection":[{"href":"https:\/\/staviori.com.pl\/de\/wp-json\/wp\/v2\/product"}],"about":[{"href":"https:\/\/staviori.com.pl\/de\/wp-json\/wp\/v2\/types\/product"}],"replies":[{"embeddable":true,"href":"https:\/\/staviori.com.pl\/de\/wp-json\/wp\/v2\/comments?post=15570"}],"wp:featuredmedia":[{"embeddable":true,"href":"https:\/\/staviori.com.pl\/de\/wp-json\/wp\/v2\/media\/7087"}],"wp:attachment":[{"href":"https:\/\/staviori.com.pl\/de\/wp-json\/wp\/v2\/media?parent=15570"}],"wp:term":[{"taxonomy":"product_brand","embeddable":true,"href":"https:\/\/staviori.com.pl\/de\/wp-json\/wp\/v2\/product_brand?post=15570"},{"taxonomy":"product_cat","embeddable":true,"href":"https:\/\/staviori.com.pl\/de\/wp-json\/wp\/v2\/product_cat?post=15570"},{"taxonomy":"product_tag","embeddable":true,"href":"https:\/\/staviori.com.pl\/de\/wp-json\/wp\/v2\/product_tag?post=15570"}],"curies":[{"name":"wp","href":"https:\/\/api.w.org\/{rel}","templated":true}]}}