{"id":15568,"date":"2025-02-24T22:49:11","date_gmt":"2025-02-24T21:49:11","guid":{"rendered":"https:\/\/staviori.com.pl\/product\/pierscionek-z-diamentem-pzd3903\/"},"modified":"2026-02-11T00:09:19","modified_gmt":"2026-02-10T23:09:19","slug":"pierscionek-z-diamentem-pzd3903","status":"publish","type":"product","link":"https:\/\/staviori.com.pl\/de\/product\/pierscionek-z-diamentem-pzd3903\/","title":{"rendered":"Herzf\u00f6rmiger Diamant-Verlobungsring"},"content":{"rendered":"<p>Model: PZD3903<br \/>\nWaga ok. 1,10g<\/p>\n<p>Ring.<br \/>\nGelbgold 0,585.<br \/>\n1 Diament, szlif brylantowy, o masie 0,03ct, barwa H, czysto\u015b\u0107 SI1-SI2.<\/p>\n<p>Korona 7.5&#215;4.7 mm.<\/p>\n<p>Pier\u015bcionek zar\u0119czynowy<br \/>\nProdukt w dowolnym rozmiarze i kolorze z\u0142ota dost\u0119pny wy\u0142\u0105cznie na zam\u00f3wienie, czas realizacji ok. 2 tygodnie.<\/p>","protected":false},"excerpt":{"rendered":"<p>Romantyczny pier\u015bcionek zar\u0119czynowy z 14-karatowego z\u0142ota, kt\u00f3rego sercem jest subtelny diament o szlifie brylantowym. Kamie\u0144 osadzony zosta\u0142 w misternie uformowanym motywie serca, symbolizuj\u0105cym mi\u0142o\u015b\u0107 i oddanie. Delikatna forma oraz ponadczasowa elegancja sprawiaj\u0105, \u017ce to idealny wyb\u00f3r na wyj\u0105tkowe o\u015bwiadczyny, a tak\u017ce prezent pe\u0142en uczu\u0107.<\/p>\n<p>Produkt in jeder Gr\u00f6\u00dfe, nur auf Anfrage erh\u00e4ltlich, Lieferzeit ca. 2 Wochen.<\/p>","protected":false},"featured_media":7076,"comment_status":"closed","ping_status":"closed","template":"","meta":{"om_disable_all_campaigns":false},"product_brand":[2284],"product_cat":[1838,2182,801],"product_tag":[4674,5546,5545,4686,4668,5547,5548,5544],"class_list":{"0":"post-15568","1":"product","2":"type-product","3":"status-publish","4":"has-post-thumbnail","6":"product_brand-staviori","7":"product_cat-diamenty","8":"product_cat-pierscionek-z-diamentem","9":"product_cat-pierscionki","10":"product_tag-bizuteria-zareczynowa","11":"product_tag-delikatny-pierscionek-zloty","12":"product_tag-pierscionek-romantyczny","13":"product_tag-pierscionek-z-diamentem","14":"product_tag-pierscionek-zareczynowy","15":"product_tag-pzd3903","16":"product_tag-serce-i-brylant","17":"product_tag-zloty-pierscionek-serce","18":"pa_barwa-h-2","19":"pa_czystosc-si1","20":"pa_dostawca-iza","21":"pa_kamien-brylant","22":"pa_kolor-biale","23":"pa_kolor-rozowe","24":"pa_kolor-zolte","25":"pa_korona-7-5x4-7mm","26":"pa_kruszec-zloto","27":"pa_masa-karatowa-003ct","28":"pa_motyw-serce","29":"pa_proba-0-585","30":"pa_rozmiar-cm","31":"pa_waga-110g","33":"first","34":"onbackorder","35":"purchasable","36":"product-type-simple"},"aioseo_notices":[],"_links":{"self":[{"href":"https:\/\/staviori.com.pl\/de\/wp-json\/wp\/v2\/product\/15568","targetHints":{"allow":["GET"]}}],"collection":[{"href":"https:\/\/staviori.com.pl\/de\/wp-json\/wp\/v2\/product"}],"about":[{"href":"https:\/\/staviori.com.pl\/de\/wp-json\/wp\/v2\/types\/product"}],"replies":[{"embeddable":true,"href":"https:\/\/staviori.com.pl\/de\/wp-json\/wp\/v2\/comments?post=15568"}],"wp:featuredmedia":[{"embeddable":true,"href":"https:\/\/staviori.com.pl\/de\/wp-json\/wp\/v2\/media\/7076"}],"wp:attachment":[{"href":"https:\/\/staviori.com.pl\/de\/wp-json\/wp\/v2\/media?parent=15568"}],"wp:term":[{"taxonomy":"product_brand","embeddable":true,"href":"https:\/\/staviori.com.pl\/de\/wp-json\/wp\/v2\/product_brand?post=15568"},{"taxonomy":"product_cat","embeddable":true,"href":"https:\/\/staviori.com.pl\/de\/wp-json\/wp\/v2\/product_cat?post=15568"},{"taxonomy":"product_tag","embeddable":true,"href":"https:\/\/staviori.com.pl\/de\/wp-json\/wp\/v2\/product_tag?post=15568"}],"curies":[{"name":"wp","href":"https:\/\/api.w.org\/{rel}","templated":true}]}}