{"id":15565,"date":"2025-02-24T22:49:11","date_gmt":"2025-02-24T21:49:11","guid":{"rendered":"https:\/\/staviori.com.pl\/product\/pierscionek-z-diamentem-pzd3663\/"},"modified":"2026-02-11T00:09:19","modified_gmt":"2026-02-10T23:09:19","slug":"pierscionek-z-diamentem-pzd3663","status":"publish","type":"product","link":"https:\/\/staviori.com.pl\/de\/product\/pierscionek-z-diamentem-pzd3663\/","title":{"rendered":"Herzf\u00f6rmiger Diamant-Verlobungsring"},"content":{"rendered":"<p>Model: PZD3663<br \/>\nWaga ok. 1,02g<\/p>\n<p>Ring.<br \/>\n\u017b\u00f3\u0142te, Bia\u0142e Z\u0142oto 0,585.<br \/>\n1 Diament, szlif brylantowy, o masie 0,08ct, barwa H, czysto\u015b\u0107 SI2.<\/p>\n<p>Szeroko\u015b\u0107 obr\u0105czki ok. 1.6 mm.<\/p>\n<p>Pier\u015bcionek zar\u0119czynowy<\/p>\n<p>Dost\u0119pne tylko niekt\u00f3re rozmiary &#8211; w przypadku braku na magazynie:<br \/>\nProdukt w dowolnym rozmiarze i kolorze z\u0142ota dost\u0119pny wy\u0142\u0105cznie na zam\u00f3wienie, czas realizacji ok. 4 tygodnie.<\/p>","protected":false},"excerpt":{"rendered":"<p>Subtelny i pe\u0142en uroku pier\u015bcionek zar\u0119czynowy wykonany z po\u0142\u0105czenia \u017c\u00f3\u0142tego i bia\u0142ego z\u0142ota pr\u00f3by 585. Delikatna obr\u0105czka ozdobiona zosta\u0142a male\u0144kim sercem z b\u0142yszcz\u0105cym diamentem o masie 0,08 ct, kt\u00f3ry symbolizuje trwa\u0142o\u015b\u0107 uczu\u0107 i czyst\u0105 mi\u0142o\u015b\u0107. To romantyczna bi\u017cuteria, kt\u00f3ra w niezwyk\u0142y spos\u00f3b podkre\u015bli wyj\u0105tkowy moment zar\u0119czyn.<\/p>\n<p>Dost\u0119pne tylko niekt\u00f3re rozmiary &#8211; w przypadku braku na magazynie:<br \/>\nProdukt w dowolnym rozmiarze i kolorze z\u0142ota dost\u0119pny wy\u0142\u0105cznie na zam\u00f3wienie, czas realizacji ok. 4 tygodnie.<\/p>","protected":false},"featured_media":15566,"comment_status":"closed","ping_status":"closed","template":"","meta":{"om_disable_all_campaigns":false},"product_brand":[2284],"product_cat":[1838,2182,801],"product_tag":[2308,3097,3690,4673,5552,4686,4668,5551,5018,2522],"class_list":{"0":"post-15565","1":"product","2":"type-product","3":"status-publish","4":"has-post-thumbnail","6":"product_brand-staviori","7":"product_cat-diamenty","8":"product_cat-pierscionek-z-diamentem","9":"product_cat-pierscionki","10":"product_tag-biale-zloto","11":"product_tag-bizuteria-romantyczna","12":"product_tag-elegancki-prezent","13":"product_tag-klasyczny-pierscionek","14":"product_tag-pierscionek-serce","15":"product_tag-pierscionek-z-diamentem","16":"product_tag-pierscionek-zareczynowy","17":"product_tag-pzd3663","18":"product_tag-zloty-pierscionek","19":"product_tag-zolte-zloto","20":"pa_barwa-h-2","21":"pa_czystosc-si2","22":"pa_dostawca-estrella","23":"pa_kamien-brylant","24":"pa_kamien-diament","25":"pa_kolor-zolte","26":"pa_kruszec-zloto","27":"pa_motyw-serce","28":"pa_proba-0-585","29":"pa_rozmiar-2353","30":"pa_rozmiar-2354","31":"pa_szerokosc-obraczki-ok-1-6mm","32":"pa_waga-102g","34":"first","35":"instock","36":"purchasable","37":"product-type-simple"},"aioseo_notices":[],"_links":{"self":[{"href":"https:\/\/staviori.com.pl\/de\/wp-json\/wp\/v2\/product\/15565","targetHints":{"allow":["GET"]}}],"collection":[{"href":"https:\/\/staviori.com.pl\/de\/wp-json\/wp\/v2\/product"}],"about":[{"href":"https:\/\/staviori.com.pl\/de\/wp-json\/wp\/v2\/types\/product"}],"replies":[{"embeddable":true,"href":"https:\/\/staviori.com.pl\/de\/wp-json\/wp\/v2\/comments?post=15565"}],"wp:featuredmedia":[{"embeddable":true,"href":"https:\/\/staviori.com.pl\/de\/wp-json\/wp\/v2\/media\/15566"}],"wp:attachment":[{"href":"https:\/\/staviori.com.pl\/de\/wp-json\/wp\/v2\/media?parent=15565"}],"wp:term":[{"taxonomy":"product_brand","embeddable":true,"href":"https:\/\/staviori.com.pl\/de\/wp-json\/wp\/v2\/product_brand?post=15565"},{"taxonomy":"product_cat","embeddable":true,"href":"https:\/\/staviori.com.pl\/de\/wp-json\/wp\/v2\/product_cat?post=15565"},{"taxonomy":"product_tag","embeddable":true,"href":"https:\/\/staviori.com.pl\/de\/wp-json\/wp\/v2\/product_tag?post=15565"}],"curies":[{"name":"wp","href":"https:\/\/api.w.org\/{rel}","templated":true}]}}