{"id":15552,"date":"2025-02-24T22:49:06","date_gmt":"2025-02-24T21:49:06","guid":{"rendered":"https:\/\/staviori.com.pl\/product\/pierscionek-z-diamentem-pzd1411\/"},"modified":"2026-02-11T00:09:18","modified_gmt":"2026-02-10T23:09:18","slug":"pierscionek-z-diamentem-pzd1411","status":"publish","type":"product","link":"https:\/\/staviori.com.pl\/de\/product\/pierscionek-z-diamentem-pzd1411\/","title":{"rendered":"Diamant-Verlobungsring Gelbgold 585"},"content":{"rendered":"<p>Model: PZD1411<br \/>\nWaga ok. 1,75g<\/p>\n<p>Ring.<br \/>\nGelbgold 0,585.<br \/>\n1 Diament, szlif brylantowy, o masie 0,10ct., barwa H, czysto\u015b\u0107 SI1.<br \/>\nKronen-Durchmesser ca. 4 mm.<br \/>\n2 mm hoch.<\/p>\n<p>Pier\u015bcionek zar\u0119czynowy<br \/>\nProdukt in jeder Gr\u00f6\u00dfe, nur auf Anfrage erh\u00e4ltlich, Lieferzeit ca. 2 Wochen.<\/p>","protected":false},"excerpt":{"rendered":"<p>Delikatny i pe\u0142en wdzi\u0119ku pier\u015bcionek zar\u0119czynowy wykonany z 14-karatowego \u017c\u00f3\u0142tego z\u0142ota. Jego subtelna linia otula brylant o masie 0,10 ct, tworz\u0105c harmonijn\u0105 kompozycj\u0119 elegancji i prostoty. Minimalistyczny design w po\u0142\u0105czeniu z ciep\u0142ym blaskiem z\u0142ota sprawia, \u017ce pier\u015bcionek ten idealnie podkre\u015bla naturalne pi\u0119kno i uczucie, kt\u00f3re symbolizuje.<\/p>","protected":false},"featured_media":21703,"comment_status":"closed","ping_status":"closed","template":"","meta":{"om_disable_all_campaigns":false},"product_brand":[2284],"product_cat":[1838,2182,801],"product_tag":[2383,2798,4928,4906,6298,5595,4686,4668,6728,5018,2522],"class_list":{"0":"post-15552","1":"product","2":"type-product","3":"status-publish","4":"has-post-thumbnail","6":"product_brand-staviori","7":"product_cat-diamenty","8":"product_cat-pierscionek-z-diamentem","9":"product_cat-pierscionki","10":"product_tag-14k","11":"product_tag-bizuteria-staviori","12":"product_tag-diamond-ring","13":"product_tag-engagement-ring","14":"product_tag-gold-585","15":"product_tag-gold-jewelry","16":"product_tag-pierscionek-z-diamentem","17":"product_tag-pierscionek-zareczynowy","18":"product_tag-zlaty-prsten","19":"product_tag-zloty-pierscionek","20":"product_tag-zolte-zloto","21":"pa_barwa-h-2","22":"pa_czystosc-si1","23":"pa_kamien-diament","24":"pa_kolor-zolte","25":"pa_kruszec-zloto","26":"pa_proba-0-585","27":"pa_srednica-korony-ok-4mm","28":"pa_waga-175g","29":"pa_wysokosc-2mm","31":"first","32":"onbackorder","33":"purchasable","34":"product-type-simple"},"aioseo_notices":[],"_links":{"self":[{"href":"https:\/\/staviori.com.pl\/de\/wp-json\/wp\/v2\/product\/15552","targetHints":{"allow":["GET"]}}],"collection":[{"href":"https:\/\/staviori.com.pl\/de\/wp-json\/wp\/v2\/product"}],"about":[{"href":"https:\/\/staviori.com.pl\/de\/wp-json\/wp\/v2\/types\/product"}],"replies":[{"embeddable":true,"href":"https:\/\/staviori.com.pl\/de\/wp-json\/wp\/v2\/comments?post=15552"}],"wp:featuredmedia":[{"embeddable":true,"href":"https:\/\/staviori.com.pl\/de\/wp-json\/wp\/v2\/media\/21703"}],"wp:attachment":[{"href":"https:\/\/staviori.com.pl\/de\/wp-json\/wp\/v2\/media?parent=15552"}],"wp:term":[{"taxonomy":"product_brand","embeddable":true,"href":"https:\/\/staviori.com.pl\/de\/wp-json\/wp\/v2\/product_brand?post=15552"},{"taxonomy":"product_cat","embeddable":true,"href":"https:\/\/staviori.com.pl\/de\/wp-json\/wp\/v2\/product_cat?post=15552"},{"taxonomy":"product_tag","embeddable":true,"href":"https:\/\/staviori.com.pl\/de\/wp-json\/wp\/v2\/product_tag?post=15552"}],"curies":[{"name":"wp","href":"https:\/\/api.w.org\/{rel}","templated":true}]}}