{"id":15550,"date":"2025-02-24T22:49:06","date_gmt":"2025-02-24T21:49:06","guid":{"rendered":"https:\/\/staviori.com.pl\/product\/pierscionek-z-diamentem-pzd1175\/"},"modified":"2026-02-11T00:09:18","modified_gmt":"2026-02-10T23:09:18","slug":"pierscionek-z-diamentem-pzd1175","status":"publish","type":"product","link":"https:\/\/staviori.com.pl\/de\/product\/pierscionek-z-diamentem-pzd1175\/","title":{"rendered":"verflochtener Ring aus zweifarbigem Gold mit Diamanten"},"content":{"rendered":"<p>Model: PZD1175<br \/>\nWaga ok. 3,60g<\/p>\n<p>Ring.<br \/>\n\u017b\u00f3\u0142te, Bia\u0142e Z\u0142oto 0,585.<br \/>\n14 Diament\u00f3w, szlif brylantowy, o masie 0,07ct, barwa H, czysto\u015b\u0107 I1.<br \/>\nSzeroko\u015b\u0107 7 mm.<\/p>\n<p>W przypadku braku na magazynie &#8211; produkt dost\u0119pny wy\u0142\u0105cznie na zam\u00f3wienie.<br \/>\nTermin realizacji oko\u0142o 4 tygodnie.<\/p>","protected":false},"excerpt":{"rendered":"<p>Stylowy pier\u015bcionek wykonany z \u017c\u00f3\u0142tego i bia\u0142ego z\u0142ota 14k, kt\u00f3rego wyj\u0105tkowa forma przyci\u0105ga wzrok eleganckim splotem. Powierzchnia zdobiona czternastoma l\u015bni\u0105cymi diamentami o brylantowym szlifie subtelnie roz\u015bwietla ca\u0142o\u015b\u0107, podkre\u015blaj\u0105c nowoczesny i luksusowy charakter bi\u017cuterii. To doskona\u0142y wyb\u00f3r dla kobiet ceni\u0105cych elegancj\u0119 w niebanalnym wydaniu.<\/p>\n<p>W przypadku braku na magazynie &#8211; produkt dost\u0119pny wy\u0142\u0105cznie na zam\u00f3wienie.<br \/>\nTermin realizacji oko\u0142o 4 tygodnie.<\/p>","protected":false},"featured_media":20753,"comment_status":"closed","ping_status":"closed","template":"","meta":{"om_disable_all_campaigns":false},"product_brand":[2284],"product_cat":[1838,2182,801],"product_tag":[2280,5536,5537,5538,4708,5257,5539],"class_list":{"0":"post-15550","1":"product","2":"type-product","3":"status-publish","4":"has-post-thumbnail","6":"product_brand-staviori","7":"product_cat-diamenty","8":"product_cat-pierscionek-z-diamentem","9":"product_cat-pierscionki","10":"product_tag-luksusowa-bizuteria","11":"product_tag-pierscionek-biale-i-zolte-zloto","12":"product_tag-pierscionek-elegancki","13":"product_tag-pierscionek-splot","14":"product_tag-pierscionek-z-diamentami","15":"product_tag-pierscionek-zloty","16":"product_tag-pzd1175","17":"pa_barwa-h-2","18":"pa_czystosc-i1","19":"pa_dostawca-estrella","20":"pa_kamien-brylanty","21":"pa_kolor-zolte","22":"pa_kruszec-zloto","23":"pa_proba-0-585","24":"pa_rozmiar-2352","25":"pa_szerokosc-7mm","26":"pa_waga-360g","28":"first","29":"instock","30":"purchasable","31":"product-type-simple"},"aioseo_notices":[],"_links":{"self":[{"href":"https:\/\/staviori.com.pl\/de\/wp-json\/wp\/v2\/product\/15550","targetHints":{"allow":["GET"]}}],"collection":[{"href":"https:\/\/staviori.com.pl\/de\/wp-json\/wp\/v2\/product"}],"about":[{"href":"https:\/\/staviori.com.pl\/de\/wp-json\/wp\/v2\/types\/product"}],"replies":[{"embeddable":true,"href":"https:\/\/staviori.com.pl\/de\/wp-json\/wp\/v2\/comments?post=15550"}],"wp:featuredmedia":[{"embeddable":true,"href":"https:\/\/staviori.com.pl\/de\/wp-json\/wp\/v2\/media\/20753"}],"wp:attachment":[{"href":"https:\/\/staviori.com.pl\/de\/wp-json\/wp\/v2\/media?parent=15550"}],"wp:term":[{"taxonomy":"product_brand","embeddable":true,"href":"https:\/\/staviori.com.pl\/de\/wp-json\/wp\/v2\/product_brand?post=15550"},{"taxonomy":"product_cat","embeddable":true,"href":"https:\/\/staviori.com.pl\/de\/wp-json\/wp\/v2\/product_cat?post=15550"},{"taxonomy":"product_tag","embeddable":true,"href":"https:\/\/staviori.com.pl\/de\/wp-json\/wp\/v2\/product_tag?post=15550"}],"curies":[{"name":"wp","href":"https:\/\/api.w.org\/{rel}","templated":true}]}}