{"id":15547,"date":"2025-02-24T22:49:06","date_gmt":"2025-02-24T21:49:06","guid":{"rendered":"https:\/\/staviori.com.pl\/product\/pierscionek-z-diamentem-pzd06625\/"},"modified":"2026-02-11T00:09:18","modified_gmt":"2026-02-10T23:09:18","slug":"pierscionek-z-diamentem-pzd06625","status":"publish","type":"product","link":"https:\/\/staviori.com.pl\/de\/product\/pierscionek-z-diamentem-pzd06625\/","title":{"rendered":"Exklusiv | Verlobungsring mit 0,50ct Diamant"},"content":{"rendered":"<p>Model: PZD06625<br \/>\nWaga ok. 4,40g<\/p>\n<p>Ring.<br \/>\nGelbgold 0,585.<br \/>\n1 Diament, szlif brylantowy, o masie 0,50ct, barwa H, czysto\u015b\u0107 SI1.<\/p>\n<p>Szeroko\u015b\u0107 obr\u0105czki ok. 6-1.8 mm.<br \/>\nKorona 6&#215;7 mm.<br \/>\nH\u00f6he 4 mm.<\/p>\n<p>Produkt w dowolnym rozmiarze i kolorze dost\u0119pny wy\u0142\u0105cznie na zam\u00f3wienie, czas realizacji ok. 5 tygodni.<br \/>\nMo\u017cliwa zmiana parametr\u00f3w diamentu &#8211; r\u00f3wnie\u017c mo\u017cliwy diament laboratoryjny.<\/p>","protected":false},"excerpt":{"rendered":"<p>Wyj\u0105tkowy pier\u015bcionek zar\u0119czynowy z \u017c\u00f3\u0142tego z\u0142ota 14k, ozdobiony diamentem o masie 0,50 ct w szlifie brylantowym. Jego nowoczesna, oplataj\u0105ca oprawa nadaje ca\u0142o\u015bci niepowtarzalnego charakteru, \u0142\u0105cz\u0105c elegancj\u0119 z odrobin\u0105 artystycznej finezji. To bi\u017cuteria, kt\u00f3ra podkre\u015bla indywidualno\u015b\u0107 i pi\u0119kno ka\u017cdej kobiety, staj\u0105c si\u0119 niezapomnianym symbolem mi\u0142o\u015bci.<\/p>","protected":false},"featured_media":6883,"comment_status":"closed","ping_status":"closed","template":"","meta":{"om_disable_all_campaigns":false},"product_brand":[2284],"product_cat":[1803,1838,2182,801],"product_tag":[4674,4672,5531,4686,4668,5018,2599],"class_list":{"0":"post-15547","1":"product","2":"type-product","3":"status-publish","4":"has-post-thumbnail","6":"product_brand-staviori","7":"product_cat-brylanty-exclusive","8":"product_cat-diamenty","9":"product_cat-pierscionek-z-diamentem","10":"product_cat-pierscionki","11":"product_tag-bizuteria-zareczynowa","12":"product_tag-elegancki-pierscionek","13":"product_tag-pierscionek-oplatany","14":"product_tag-pierscionek-z-diamentem","15":"product_tag-pierscionek-zareczynowy","16":"product_tag-zloty-pierscionek","17":"product_tag-zolte-zloto-585","18":"pa_barwa-h-2","19":"pa_czystosc-si1","20":"pa_dostawca-draco","21":"pa_kamien-brylant","22":"pa_kolor-zolte","23":"pa_korona-6x7mm","24":"pa_kruszec-zloto","25":"pa_proba-0-585","26":"pa_szerokosc-obraczki-ok-6-1-8mm","27":"pa_waga-440g","29":"first","30":"onbackorder","31":"purchasable","32":"product-type-simple"},"aioseo_notices":[],"_links":{"self":[{"href":"https:\/\/staviori.com.pl\/de\/wp-json\/wp\/v2\/product\/15547","targetHints":{"allow":["GET"]}}],"collection":[{"href":"https:\/\/staviori.com.pl\/de\/wp-json\/wp\/v2\/product"}],"about":[{"href":"https:\/\/staviori.com.pl\/de\/wp-json\/wp\/v2\/types\/product"}],"replies":[{"embeddable":true,"href":"https:\/\/staviori.com.pl\/de\/wp-json\/wp\/v2\/comments?post=15547"}],"wp:featuredmedia":[{"embeddable":true,"href":"https:\/\/staviori.com.pl\/de\/wp-json\/wp\/v2\/media\/6883"}],"wp:attachment":[{"href":"https:\/\/staviori.com.pl\/de\/wp-json\/wp\/v2\/media?parent=15547"}],"wp:term":[{"taxonomy":"product_brand","embeddable":true,"href":"https:\/\/staviori.com.pl\/de\/wp-json\/wp\/v2\/product_brand?post=15547"},{"taxonomy":"product_cat","embeddable":true,"href":"https:\/\/staviori.com.pl\/de\/wp-json\/wp\/v2\/product_cat?post=15547"},{"taxonomy":"product_tag","embeddable":true,"href":"https:\/\/staviori.com.pl\/de\/wp-json\/wp\/v2\/product_tag?post=15547"}],"curies":[{"name":"wp","href":"https:\/\/api.w.org\/{rel}","templated":true}]}}