{"id":15539,"date":"2025-02-24T22:49:06","date_gmt":"2025-02-24T21:49:06","guid":{"rendered":"https:\/\/staviori.com.pl\/product\/zloty-pierscionek-pzc6664s\/"},"modified":"2026-04-08T21:38:39","modified_gmt":"2026-04-08T19:38:39","slug":"zloty-pierscionek-pzc6664s","status":"publish","type":"product","link":"https:\/\/staviori.com.pl\/de\/product\/zloty-pierscionek-pzc6664s\/","title":{"rendered":"Pier\u015bcionek z \u017c\u00f3\u0142tego z\u0142ota z szafirem 0,50ct"},"content":{"rendered":"<p>Model: PZC6664S<br \/>\nWaga ok. 1,33g<\/p>\n<p>Ring.<br \/>\nGelbgold 0,585.<br \/>\n1 Szafir, o masie 0,50ct.<br \/>\nWymiary kamieni ok. 5&#215;4 mm.<\/p>\n<p>Dost\u0119pne tylko niekt\u00f3re rozmiary &#8211; prosimy sprawdza\u0107 \/ pyta\u0107.<br \/>\nZwykle dost\u0119pny na zam\u00f3wienie w terminie oko\u0142o 1 tygodnia.<br \/>\nW przypadku zainteresowania niestandardowym rozmiarem, prosimy o kontakt.<\/p>\n<p>Pi\u0119kny, subtelny pier\u015bcionek wykonany ze z\u0142ota, ozdobiony p\u00f3\u0142karatowym szafirem.<br \/>\nIdealny na co dzie\u0144.<\/p>","protected":false},"excerpt":{"rendered":"<p>Elegancki pier\u015bcionek z \u017c\u00f3\u0142tego z\u0142ota 14k, ozdobiony szafirem o masie 0,50ct w kszta\u0142cie owalnym. G\u0142\u0119boki, granatowy odcie\u0144 kamienia pi\u0119knie kontrastuje z ciep\u0142ym blaskiem z\u0142ota, tworz\u0105c wyj\u0105tkowo harmonijn\u0105 ca\u0142o\u015b\u0107. Subtelny, a jednocze\u015bnie wyrazisty \u2013 doskona\u0142y zar\u00f3wno do codziennych stylizacji, jak i na szczeg\u00f3lne okazje.<\/p>\n<p>Zwykle dost\u0119pny na zam\u00f3wienie w terminie oko\u0142o 1 tygodnia.<br \/>\nW przypadku zainteresowania niestandardowym rozmiarem, prosimy o kontakt.<\/p>","protected":false},"featured_media":15540,"comment_status":"closed","ping_status":"closed","template":"","meta":{"om_disable_all_campaigns":false},"product_brand":[2284,2350],"product_cat":[6752,801,1930,2204],"product_tag":[2792,4672,5524,4685,2607,5018,2599],"class_list":{"0":"post-15539","1":"product","2":"type-product","3":"status-publish","4":"has-post-thumbnail","6":"product_brand-staviori","7":"product_brand-verona","8":"product_cat-kolekcja-staviori-must-have","9":"product_cat-pierscionki","10":"product_cat-zloto-2","11":"product_cat-zloty-pierscionek","12":"product_tag-bizuteria-z-szafirem","13":"product_tag-elegancki-pierscionek","14":"product_tag-pierscionek-z-kamieniem-szlachetnym","15":"product_tag-pierscionek-z-szafirem","16":"product_tag-subtelna-bizuteria","17":"product_tag-zloty-pierscionek","18":"product_tag-zolte-zloto-585","19":"pa_kamien-szafir","20":"pa_kolor-zolte","21":"pa_kruszec-zloto","22":"pa_proba-0-585","23":"pa_rozmiar-2353","24":"pa_rozmiar-2356","25":"pa_waga-133g","26":"pa_wymiary-kamieni-ok-5x4mm","28":"first","29":"instock","30":"purchasable","31":"product-type-simple"},"aioseo_notices":[],"_links":{"self":[{"href":"https:\/\/staviori.com.pl\/de\/wp-json\/wp\/v2\/product\/15539","targetHints":{"allow":["GET"]}}],"collection":[{"href":"https:\/\/staviori.com.pl\/de\/wp-json\/wp\/v2\/product"}],"about":[{"href":"https:\/\/staviori.com.pl\/de\/wp-json\/wp\/v2\/types\/product"}],"replies":[{"embeddable":true,"href":"https:\/\/staviori.com.pl\/de\/wp-json\/wp\/v2\/comments?post=15539"}],"wp:featuredmedia":[{"embeddable":true,"href":"https:\/\/staviori.com.pl\/de\/wp-json\/wp\/v2\/media\/15540"}],"wp:attachment":[{"href":"https:\/\/staviori.com.pl\/de\/wp-json\/wp\/v2\/media?parent=15539"}],"wp:term":[{"taxonomy":"product_brand","embeddable":true,"href":"https:\/\/staviori.com.pl\/de\/wp-json\/wp\/v2\/product_brand?post=15539"},{"taxonomy":"product_cat","embeddable":true,"href":"https:\/\/staviori.com.pl\/de\/wp-json\/wp\/v2\/product_cat?post=15539"},{"taxonomy":"product_tag","embeddable":true,"href":"https:\/\/staviori.com.pl\/de\/wp-json\/wp\/v2\/product_tag?post=15539"}],"curies":[{"name":"wp","href":"https:\/\/api.w.org\/{rel}","templated":true}]}}