{"id":15516,"date":"2025-02-24T22:49:06","date_gmt":"2025-02-24T21:49:06","guid":{"rendered":"https:\/\/staviori.com.pl\/product\/zloty-pierscionek-pzc6600\/"},"modified":"2026-03-18T09:35:47","modified_gmt":"2026-03-18T08:35:47","slug":"zloty-pierscionek-pzc6600","status":"publish","type":"product","link":"https:\/\/staviori.com.pl\/de\/product\/zloty-pierscionek-pzc6600\/","title":{"rendered":"Ring mit Ametrin und Diamanten"},"content":{"rendered":"<p>Model: PZC6600<br \/>\nWaga ok. 1,55g<\/p>\n<p>Ring.<br \/>\nGelbgold 0,585.<br \/>\n2 Diamenty, szlif achtkant, o masie 0,03ct, barwa H, czysto\u015b\u0107 I1-I2.<br \/>\n1 Ametryn, o masie 0,70ct.<\/p>\n<p>Nur einige Gr\u00f6\u00dfen verf\u00fcgbar - bitte anfragen<br \/>\nProdukt dost\u0119pny na zam\u00f3wienie &#8211; termin realizacji oko\u0142o 1 tydzie\u0144<\/p>","protected":false},"excerpt":{"rendered":"<p>Elegancki pier\u015bcionek z \u017c\u00f3\u0142tego z\u0142ota 14k, ozdobiony ametrynem o masie 0,70ct w szlifie prostok\u0105tnym. Subtelne diamenty w szlifie achtkant dodaj\u0105 mu blasku i podkre\u015blaj\u0105 niezwyk\u0142\u0105 gr\u0119 barw kamienia, \u0142\u0105cz\u0105cego odcienie fioletu i \u017c\u00f3\u0142ci. To wyj\u0105tkowa bi\u017cuteria, kt\u00f3ra urzeka oryginalnym charakterem i ponadczasow\u0105 elegancj\u0105.<\/p>\n<p>Nur einige Gr\u00f6\u00dfen verf\u00fcgbar - bitte anfragen<br \/>\nW przepadku braku rozmiaru na stanie &#8211; termin realizacji oko\u0142o 1 tydzie\u0144.<\/p>","protected":false},"featured_media":15517,"comment_status":"closed","ping_status":"closed","template":"","meta":{"om_disable_all_campaigns":false},"product_brand":[2284,2350],"product_cat":[801,1930,2204],"product_tag":[2689,4672,5526,4708,5528,5529,2607,5018,2599],"class_list":{"0":"post-15516","1":"product","2":"type-product","3":"status-publish","4":"has-post-thumbnail","6":"product_brand-staviori","7":"product_brand-verona","8":"product_cat-pierscionki","9":"product_cat-zloto-2","10":"product_cat-zloty-pierscionek","11":"product_tag-bizuteria-z-kamieniami-szlachetnymi","12":"product_tag-elegancki-pierscionek","13":"product_tag-pierscionek-z-ametrynem","14":"product_tag-pierscionek-z-diamentami","15":"product_tag-pz20184","16":"product_tag-pzc6600","17":"product_tag-subtelna-bizuteria","18":"product_tag-zloty-pierscionek","19":"product_tag-zolte-zloto-585","20":"pa_barwa-h-2","21":"pa_czystosc-i1","22":"pa_kamien-diamenty","23":"pa_kamien-ametryn","24":"pa_kolor-zolte","25":"pa_kruszec-zloto","26":"pa_proba-0-585","27":"pa_rozmiar-2353","28":"pa_rozmiar-2354","29":"pa_rozmiar-2355","30":"pa_rozmiar-2356","31":"pa_rozmiar-2357","32":"pa_rozmiar-2358","33":"pa_rozmiar-2359","34":"pa_rozmiar-2360","35":"pa_waga-156g","37":"first","38":"onbackorder","39":"purchasable","40":"product-type-simple"},"aioseo_notices":[],"_links":{"self":[{"href":"https:\/\/staviori.com.pl\/de\/wp-json\/wp\/v2\/product\/15516","targetHints":{"allow":["GET"]}}],"collection":[{"href":"https:\/\/staviori.com.pl\/de\/wp-json\/wp\/v2\/product"}],"about":[{"href":"https:\/\/staviori.com.pl\/de\/wp-json\/wp\/v2\/types\/product"}],"replies":[{"embeddable":true,"href":"https:\/\/staviori.com.pl\/de\/wp-json\/wp\/v2\/comments?post=15516"}],"wp:featuredmedia":[{"embeddable":true,"href":"https:\/\/staviori.com.pl\/de\/wp-json\/wp\/v2\/media\/15517"}],"wp:attachment":[{"href":"https:\/\/staviori.com.pl\/de\/wp-json\/wp\/v2\/media?parent=15516"}],"wp:term":[{"taxonomy":"product_brand","embeddable":true,"href":"https:\/\/staviori.com.pl\/de\/wp-json\/wp\/v2\/product_brand?post=15516"},{"taxonomy":"product_cat","embeddable":true,"href":"https:\/\/staviori.com.pl\/de\/wp-json\/wp\/v2\/product_cat?post=15516"},{"taxonomy":"product_tag","embeddable":true,"href":"https:\/\/staviori.com.pl\/de\/wp-json\/wp\/v2\/product_tag?post=15516"}],"curies":[{"name":"wp","href":"https:\/\/api.w.org\/{rel}","templated":true}]}}