{"id":15483,"date":"2025-02-24T22:49:02","date_gmt":"2025-02-24T21:49:02","guid":{"rendered":"https:\/\/staviori.com.pl\/product\/zloty-pierscionek-pzc4708\/"},"modified":"2026-03-18T08:47:46","modified_gmt":"2026-03-18T07:47:46","slug":"zloty-pierscionek-pzc4708","status":"publish","type":"product","link":"https:\/\/staviori.com.pl\/de\/product\/zloty-pierscionek-pzc4708\/","title":{"rendered":"333 Gelbgoldring mit Zirkonen PZC4708"},"content":{"rendered":"<p>Model: PXC4708<br \/>\nWaga ok. 2,20g<\/p>\n<p>Ring.<br \/>\nGelbgold 0,333.<br \/>\nZirkoniumdioxid.<br \/>\nSzeroko\u015b\u0107 obr\u0105czki ok. 2.7-6 mm.<\/p>\n<p>Dost\u0119pne tylko niekt\u00f3re rozmiary &#8211; w wi\u0119kszo\u015bci na zam\u00f3wienie w terminie 1 tygodnia.<\/p>","protected":false},"excerpt":{"rendered":"<p>Efektowny pier\u015bcionek z \u017c\u00f3\u0142tego z\u0142ota pr\u00f3by 0,333, kt\u00f3rego elegancki charakter podkre\u015bla pas cyrkonii osadzonych w bia\u0142ym z\u0142ocie. Geometryczna forma z delikatnym wyci\u0119ciem oraz pojedyncz\u0105 cyrkoni\u0105 w g\u0142adkiej oprawie nadaje mu nowoczesnego stylu i niepowtarzalnego charakteru. To doskona\u0142y wyb\u00f3r dla kobiet, kt\u00f3re lubi\u0105 \u0142\u0105czy\u0107 klasyk\u0119 z nut\u0105 wsp\u00f3\u0142czesnego designu.<\/p>\n<p>Dost\u0119pne tylko niekt\u00f3re rozmiary &#8211; w wi\u0119kszo\u015bci na zam\u00f3wienie w terminie 1 tygodnia.<\/p>","protected":false},"featured_media":20620,"comment_status":"closed","ping_status":"closed","template":"","meta":{"om_disable_all_campaigns":false},"product_brand":[2284,2350],"product_cat":[801,1930,2204],"product_tag":[5516,2956,4672,5517,5222,4757,5166,5515,5513,5514,2522],"class_list":{"0":"post-15483","1":"product","2":"type-product","3":"status-publish","4":"has-post-thumbnail","6":"product_brand-staviori","7":"product_brand-verona","8":"product_cat-pierscionki","9":"product_cat-zloto-2","10":"product_cat-zloty-pierscionek","11":"product_tag-bialy-akcent","12":"product_tag-codzienna-bizuteria","13":"product_tag-elegancki-pierscionek","14":"product_tag-geometryczna-forma","15":"product_tag-modna-bizuteria","16":"product_tag-nowoczesny-pierscionek","17":"product_tag-pierscionek-z-cyrkoniami","18":"product_tag-px02120","19":"product_tag-pxc4708","20":"product_tag-pzc4708","21":"product_tag-zolte-zloto","22":"pa_kamien-cyrkonia","23":"pa_kolor-zolte","24":"pa_kruszec-zloto","25":"pa_proba-0-333","26":"pa_rozmiar-2351","27":"pa_rozmiar-2352","28":"pa_rozmiar-2353","29":"pa_rozmiar-2354","30":"pa_rozmiar-2355","31":"pa_rozmiar-2356","32":"pa_rozmiar-2357","33":"pa_rozmiar-2358","34":"pa_rozmiar-2359","35":"pa_rozmiar-2360","36":"pa_szerokosc-obraczki-ok-2-7-6mm","37":"pa_waga-220g","39":"first","40":"instock","41":"purchasable","42":"product-type-simple"},"aioseo_notices":[],"_links":{"self":[{"href":"https:\/\/staviori.com.pl\/de\/wp-json\/wp\/v2\/product\/15483","targetHints":{"allow":["GET"]}}],"collection":[{"href":"https:\/\/staviori.com.pl\/de\/wp-json\/wp\/v2\/product"}],"about":[{"href":"https:\/\/staviori.com.pl\/de\/wp-json\/wp\/v2\/types\/product"}],"replies":[{"embeddable":true,"href":"https:\/\/staviori.com.pl\/de\/wp-json\/wp\/v2\/comments?post=15483"}],"wp:featuredmedia":[{"embeddable":true,"href":"https:\/\/staviori.com.pl\/de\/wp-json\/wp\/v2\/media\/20620"}],"wp:attachment":[{"href":"https:\/\/staviori.com.pl\/de\/wp-json\/wp\/v2\/media?parent=15483"}],"wp:term":[{"taxonomy":"product_brand","embeddable":true,"href":"https:\/\/staviori.com.pl\/de\/wp-json\/wp\/v2\/product_brand?post=15483"},{"taxonomy":"product_cat","embeddable":true,"href":"https:\/\/staviori.com.pl\/de\/wp-json\/wp\/v2\/product_cat?post=15483"},{"taxonomy":"product_tag","embeddable":true,"href":"https:\/\/staviori.com.pl\/de\/wp-json\/wp\/v2\/product_tag?post=15483"}],"curies":[{"name":"wp","href":"https:\/\/api.w.org\/{rel}","templated":true}]}}