{"id":15467,"date":"2025-02-24T22:49:02","date_gmt":"2025-02-24T21:49:02","guid":{"rendered":"https:\/\/staviori.com.pl\/product\/pierscionek-z-diamentem-pxd6545\/"},"modified":"2026-03-16T06:53:16","modified_gmt":"2026-03-16T05:53:16","slug":"pierscionek-z-diamentem-pxd6545","status":"publish","type":"product","link":"https:\/\/staviori.com.pl\/de\/product\/pierscionek-z-diamentem-pxd6545\/","title":{"rendered":"Ring aus Gelb- und Wei\u00dfgold mit Diamanten"},"content":{"rendered":"<p>Model: PXD6545<br \/>\nWaga ok. 2,38g<\/p>\n<p>Ring.<br \/>\n\u017b\u00f3\u0142te, Bia\u0142e Z\u0142oto 0,585.<br \/>\n17 Diament\u00f3w, szlif achtkant, o masie 0,077ct, barwa H, czysto\u015b\u0107 I1.<\/p>\n<p>Nur einige Gr\u00f6\u00dfen verf\u00fcgbar - bitte anfragen<br \/>\nWi\u0119kszo\u015b\u0107 dost\u0119pna na zam\u00f3wienie w terminie do 1 tygodnia.<\/p>","protected":false},"excerpt":{"rendered":"<p>Nowoczesny pier\u015bcionek wykonany z po\u0142\u0105czenia \u017c\u00f3\u0142tego i bia\u0142ego z\u0142ota pr\u00f3by 0,585, kt\u00f3ry zachwyca oryginaln\u0105 form\u0105 i subtelnym blaskiem. Przeplataj\u0105ce si\u0119 pasy z\u0142ota tworz\u0105 dynamiczny, a zarazem elegancki wz\u00f3r, wzbogacony 17 diamentami o \u0142\u0105cznej masie 0,077 ct. Ten model to idealna propozycja dla kobiet ceni\u0105cych niebanalne wzornictwo, w kt\u00f3rym klasyka spotyka si\u0119 z nowoczesno\u015bci\u0105.<\/p>\n<p>Nur einige Gr\u00f6\u00dfen verf\u00fcgbar - bitte anfragen<br \/>\nWi\u0119kszo\u015b\u0107 dost\u0119pna na zam\u00f3wienie w terminie do 1 tygodnia.<\/p>","protected":false},"featured_media":15468,"comment_status":"closed","ping_status":"closed","template":"","meta":{"om_disable_all_campaigns":false},"product_brand":[2284,2350],"product_cat":[1838,2182,801],"product_tag":[5520,4672,5521,2569,4708,2291,5518,5519,5018,3589],"class_list":{"0":"post-15467","1":"product","2":"type-product","3":"status-publish","4":"has-post-thumbnail","6":"product_brand-staviori","7":"product_brand-verona","8":"product_cat-diamenty","9":"product_cat-pierscionek-z-diamentem","10":"product_cat-pierscionki","11":"product_tag-crossover-design","12":"product_tag-elegancki-pierscionek","13":"product_tag-klasyka-i-nowoczesnosc","14":"product_tag-nowoczesna-bizuteria","15":"product_tag-pierscionek-z-diamentami","16":"product_tag-prezent-dla-niej","17":"product_tag-pxd6545","18":"product_tag-pz19909","19":"product_tag-zloty-pierscionek","20":"product_tag-zolte-i-biale-zloto","21":"pa_barwa-h-2","22":"pa_czystosc-i1","23":"pa_kamien-diamenty","24":"pa_kolor-zolte","25":"pa_kruszec-zloto","26":"pa_proba-0-585","27":"pa_rozmiar-2353","28":"pa_rozmiar-2355","29":"pa_rozmiar-2356","30":"pa_rozmiar-2358","31":"pa_szlif-achtkant","32":"pa_waga-230g","34":"first","35":"onbackorder","36":"purchasable","37":"product-type-simple"},"aioseo_notices":[],"_links":{"self":[{"href":"https:\/\/staviori.com.pl\/de\/wp-json\/wp\/v2\/product\/15467","targetHints":{"allow":["GET"]}}],"collection":[{"href":"https:\/\/staviori.com.pl\/de\/wp-json\/wp\/v2\/product"}],"about":[{"href":"https:\/\/staviori.com.pl\/de\/wp-json\/wp\/v2\/types\/product"}],"replies":[{"embeddable":true,"href":"https:\/\/staviori.com.pl\/de\/wp-json\/wp\/v2\/comments?post=15467"}],"wp:featuredmedia":[{"embeddable":true,"href":"https:\/\/staviori.com.pl\/de\/wp-json\/wp\/v2\/media\/15468"}],"wp:attachment":[{"href":"https:\/\/staviori.com.pl\/de\/wp-json\/wp\/v2\/media?parent=15467"}],"wp:term":[{"taxonomy":"product_brand","embeddable":true,"href":"https:\/\/staviori.com.pl\/de\/wp-json\/wp\/v2\/product_brand?post=15467"},{"taxonomy":"product_cat","embeddable":true,"href":"https:\/\/staviori.com.pl\/de\/wp-json\/wp\/v2\/product_cat?post=15467"},{"taxonomy":"product_tag","embeddable":true,"href":"https:\/\/staviori.com.pl\/de\/wp-json\/wp\/v2\/product_tag?post=15467"}],"curies":[{"name":"wp","href":"https:\/\/api.w.org\/{rel}","templated":true}]}}