{"id":15459,"date":"2025-02-24T22:49:02","date_gmt":"2025-02-24T21:49:02","guid":{"rendered":"https:\/\/staviori.com.pl\/product\/pierscionek-z-diamentem-pxd5829\/"},"modified":"2026-02-11T00:09:52","modified_gmt":"2026-02-10T23:09:52","slug":"pierscionek-z-diamentem-pxd5829","status":"publish","type":"product","link":"https:\/\/staviori.com.pl\/de\/product\/pierscionek-z-diamentem-pxd5829\/","title":{"rendered":"Zarter Ring mit 0,01ct Diamant"},"content":{"rendered":"<p>Model: PXD5829<br \/>\nGewicht ca. 0,80g<\/p>\n<p>Ring.<br \/>\nGelbgold 0,585.<br \/>\n1 Diament, szlif brylantowy, o masie 0,01ct, barwa I-J, czysto\u015b\u0107 I1.<\/p>\n<p>Nur einige Gr\u00f6\u00dfen verf\u00fcgbar - bitte anfragen<\/p>","protected":false},"excerpt":{"rendered":"<p>Subtelny pier\u015bcionek z \u017c\u00f3\u0142tego z\u0142ota 14k, ozdobiony male\u0144kim diamentem o szlifie brylantowym. Delikatna forma i klasyczny blask czyni\u0105 go idealnym wyborem dla kobiet ceni\u0105cych minimalistyczn\u0105 bi\u017cuteri\u0119. Doskonale sprawdzi si\u0119 jako symbol mi\u0142o\u015bci, prezent na wyj\u0105tkow\u0105 okazj\u0119 lub codzienna ozdoba d\u0142oni.<\/p>","protected":false},"featured_media":6809,"comment_status":"closed","ping_status":"closed","template":"","meta":{"om_disable_all_campaigns":false},"product_brand":[2284],"product_cat":[1838,2182,801],"product_tag":[2543,4679,3690,4686,5522,5018,2599],"class_list":{"0":"post-15459","1":"product","2":"type-product","3":"status-publish","4":"has-post-thumbnail","6":"product_brand-staviori","7":"product_cat-diamenty","8":"product_cat-pierscionek-z-diamentem","9":"product_cat-pierscionki","10":"product_tag-bizuteria-zlota","11":"product_tag-delikatny-pierscionek","12":"product_tag-elegancki-prezent","13":"product_tag-pierscionek-z-diamentem","14":"product_tag-pierscionek-zareczynowy-minimalistyczny","15":"product_tag-zloty-pierscionek","16":"product_tag-zolte-zloto-585","17":"pa_barwa-i-j","18":"pa_czystosc-i1","19":"pa_kamien-brylant","20":"pa_kolor-zolte","21":"pa_kruszec-zloto","22":"pa_proba-0-585","23":"pa_rozmiar-4355","24":"pa_waga-080g","26":"first","27":"instock","28":"sale","29":"purchasable","30":"product-type-variable","31":"has-default-attributes"},"aioseo_notices":[],"_links":{"self":[{"href":"https:\/\/staviori.com.pl\/de\/wp-json\/wp\/v2\/product\/15459","targetHints":{"allow":["GET"]}}],"collection":[{"href":"https:\/\/staviori.com.pl\/de\/wp-json\/wp\/v2\/product"}],"about":[{"href":"https:\/\/staviori.com.pl\/de\/wp-json\/wp\/v2\/types\/product"}],"replies":[{"embeddable":true,"href":"https:\/\/staviori.com.pl\/de\/wp-json\/wp\/v2\/comments?post=15459"}],"wp:featuredmedia":[{"embeddable":true,"href":"https:\/\/staviori.com.pl\/de\/wp-json\/wp\/v2\/media\/6809"}],"wp:attachment":[{"href":"https:\/\/staviori.com.pl\/de\/wp-json\/wp\/v2\/media?parent=15459"}],"wp:term":[{"taxonomy":"product_brand","embeddable":true,"href":"https:\/\/staviori.com.pl\/de\/wp-json\/wp\/v2\/product_brand?post=15459"},{"taxonomy":"product_cat","embeddable":true,"href":"https:\/\/staviori.com.pl\/de\/wp-json\/wp\/v2\/product_cat?post=15459"},{"taxonomy":"product_tag","embeddable":true,"href":"https:\/\/staviori.com.pl\/de\/wp-json\/wp\/v2\/product_tag?post=15459"}],"curies":[{"name":"wp","href":"https:\/\/api.w.org\/{rel}","templated":true}]}}