{"id":15455,"date":"2025-02-24T22:48:58","date_gmt":"2025-02-24T21:48:58","guid":{"rendered":"https:\/\/staviori.com.pl\/product\/pierscionek-z-diamentem-pxd5531\/"},"modified":"2026-03-18T09:06:44","modified_gmt":"2026-03-18T08:06:44","slug":"pierscionek-z-diamentem-pxd5531","status":"publish","type":"product","link":"https:\/\/staviori.com.pl\/de\/product\/pierscionek-z-diamentem-pxd5531\/","title":{"rendered":"Sch\u00f6ner zarter Art Deco Goldring mit Saphiren"},"content":{"rendered":"<p>Model: PZD5531<br \/>\nWaga ok. 1,80g<\/p>\n<p>Ring.<br \/>\nGelbgold 0,585.<br \/>\n7 Szafir\u00f3w, o masie 0,25ct.<\/p>\n<p>Szeroko\u015b\u0107 obr\u0105czki ok. 2-2.5 mm.<\/p>\n<p>Nur einige Gr\u00f6\u00dfen verf\u00fcgbar - bitte anfragen<br \/>\nProdukt dost\u0119pny wy\u0142\u0105cznie na zam\u00f3wienie &#8211; termin realizacji oko\u0142o 1 tydzie\u0144<\/p>","protected":false},"excerpt":{"rendered":"<p>Subtelny pier\u015bcionek wykonany z \u017c\u00f3\u0142tego z\u0142ota 14K, ozdobiony siedmioma granatowymi szafirami o \u0142\u0105cznej masie 0,25ct. Delikatna obr\u0105czka zdobiona misternym wzorem oprawy tworzy wyj\u0105tkowo elegancki efekt, kt\u00f3ry przyci\u0105ga wzrok. Idealny jako minimalistyczna ozdoba na co dzie\u0144 lub jako pier\u015bcionek do noszenia w zestawie z inn\u0105 bi\u017cuteri\u0105. Klasyka w nowoczesnym wydaniu.<\/p>\n<p>Produkt dost\u0119pny wy\u0142\u0105cznie na zam\u00f3wienie &#8211; termin realizacji oko\u0142o 1 tydzie\u0144<\/p>","protected":false},"featured_media":6784,"comment_status":"closed","ping_status":"closed","template":"","meta":{"om_disable_all_campaigns":false},"product_brand":[2284,2350],"product_cat":[1838,2182,801],"product_tag":[2798,2565,4673,5496,5257,5495,5497,2297,2522],"class_list":{"0":"post-15455","1":"product","2":"type-product","3":"status-publish","4":"has-post-thumbnail","6":"product_brand-staviori","7":"product_brand-verona","8":"product_cat-diamenty","9":"product_cat-pierscionek-z-diamentem","10":"product_cat-pierscionki","11":"product_tag-bizuteria-staviori","12":"product_tag-delikatna-bizuteria","13":"product_tag-klasyczny-pierscionek","14":"product_tag-pierscionek-do-noszenia-codziennie","15":"product_tag-pierscionek-zloty","16":"product_tag-pxd5531","17":"product_tag-pzd5531","18":"product_tag-szafiry","19":"product_tag-zolte-zloto","20":"pa_kamien-szafiry-naturalne","21":"pa_kolor-zolte","22":"pa_kruszec-zloto","23":"pa_proba-0-585","24":"pa_rozmiar-4355","25":"pa_rozmiar-2351","26":"pa_rozmiar-2352","27":"pa_rozmiar-2353","28":"pa_rozmiar-2355","29":"pa_rozmiar-2358","30":"pa_rozmiar-4862","31":"pa_szerokosc-obraczki-ok-2-2-5mm","32":"pa_waga-180g","34":"first","35":"instock","36":"purchasable","37":"product-type-simple"},"aioseo_notices":[],"_links":{"self":[{"href":"https:\/\/staviori.com.pl\/de\/wp-json\/wp\/v2\/product\/15455","targetHints":{"allow":["GET"]}}],"collection":[{"href":"https:\/\/staviori.com.pl\/de\/wp-json\/wp\/v2\/product"}],"about":[{"href":"https:\/\/staviori.com.pl\/de\/wp-json\/wp\/v2\/types\/product"}],"replies":[{"embeddable":true,"href":"https:\/\/staviori.com.pl\/de\/wp-json\/wp\/v2\/comments?post=15455"}],"wp:featuredmedia":[{"embeddable":true,"href":"https:\/\/staviori.com.pl\/de\/wp-json\/wp\/v2\/media\/6784"}],"wp:attachment":[{"href":"https:\/\/staviori.com.pl\/de\/wp-json\/wp\/v2\/media?parent=15455"}],"wp:term":[{"taxonomy":"product_brand","embeddable":true,"href":"https:\/\/staviori.com.pl\/de\/wp-json\/wp\/v2\/product_brand?post=15455"},{"taxonomy":"product_cat","embeddable":true,"href":"https:\/\/staviori.com.pl\/de\/wp-json\/wp\/v2\/product_cat?post=15455"},{"taxonomy":"product_tag","embeddable":true,"href":"https:\/\/staviori.com.pl\/de\/wp-json\/wp\/v2\/product_tag?post=15455"}],"curies":[{"name":"wp","href":"https:\/\/api.w.org\/{rel}","templated":true}]}}