{"id":15449,"date":"2025-02-24T22:48:58","date_gmt":"2025-02-24T21:48:58","guid":{"rendered":"https:\/\/staviori.com.pl\/product\/pierscionek-z-diamentem-pxd4866\/"},"modified":"2026-02-11T00:09:51","modified_gmt":"2026-02-10T23:09:51","slug":"pierscionek-z-diamentem-pxd4866","status":"publish","type":"product","link":"https:\/\/staviori.com.pl\/de\/product\/pierscionek-z-diamentem-pxd4866\/","title":{"rendered":"Zarter h\u00fcbscher Ring mit 0,10ct H\/Si Diamant"},"content":{"rendered":"<p>Model: PXD4866<br \/>\nWaga ok. 1,12g<\/p>\n<p>Ring.<br \/>\n\u017b\u00f3\u0142te, Bia\u0142e Z\u0142oto 0,585.<\/p>\n<p>1 Diament, szlif brylantowy, o masie 0,10ct., barwa H, czysto\u015b\u0107 SI1.<\/p>\n<p>\u015arednica korony ok. 3.1 mm.<\/p>\n<p>Pier\u015bcionek zar\u0119czynowy<br \/>\nNur einige Gr\u00f6\u00dfen verf\u00fcgbar - bitte anfragen<\/p>","protected":false},"excerpt":{"rendered":"<p>Delikatny i niezwykle kobiecy pier\u015bcionek zar\u0119czynowy z \u017c\u00f3\u0142tego z\u0142ota o pr\u00f3bie 0,585, ozdobiony l\u015bni\u0105cym diamentem o masie 0,10 ct. Klasyczna oprawa z czterema \u0142apkami w bia\u0142ym z\u0142ocie podkre\u015bla pi\u0119kno brylantu i nadaje mu wyj\u0105tkowego blasku. Smuk\u0142a obr\u0105czka subtelnie oplata palec, tworz\u0105c harmonijn\u0105 kompozycj\u0119 elegancji i prostoty. Idealny wyb\u00f3r dla mi\u0142o\u015bniczek ponadczasowych form i naturalnego pi\u0119kna.<\/p>\n<p>Ostatnia sztuka rozmiar 13 !<\/p>","protected":false},"featured_media":6740,"comment_status":"closed","ping_status":"closed","template":"","meta":{"om_disable_all_campaigns":false},"product_brand":[2284],"product_cat":[1838,2182,801],"product_tag":[4679,3722,4673,4668,5503,5502,5018,2522],"class_list":{"0":"post-15449","1":"product","2":"type-product","3":"status-publish","4":"has-post-thumbnail","6":"product_brand-staviori","7":"product_cat-diamenty","8":"product_cat-pierscionek-z-diamentem","9":"product_cat-pierscionki","10":"product_tag-delikatny-pierscionek","11":"product_tag-diament","12":"product_tag-klasyczny-pierscionek","13":"product_tag-pierscionek-zareczynowy","14":"product_tag-prezent-zareczynowy","15":"product_tag-pxd4866","16":"product_tag-zloty-pierscionek","17":"product_tag-zolte-zloto","18":"pa_barwa-h-2","19":"pa_czystosc-si1","20":"pa_kamien-brylant","21":"pa_kolor-zolte","22":"pa_kruszec-zloto","23":"pa_masa-karatowa-010ct","24":"pa_proba-0-585","25":"pa_rozmiar-2353","26":"pa_srednica-korony-ok-3-1mm","27":"pa_waga-110g","29":"first","30":"instock","31":"purchasable","32":"product-type-variable","33":"has-default-attributes"},"aioseo_notices":[],"_links":{"self":[{"href":"https:\/\/staviori.com.pl\/de\/wp-json\/wp\/v2\/product\/15449","targetHints":{"allow":["GET"]}}],"collection":[{"href":"https:\/\/staviori.com.pl\/de\/wp-json\/wp\/v2\/product"}],"about":[{"href":"https:\/\/staviori.com.pl\/de\/wp-json\/wp\/v2\/types\/product"}],"replies":[{"embeddable":true,"href":"https:\/\/staviori.com.pl\/de\/wp-json\/wp\/v2\/comments?post=15449"}],"wp:featuredmedia":[{"embeddable":true,"href":"https:\/\/staviori.com.pl\/de\/wp-json\/wp\/v2\/media\/6740"}],"wp:attachment":[{"href":"https:\/\/staviori.com.pl\/de\/wp-json\/wp\/v2\/media?parent=15449"}],"wp:term":[{"taxonomy":"product_brand","embeddable":true,"href":"https:\/\/staviori.com.pl\/de\/wp-json\/wp\/v2\/product_brand?post=15449"},{"taxonomy":"product_cat","embeddable":true,"href":"https:\/\/staviori.com.pl\/de\/wp-json\/wp\/v2\/product_cat?post=15449"},{"taxonomy":"product_tag","embeddable":true,"href":"https:\/\/staviori.com.pl\/de\/wp-json\/wp\/v2\/product_tag?post=15449"}],"curies":[{"name":"wp","href":"https:\/\/api.w.org\/{rel}","templated":true}]}}