{"id":15441,"date":"2025-02-24T22:48:58","date_gmt":"2025-02-24T21:48:58","guid":{"rendered":"https:\/\/staviori.com.pl\/product\/bizuteria-inwestycyjna-pierscionek-pxd4815\/"},"modified":"2026-02-11T00:09:16","modified_gmt":"2026-02-10T23:09:16","slug":"bizuteria-inwestycyjna-pierscionek-pxd4815","status":"publish","type":"product","link":"https:\/\/staviori.com.pl\/de\/product\/bizuteria-inwestycyjna-pierscionek-pxd4815\/","title":{"rendered":"Exklusiv | Sch\u00f6ner Verlobungsring mit 0,70ct H\/Si Diamant"},"content":{"rendered":"<p>Model: PZD4815<br \/>\nWaga ok. 3,60g<\/p>\n<p>Ring.<br \/>\n\u017b\u00f3\u0142te, Bia\u0142e Z\u0142oto 0,585.<br \/>\n1 Diament, szlif brylantowy, o masie ok. 0,70ct, barwa H, czysto\u015b\u0107 SI.<\/p>\n<p>\u015arednica korony ok. 7 mm.<br \/>\nSzeroko\u015b\u0107 obr\u0105czki ok. 2.8-3.8 mm.<br \/>\nWysoko\u015b\u0107 7.5 mm.<br \/>\nKorona 5 mm.<\/p>\n<p>Pier\u015bcionek zar\u0119czynowy<br \/>\nDost\u0119pny na indywidualne zam\u00f3wienie z dowolnym innym Brylantem.<br \/>\nProdukt w dowolnym rozmiarze, dost\u0119pny wy\u0142\u0105cznie na zam\u00f3wienie, czas realizacji ok. 4 tygodnie.<\/p>","protected":false},"excerpt":{"rendered":"<p>Klasyczny pier\u015bcionek zar\u0119czynowy o ponadczasowym uroku, wykonany z po\u0142\u0105czenia \u017c\u00f3\u0142tego i bia\u0142ego z\u0142ota 14K. W centrum kompozycji znajduje si\u0119 imponuj\u0105cy brylant o masie 0,70 ct, osadzony w eleganckiej, wysokiej koronie z sze\u015bcioma \u0142apkami. Harmonijna forma, szlachetne kruszce i perfekcyjnie oszlifowany diament czyni\u0105 ten model wyj\u0105tkowym wyborem dla kobiety, kt\u00f3ra ceni sobie luksus i tradycyjne pi\u0119kno.<\/p>","protected":false},"featured_media":20572,"comment_status":"closed","ping_status":"closed","template":"","meta":{"om_disable_all_campaigns":false},"product_brand":[2284],"product_cat":[1803,801,6741],"product_tag":[2308,2798,5500,3722,4673,2280,4668,5501,5499,2522],"class_list":{"0":"post-15441","1":"product","2":"type-product","3":"status-publish","4":"has-post-thumbnail","6":"product_brand-staviori","7":"product_cat-brylanty-exclusive","8":"product_cat-pierscionki","9":"product_cat-pierscionki-brylanty-exclusive","10":"product_tag-biale-zloto","11":"product_tag-bizuteria-staviori","12":"product_tag-brylant-0-70ct","13":"product_tag-diament","14":"product_tag-klasyczny-pierscionek","15":"product_tag-luksusowa-bizuteria","16":"product_tag-pierscionek-zareczynowy","17":"product_tag-pxd4815","18":"product_tag-pzd4815","19":"product_tag-zolte-zloto","20":"pa_barwa-h-2","21":"pa_czystosc-si1-si2","22":"pa_dostawca-iza","23":"pa_kamien-brylant","24":"pa_kolor-biale","25":"pa_kolor-zolte","26":"pa_kruszec-zloto","27":"pa_masa-karatowa-070ct","28":"pa_proba-0-585","29":"pa_rozmiar-cm","30":"pa_srednica-korony-ok-7mm","31":"pa_szerokosc-obraczki-ok-2-8-3-8mm","32":"pa_waga-360g","34":"first","35":"onbackorder","36":"purchasable","37":"product-type-simple"},"aioseo_notices":[],"_links":{"self":[{"href":"https:\/\/staviori.com.pl\/de\/wp-json\/wp\/v2\/product\/15441","targetHints":{"allow":["GET"]}}],"collection":[{"href":"https:\/\/staviori.com.pl\/de\/wp-json\/wp\/v2\/product"}],"about":[{"href":"https:\/\/staviori.com.pl\/de\/wp-json\/wp\/v2\/types\/product"}],"replies":[{"embeddable":true,"href":"https:\/\/staviori.com.pl\/de\/wp-json\/wp\/v2\/comments?post=15441"}],"wp:featuredmedia":[{"embeddable":true,"href":"https:\/\/staviori.com.pl\/de\/wp-json\/wp\/v2\/media\/20572"}],"wp:attachment":[{"href":"https:\/\/staviori.com.pl\/de\/wp-json\/wp\/v2\/media?parent=15441"}],"wp:term":[{"taxonomy":"product_brand","embeddable":true,"href":"https:\/\/staviori.com.pl\/de\/wp-json\/wp\/v2\/product_brand?post=15441"},{"taxonomy":"product_cat","embeddable":true,"href":"https:\/\/staviori.com.pl\/de\/wp-json\/wp\/v2\/product_cat?post=15441"},{"taxonomy":"product_tag","embeddable":true,"href":"https:\/\/staviori.com.pl\/de\/wp-json\/wp\/v2\/product_tag?post=15441"}],"curies":[{"name":"wp","href":"https:\/\/api.w.org\/{rel}","templated":true}]}}