{"id":15435,"date":"2025-02-24T22:48:58","date_gmt":"2025-02-24T21:48:58","guid":{"rendered":"https:\/\/staviori.com.pl\/product\/pierscionek-z-diamentem-pxd4103\/"},"modified":"2026-02-11T00:09:51","modified_gmt":"2026-02-10T23:09:51","slug":"pierscionek-z-diamentem-pxd4103","status":"publish","type":"product","link":"https:\/\/staviori.com.pl\/de\/product\/pierscionek-z-diamentem-pxd4103\/","title":{"rendered":"klassischer Verlobungsring mit 0,10ct Diamant"},"content":{"rendered":"<p>Model: PZD4103<br \/>\nGewicht ca. 1,40g<\/p>\n<p>Ring.<br \/>\n\u017b\u00f3\u0142te, Bia\u0142e Z\u0142oto 0,585.<br \/>\n1 Diament, szlif brylantowy, o masie 0,10ct., barwa G-H, czysto\u015b\u0107 SI.<\/p>\n<p>Kronen-Durchmesser ca. 4 mm.<br \/>\nWysoko\u015b\u0107 3.2 mm.<br \/>\nSzeroko\u015b\u0107 obr\u0105czki ok. 1.7 mm.<\/p>\n<p>Dost\u0119pny na indywidualne zam\u00f3wienie z dowolnym innym Brylantem.<br \/>\nPier\u015bcionek zar\u0119czynowy<\/p>\n<p>Nur einige Gr\u00f6\u00dfen verf\u00fcgbar - bitte anfragen<\/p>","protected":false},"excerpt":{"rendered":"<p>Zachwycaj\u0105cy pier\u015bcionek zar\u0119czynowy, wykonany z po\u0142\u0105czenia \u017c\u00f3\u0142tego i bia\u0142ego z\u0142ota pr\u00f3by 0,585, to propozycja dla mi\u0142o\u015bniczek subtelnej elegancji. W centralnym punkcie osadzono l\u015bni\u0105cy brylant o masie 0,10 ct, barwie G i czysto\u015bci SI1, kt\u00f3ry pi\u0119knie roz\u015bwietla ca\u0142o\u015b\u0107. Smuk\u0142a obr\u0105czka delikatnie eksponuje kamie\u0144, tworz\u0105c efekt lekko\u015bci i klasycznej finezji. Idealny wyb\u00f3r dla kobiet ceni\u0105cych minimalizm z nut\u0105 luksusu.<\/p>","protected":false},"featured_media":20512,"comment_status":"closed","ping_status":"closed","template":"","meta":{"om_disable_all_campaigns":false},"product_brand":[2284],"product_cat":[1838,2182,801],"product_tag":[2308,4352,4123,3722,4673,4668,5486,5487,2522],"class_list":{"0":"post-15435","1":"product","2":"type-product","3":"status-publish","4":"has-post-thumbnail","6":"product_brand-staviori","7":"product_cat-diamenty","8":"product_cat-pierscionek-z-diamentem","9":"product_cat-pierscionki","10":"product_tag-biale-zloto","11":"product_tag-bizuteria-slubna","12":"product_tag-brylant","13":"product_tag-diament","14":"product_tag-klasyczny-pierscionek","15":"product_tag-pierscionek-zareczynowy","16":"product_tag-pxd4103","17":"product_tag-zloto-14k","18":"product_tag-zolte-zloto","19":"pa_barwa-g-h","20":"pa_czystosc-si1-si2","21":"pa_dostawca-estrella","22":"pa_kamien-brylant","23":"pa_kolor-zolte","24":"pa_kruszec-zloto","25":"pa_masa-karatowa-010ct","26":"pa_proba-0-585","27":"pa_rozmiar-2354","28":"pa_rozmiar-inne-rozmiary","29":"pa_srednica-korony-ok-4mm","30":"pa_waga-140g","31":"pa_wysokosc-3-2mm","33":"first","34":"instock","35":"purchasable","36":"product-type-variable","37":"has-default-attributes"},"aioseo_notices":[],"_links":{"self":[{"href":"https:\/\/staviori.com.pl\/de\/wp-json\/wp\/v2\/product\/15435","targetHints":{"allow":["GET"]}}],"collection":[{"href":"https:\/\/staviori.com.pl\/de\/wp-json\/wp\/v2\/product"}],"about":[{"href":"https:\/\/staviori.com.pl\/de\/wp-json\/wp\/v2\/types\/product"}],"replies":[{"embeddable":true,"href":"https:\/\/staviori.com.pl\/de\/wp-json\/wp\/v2\/comments?post=15435"}],"wp:featuredmedia":[{"embeddable":true,"href":"https:\/\/staviori.com.pl\/de\/wp-json\/wp\/v2\/media\/20512"}],"wp:attachment":[{"href":"https:\/\/staviori.com.pl\/de\/wp-json\/wp\/v2\/media?parent=15435"}],"wp:term":[{"taxonomy":"product_brand","embeddable":true,"href":"https:\/\/staviori.com.pl\/de\/wp-json\/wp\/v2\/product_brand?post=15435"},{"taxonomy":"product_cat","embeddable":true,"href":"https:\/\/staviori.com.pl\/de\/wp-json\/wp\/v2\/product_cat?post=15435"},{"taxonomy":"product_tag","embeddable":true,"href":"https:\/\/staviori.com.pl\/de\/wp-json\/wp\/v2\/product_tag?post=15435"}],"curies":[{"name":"wp","href":"https:\/\/api.w.org\/{rel}","templated":true}]}}