{"id":15432,"date":"2025-02-24T22:48:53","date_gmt":"2025-02-24T21:48:53","guid":{"rendered":"https:\/\/staviori.com.pl\/product\/bizuteria-inwestycyjna-pierscionek-pxd4035\/"},"modified":"2026-02-11T00:09:16","modified_gmt":"2026-02-10T23:09:16","slug":"bizuteria-inwestycyjna-pierscionek-pxd4035","status":"publish","type":"product","link":"https:\/\/staviori.com.pl\/de\/product\/bizuteria-inwestycyjna-pierscionek-pxd4035\/","title":{"rendered":"Exklusiver | sch\u00f6ner Ring mit schwarzen und wei\u00dfen Prinzessdiamanten in 18K Gold"},"content":{"rendered":"<p>Model: DDR0977<br \/>\nWaga ok. 4,00g<\/p>\n<p>Ring.<br \/>\nBia\u0142e, Czarne Z\u0142oto 0,750.<\/p>\n<p>9 Diament\u00f3w, szlif princessa, o masie ok. 0,20ct, barwa G-H, czysto\u015b\u0107 SI1.<br \/>\n56 Diament\u00f3w, kolor czarny, szlif brylantowy, o masie ok. 0,46ct.<\/p>\n<p>\u015arednica korony ok. 8.2 mm.<br \/>\nSzeroko\u015b\u0107 4-2.4 mm.<br \/>\nGrubo\u015b\u0107 4.5 mm.<\/p>\n<p>Pier\u015bcionek zar\u0119czynowy<br \/>\nProdukt in jeder Gr\u00f6\u00dfe, nur auf Anfrage erh\u00e4ltlich, Lieferzeit ca. 5 Wochen.<\/p>\n<p>*Czarne z\u0142oto to bia\u0142e z\u0142oto pr\u00f3by 0,750 pokryte czarnym rodem.<\/p>","protected":false},"excerpt":{"rendered":"<p>Wyj\u0105tkowy pier\u015bcionek zar\u0119czynowy \u0142\u0105cz\u0105cy elegancj\u0119 bia\u0142ego z\u0142ota z tajemniczym blaskiem czarnego z\u0142ota pr\u00f3by 0,750. W jego centrum l\u015bni dziewi\u0119\u0107 diament\u00f3w o szlifie princessa, otoczonych kontrastuj\u0105c\u0105 opraw\u0105 z czarnych brylant\u00f3w. Dwie delikatne linie kamieni na obr\u0105czce dodaj\u0105 mu lekko\u015bci i wsp\u00f3\u0142czesnego charakteru. To pier\u015bcionek dla kobiety, kt\u00f3ra ceni nowoczesne formy i wyraziste detale.<br \/>\n*Czarne z\u0142oto to bia\u0142e z\u0142oto pr\u00f3by 0,750 pokryte czarnym rodem.<\/p>","protected":false},"featured_media":20432,"comment_status":"closed","ping_status":"closed","template":"","meta":{"om_disable_all_campaigns":false},"product_brand":[2284],"product_cat":[1803,801,6741],"product_tag":[2308,2405,5469,2324,5470,4713,2569,4746,4827,4668,2403,5468],"class_list":{"0":"post-15432","1":"product","2":"type-product","3":"status-publish","4":"has-post-thumbnail","6":"product_brand-staviori","7":"product_cat-brylanty-exclusive","8":"product_cat-pierscionki","9":"product_cat-pierscionki-brylanty-exclusive","10":"product_tag-biale-zloto","11":"product_tag-czarne-zloto","12":"product_tag-ddr0977","13":"product_tag-diamenty-princessa","14":"product_tag-kontrastowa-bizuteria","15":"product_tag-luksusowy-pierscionek","16":"product_tag-nowoczesna-bizuteria","17":"product_tag-pierscionek-z-brylantami","18":"product_tag-pierscionek-z-czarnym-diamentem","19":"product_tag-pierscionek-zareczynowy","20":"product_tag-princessa","21":"product_tag-pxd4035","22":"pa_barwa-g-h","23":"pa_czystosc-si1","24":"pa_dostawca-draco","25":"pa_kamien-biale-diamenty","26":"pa_kamien-czarne-diamenty","27":"pa_kolor-biale","28":"pa_kolor-czarne","29":"pa_kruszec-zloto","30":"pa_proba-0-750","31":"pa_srednica-korony-ok-8-2mm","32":"pa_szerokosc-4-2-4mm","33":"pa_waga-390g","35":"first","36":"onbackorder","37":"purchasable","38":"product-type-simple"},"aioseo_notices":[],"_links":{"self":[{"href":"https:\/\/staviori.com.pl\/de\/wp-json\/wp\/v2\/product\/15432","targetHints":{"allow":["GET"]}}],"collection":[{"href":"https:\/\/staviori.com.pl\/de\/wp-json\/wp\/v2\/product"}],"about":[{"href":"https:\/\/staviori.com.pl\/de\/wp-json\/wp\/v2\/types\/product"}],"replies":[{"embeddable":true,"href":"https:\/\/staviori.com.pl\/de\/wp-json\/wp\/v2\/comments?post=15432"}],"wp:featuredmedia":[{"embeddable":true,"href":"https:\/\/staviori.com.pl\/de\/wp-json\/wp\/v2\/media\/20432"}],"wp:attachment":[{"href":"https:\/\/staviori.com.pl\/de\/wp-json\/wp\/v2\/media?parent=15432"}],"wp:term":[{"taxonomy":"product_brand","embeddable":true,"href":"https:\/\/staviori.com.pl\/de\/wp-json\/wp\/v2\/product_brand?post=15432"},{"taxonomy":"product_cat","embeddable":true,"href":"https:\/\/staviori.com.pl\/de\/wp-json\/wp\/v2\/product_cat?post=15432"},{"taxonomy":"product_tag","embeddable":true,"href":"https:\/\/staviori.com.pl\/de\/wp-json\/wp\/v2\/product_tag?post=15432"}],"curies":[{"name":"wp","href":"https:\/\/api.w.org\/{rel}","templated":true}]}}