{"id":15428,"date":"2025-02-24T22:48:53","date_gmt":"2025-02-24T21:48:53","guid":{"rendered":"https:\/\/staviori.com.pl\/product\/bizuteria-inwestycyjna-pierscionek-pxd3930\/"},"modified":"2026-02-11T00:09:16","modified_gmt":"2026-02-10T23:09:16","slug":"bizuteria-inwestycyjna-pierscionek-pxd3930","status":"publish","type":"product","link":"https:\/\/staviori.com.pl\/de\/product\/bizuteria-inwestycyjna-pierscionek-pxd3930\/","title":{"rendered":"Exklusive | sch\u00f6ne stattliche Ring in gelb und wei\u00df 750 Gold mit Diamanten \u00fcber 4ct"},"content":{"rendered":"<p>Model: DDR1462<br \/>\nWaga ok. 10,50g<\/p>\n<p>Ring.<br \/>\n\u017b\u00f3\u0142te, Bia\u0142e Z\u0142oto 0,750.<br \/>\n190 Diament\u00f3w, szlif brylantowy, o masie 4,26ct, barwa G-H, czysto\u015b\u0107 SI1.<\/p>\n<p>Szeroko\u015b\u0107 17-9.5 mm.<br \/>\nGrubo\u015b\u0107 4.35 mm.<\/p>\n<p>Produkt in jeder Gr\u00f6\u00dfe, nur auf Anfrage erh\u00e4ltlich, Lieferzeit ca. 5 Wochen.<\/p>","protected":false},"excerpt":{"rendered":"<p>Spektakularny pier\u015bcionek z \u017c\u00f3\u0142tego i bia\u0142ego z\u0142ota pr\u00f3by 0.750, kt\u00f3ry zachwyca swoim bogactwem i kunsztem wykonania. Pokryty a\u017c 190 diamentami o \u0142\u0105cznej masie 4,26 ct, tworzy ol\u015bniewaj\u0105c\u0105 mozaik\u0119 blasku i elegancji. Imponuj\u0105ca forma i wielopoziomowe u\u0142o\u017cenie kamieni nadaj\u0105 mu ekstrawaganckiego charakteru, idealnego dla kobiet kochaj\u0105cych luksus i oryginalno\u015b\u0107. To prawdziwe dzie\u0142o sztuki jubilerskiej, kt\u00f3re przyci\u0105ga spojrzenia i podkre\u015bla presti\u017c.<\/p>","protected":false},"featured_media":20425,"comment_status":"closed","ping_status":"closed","template":"","meta":{"om_disable_all_campaigns":false},"product_brand":[2284],"product_cat":[1803,6741,801],"product_tag":[2308,2591,5461,5202,2555,2280,4708,5463,5462,2522],"class_list":{"0":"post-15428","1":"product","2":"type-product","3":"status-publish","4":"has-post-thumbnail","6":"product_brand-staviori","7":"product_cat-brylanty-exclusive","8":"product_cat-pierscionki-brylanty-exclusive","9":"product_cat-pierscionki","10":"product_tag-biale-zloto","11":"product_tag-bizuteria-premium","12":"product_tag-ddr1462","13":"product_tag-duzy-pierscionek","14":"product_tag-ekskluzywna-bizuteria","15":"product_tag-luksusowa-bizuteria","16":"product_tag-pierscionek-z-diamentami","17":"product_tag-prestizowy-pierscionek","18":"product_tag-pxd3930","19":"product_tag-zolte-zloto","20":"pa_barwa-g-h","21":"pa_czystosc-si1","22":"pa_dostawca-draco","23":"pa_grubosc-4-35mm","24":"pa_kamien-brylanty","25":"pa_kolor-zolte","26":"pa_kruszec-zloto","27":"pa_proba-0-750","28":"pa_szerokosc-17-9-5mm","29":"pa_waga-1050g","31":"first","32":"onbackorder","33":"purchasable","34":"product-type-simple"},"aioseo_notices":[],"_links":{"self":[{"href":"https:\/\/staviori.com.pl\/de\/wp-json\/wp\/v2\/product\/15428","targetHints":{"allow":["GET"]}}],"collection":[{"href":"https:\/\/staviori.com.pl\/de\/wp-json\/wp\/v2\/product"}],"about":[{"href":"https:\/\/staviori.com.pl\/de\/wp-json\/wp\/v2\/types\/product"}],"replies":[{"embeddable":true,"href":"https:\/\/staviori.com.pl\/de\/wp-json\/wp\/v2\/comments?post=15428"}],"wp:featuredmedia":[{"embeddable":true,"href":"https:\/\/staviori.com.pl\/de\/wp-json\/wp\/v2\/media\/20425"}],"wp:attachment":[{"href":"https:\/\/staviori.com.pl\/de\/wp-json\/wp\/v2\/media?parent=15428"}],"wp:term":[{"taxonomy":"product_brand","embeddable":true,"href":"https:\/\/staviori.com.pl\/de\/wp-json\/wp\/v2\/product_brand?post=15428"},{"taxonomy":"product_cat","embeddable":true,"href":"https:\/\/staviori.com.pl\/de\/wp-json\/wp\/v2\/product_cat?post=15428"},{"taxonomy":"product_tag","embeddable":true,"href":"https:\/\/staviori.com.pl\/de\/wp-json\/wp\/v2\/product_tag?post=15428"}],"curies":[{"name":"wp","href":"https:\/\/api.w.org\/{rel}","templated":true}]}}