{"id":15426,"date":"2025-02-24T22:48:53","date_gmt":"2025-02-24T21:48:53","guid":{"rendered":"https:\/\/staviori.com.pl\/product\/pierscionek-z-diamentem-pxd3907r\/"},"modified":"2026-02-11T00:09:51","modified_gmt":"2026-02-10T23:09:51","slug":"pierscionek-z-diamentem-pxd3907r","status":"publish","type":"product","link":"https:\/\/staviori.com.pl\/de\/product\/pierscionek-z-diamentem-pxd3907r\/","title":{"rendered":"Unendlicher Liebesring aus Ros\u00e9- und Wei\u00dfgold mit Diamanten"},"content":{"rendered":"<p>Model: PRD3907<br \/>\nWaga ok. 3,10g<\/p>\n<p>Ring.<br \/>\nWei\u00df, Rose Gold 0,585.<br \/>\n9 Diament\u00f3w, szlif brylantowy, o masie 0,05ct, barwa G-H, czysto\u015b\u0107 SI.<\/p>\n<p>Korona 16&#215;7.6 mm.<br \/>\nWysoko\u015b\u0107 3.6 mm.<br \/>\nSzeroko\u015b\u0107 obr\u0105czki ok. 2.2 mm.<\/p>\n<p>Idealny jako pier\u015bcionek zar\u0119czynowy lub rocznicowy.<br \/>\nProsimy pyta\u0107 o dost\u0119pno\u015b\u0107 rozmiar\u00f3w.<br \/>\nMo\u017cliwo\u015b\u0107 wykonania w r\u00f3\u017cnych wariantach kolorystycznych.<\/p>","protected":false},"excerpt":{"rendered":"<p>Zachwycaj\u0105cy pier\u015bcionek zar\u0119czynowy wykonany z po\u0142\u0105czenia r\u00f3\u017cowego i bia\u0142ego z\u0142ota pr\u00f3by 0.585. Jego subtelna forma, z motywem niesko\u0144czono\u015bci splecionym z sercem, symbolizuje wieczn\u0105 mi\u0142o\u015b\u0107 i oddanie. Kompozycj\u0119 dope\u0142nia dziewi\u0119\u0107 l\u015bni\u0105cych diament\u00f3w o brylantowym szlifie, kt\u00f3re pi\u0119knie mieni\u0105 si\u0119 w \u015bwietle, dodaj\u0105c ca\u0142o\u015bci niepowtarzalnego blasku. Ten niezwykle romantyczny wz\u00f3r idealnie sprawdzi si\u0119 jako wyj\u0105tkowy symbol zar\u0119czyn.<\/p>\n<p>Prosimy pyta\u0107 o dost\u0119pno\u015b\u0107 rozmiar\u00f3w.<\/p>","protected":false},"featured_media":6599,"comment_status":"closed","ping_status":"closed","template":"","meta":{"om_disable_all_campaigns":false},"product_brand":[2284],"product_cat":[1838,2182,801],"product_tag":[2308,2326,2296,4672,5460,4668,5459,4705,2336,1414],"class_list":{"0":"post-15426","1":"product","2":"type-product","3":"status-publish","4":"has-post-thumbnail","6":"product_brand-staviori","7":"product_cat-diamenty","8":"product_cat-pierscionek-z-diamentem","9":"product_cat-pierscionki","10":"product_tag-biale-zloto","11":"product_tag-bizuteria-z-diamentami","12":"product_tag-diamenty","13":"product_tag-elegancki-pierscionek","14":"product_tag-motyw-nieskonczonosci","15":"product_tag-pierscionek-zareczynowy","16":"product_tag-prd3907","17":"product_tag-prezent-na-zareczyny","18":"product_tag-rozowe-zloto","19":"product_tag-serce","20":"pa_barwa-g-h","21":"pa_czystosc-si1-si2","22":"pa_dostawca-estrella","23":"pa_kamien-brylanty","24":"pa_kolor-biale","25":"pa_kolor-rozowe","26":"pa_korona-16x7-6mm","27":"pa_kruszec-zloto","28":"pa_motyw-nieskonczonosc","29":"pa_motyw-serce","30":"pa_proba-0-585","31":"pa_rozmiar-2353","32":"pa_rozmiar-inne-rozmiary","33":"pa_waga-290g","34":"pa_wysokosc-3-6mm","36":"first","37":"instock","38":"purchasable","39":"product-type-variable"},"aioseo_notices":[],"_links":{"self":[{"href":"https:\/\/staviori.com.pl\/de\/wp-json\/wp\/v2\/product\/15426","targetHints":{"allow":["GET"]}}],"collection":[{"href":"https:\/\/staviori.com.pl\/de\/wp-json\/wp\/v2\/product"}],"about":[{"href":"https:\/\/staviori.com.pl\/de\/wp-json\/wp\/v2\/types\/product"}],"replies":[{"embeddable":true,"href":"https:\/\/staviori.com.pl\/de\/wp-json\/wp\/v2\/comments?post=15426"}],"wp:featuredmedia":[{"embeddable":true,"href":"https:\/\/staviori.com.pl\/de\/wp-json\/wp\/v2\/media\/6599"}],"wp:attachment":[{"href":"https:\/\/staviori.com.pl\/de\/wp-json\/wp\/v2\/media?parent=15426"}],"wp:term":[{"taxonomy":"product_brand","embeddable":true,"href":"https:\/\/staviori.com.pl\/de\/wp-json\/wp\/v2\/product_brand?post=15426"},{"taxonomy":"product_cat","embeddable":true,"href":"https:\/\/staviori.com.pl\/de\/wp-json\/wp\/v2\/product_cat?post=15426"},{"taxonomy":"product_tag","embeddable":true,"href":"https:\/\/staviori.com.pl\/de\/wp-json\/wp\/v2\/product_tag?post=15426"}],"curies":[{"name":"wp","href":"https:\/\/api.w.org\/{rel}","templated":true}]}}