{"id":15420,"date":"2025-02-24T22:48:53","date_gmt":"2025-02-24T21:48:53","guid":{"rendered":"https:\/\/staviori.com.pl\/product\/bizuteria-inwestycyjna-pierscionek-pxd3526y\/"},"modified":"2026-02-11T00:09:16","modified_gmt":"2026-02-10T23:09:16","slug":"bizuteria-inwestycyjna-pierscionek-pxd3526y","status":"publish","type":"product","link":"https:\/\/staviori.com.pl\/de\/product\/bizuteria-inwestycyjna-pierscionek-pxd3526y\/","title":{"rendered":"Exklusiver | sch\u00f6ner Ring aus Gelb- und Wei\u00dfgold 750 mit Diamanten"},"content":{"rendered":"<p>Model: DDR1304Y<br \/>\nWaga ok. 9,54g<\/p>\n<p>Ring.<br \/>\n\u017b\u00f3\u0142te, Bia\u0142e Z\u0142oto 0,750.<br \/>\n73 Diamenty, szlif brylantowy, o masie ok. 0,94ct, barwa G-H, czysto\u015b\u0107 SI1.<\/p>\n<p>Szeroko\u015b\u0107 obr\u0105czki ok. 7-11 mm.<br \/>\nH\u00f6he 4 mm.<\/p>\n<p>Produkt in jeder Gr\u00f6\u00dfe, nur auf Anfrage erh\u00e4ltlich, Lieferzeit ca. 5 Wochen.<\/p>","protected":false},"excerpt":{"rendered":"<p>Ol\u015bniewaj\u0105cy pier\u015bcionek wykonany z po\u0142\u0105czenia \u017c\u00f3\u0142tego i bia\u0142ego z\u0142ota pr\u00f3by 0,750, zachwyca nowoczesn\u0105 form\u0105 i luksusowym wyko\u0144czeniem. A\u017c 73 diamenty o \u0142\u0105cznej masie 0,94 ct tworz\u0105 spektakularny blask, oplataj\u0105c harmonijnie ka\u017cdy z pas\u00f3w obr\u0105czki. Dynamiczne linie, efekt kontrastu z\u0142ota i subtelny po\u0142ysk kamieni czyni\u0105 z tego modelu prawdziwe dzie\u0142o sztuki jubilerskiej. Idealny wyb\u00f3r dla kobiety kochaj\u0105cej wyrazist\u0105 elegancj\u0119 i wyj\u0105tkowy design.<\/p>","protected":false},"featured_media":6553,"comment_status":"closed","ping_status":"closed","template":"","meta":{"om_disable_all_campaigns":false},"product_brand":[2284],"product_cat":[1803,6741,801],"product_tag":[2798,5475,2280,4757,5477,5478,4708,5476,5018],"class_list":{"0":"post-15420","1":"product","2":"type-product","3":"status-publish","4":"has-post-thumbnail","6":"product_brand-staviori","7":"product_cat-brylanty-exclusive","8":"product_cat-pierscionki-brylanty-exclusive","9":"product_cat-pierscionki","10":"product_tag-bizuteria-staviori","11":"product_tag-ddr1304y","12":"product_tag-luksusowa-bizuteria","13":"product_tag-nowoczesny-pierscionek","14":"product_tag-pierscionek-18k","15":"product_tag-pierscionek-z-bialym-i-zoltym-zlotem","16":"product_tag-pierscionek-z-diamentami","17":"product_tag-pxd3526y","18":"product_tag-zloty-pierscionek","19":"pa_barwa-g-h","20":"pa_czystosc-si1","21":"pa_dostawca-draco","22":"pa_kamien-brylanty","23":"pa_kolor-biale","24":"pa_kolor-zolte","25":"pa_kruszec-zloto","26":"pa_proba-0-750","27":"pa_szerokosc-obraczki-ok-7-11mm","28":"pa_waga-950g","29":"pa_wysokosc-4mm","31":"first","32":"onbackorder","33":"purchasable","34":"product-type-simple"},"aioseo_notices":[],"_links":{"self":[{"href":"https:\/\/staviori.com.pl\/de\/wp-json\/wp\/v2\/product\/15420","targetHints":{"allow":["GET"]}}],"collection":[{"href":"https:\/\/staviori.com.pl\/de\/wp-json\/wp\/v2\/product"}],"about":[{"href":"https:\/\/staviori.com.pl\/de\/wp-json\/wp\/v2\/types\/product"}],"replies":[{"embeddable":true,"href":"https:\/\/staviori.com.pl\/de\/wp-json\/wp\/v2\/comments?post=15420"}],"wp:featuredmedia":[{"embeddable":true,"href":"https:\/\/staviori.com.pl\/de\/wp-json\/wp\/v2\/media\/6553"}],"wp:attachment":[{"href":"https:\/\/staviori.com.pl\/de\/wp-json\/wp\/v2\/media?parent=15420"}],"wp:term":[{"taxonomy":"product_brand","embeddable":true,"href":"https:\/\/staviori.com.pl\/de\/wp-json\/wp\/v2\/product_brand?post=15420"},{"taxonomy":"product_cat","embeddable":true,"href":"https:\/\/staviori.com.pl\/de\/wp-json\/wp\/v2\/product_cat?post=15420"},{"taxonomy":"product_tag","embeddable":true,"href":"https:\/\/staviori.com.pl\/de\/wp-json\/wp\/v2\/product_tag?post=15420"}],"curies":[{"name":"wp","href":"https:\/\/api.w.org\/{rel}","templated":true}]}}