{"id":15405,"date":"2025-02-24T22:48:48","date_gmt":"2025-02-24T21:48:48","guid":{"rendered":"https:\/\/staviori.com.pl\/product\/pierscionek-z-diamentem-pxd1891r\/"},"modified":"2026-02-11T00:09:14","modified_gmt":"2026-02-10T23:09:14","slug":"pierscionek-z-diamentem-pxd1891r","status":"publish","type":"product","link":"https:\/\/staviori.com.pl\/de\/product\/pierscionek-z-diamentem-pxd1891r\/","title":{"rendered":"Goldring mit Schmetterling und Diamant aus Ros\u00e9gold"},"content":{"rendered":"<p>Model: PRD1891<br \/>\nGewicht ca. 1,20g<\/p>\n<p>Ring.<br \/>\nWei\u00df, Rose Gold 0,585.<br \/>\n1 Diament, szlif achtkant, o masie 0,005ct, barwa H, czysto\u015b\u0107 I1.<\/p>\n<p>\u015arednica korony ok. 8&#215;9 mm.<br \/>\nSzeroko\u015b\u0107 obr\u0105czki ok. 1.5 mm.<\/p>\n<p>Dost\u0119pne tylko niekt\u00f3re rozmiary.<\/p>","protected":false},"excerpt":{"rendered":"<p>Uroczy pier\u015bcionek z motywem motyla, wykonany z po\u0142\u0105czenia r\u00f3\u017cowego i bia\u0142ego z\u0142ota pr\u00f3by 0,585. Subtelnie l\u015bni\u0105cy diament w szlifie achtkant nadaje mu blasku i elegancji. Delikatna obr\u0105czka i finezyjna forma motyla sprawiaj\u0105, \u017ce bi\u017cuteria zachwyca lekko\u015bci\u0105 i wdzi\u0119kiem. Idealny wyb\u00f3r dla kobiet ceni\u0105cych subtelne, romantyczne dodatki.<\/p>","protected":false},"featured_media":20306,"comment_status":"closed","ping_status":"closed","template":"","meta":{"om_disable_all_campaigns":false},"product_brand":[2284],"product_cat":[1838,2182,801],"product_tag":[4436,2565,4672,5422,5257,5426,2580,5425,2336],"class_list":{"0":"post-15405","1":"product","2":"type-product","3":"status-publish","4":"has-post-thumbnail","6":"product_brand-staviori","7":"product_cat-diamenty","8":"product_cat-pierscionek-z-diamentem","9":"product_cat-pierscionki","10":"product_tag-bizuteria-z-diamentem","11":"product_tag-delikatna-bizuteria","12":"product_tag-elegancki-pierscionek","13":"product_tag-pierscionek-z-motylem","14":"product_tag-pierscionek-zloty","15":"product_tag-prd1891","16":"product_tag-prezent-dla-kobiety","17":"product_tag-pxd1891r","18":"product_tag-rozowe-zloto","19":"pa_barwa-h-2","20":"pa_czystosc-i1","21":"pa_dostawca-estrella","22":"pa_kamien-diament","23":"pa_kolor-biale","24":"pa_kruszec-zloto","25":"pa_motyw-motylek","26":"pa_proba-0-585","27":"pa_rozmiar-2351","28":"pa_rozmiar-2354","29":"pa_srednica-korony-ok-8x9mm","30":"pa_szerokosc-obraczki-ok-1-5mm","31":"pa_waga-g","33":"first","34":"instock","35":"purchasable","36":"product-type-simple"},"aioseo_notices":[],"_links":{"self":[{"href":"https:\/\/staviori.com.pl\/de\/wp-json\/wp\/v2\/product\/15405","targetHints":{"allow":["GET"]}}],"collection":[{"href":"https:\/\/staviori.com.pl\/de\/wp-json\/wp\/v2\/product"}],"about":[{"href":"https:\/\/staviori.com.pl\/de\/wp-json\/wp\/v2\/types\/product"}],"replies":[{"embeddable":true,"href":"https:\/\/staviori.com.pl\/de\/wp-json\/wp\/v2\/comments?post=15405"}],"wp:featuredmedia":[{"embeddable":true,"href":"https:\/\/staviori.com.pl\/de\/wp-json\/wp\/v2\/media\/20306"}],"wp:attachment":[{"href":"https:\/\/staviori.com.pl\/de\/wp-json\/wp\/v2\/media?parent=15405"}],"wp:term":[{"taxonomy":"product_brand","embeddable":true,"href":"https:\/\/staviori.com.pl\/de\/wp-json\/wp\/v2\/product_brand?post=15405"},{"taxonomy":"product_cat","embeddable":true,"href":"https:\/\/staviori.com.pl\/de\/wp-json\/wp\/v2\/product_cat?post=15405"},{"taxonomy":"product_tag","embeddable":true,"href":"https:\/\/staviori.com.pl\/de\/wp-json\/wp\/v2\/product_tag?post=15405"}],"curies":[{"name":"wp","href":"https:\/\/api.w.org\/{rel}","templated":true}]}}