{"id":15399,"date":"2025-02-24T22:48:48","date_gmt":"2025-02-24T21:48:48","guid":{"rendered":"https:\/\/staviori.com.pl\/product\/bizuteria-inwestycyjna-pierscionek-pxd1804\/"},"modified":"2026-02-11T00:09:14","modified_gmt":"2026-02-10T23:09:14","slug":"bizuteria-inwestycyjna-pierscionek-pxd1804","status":"publish","type":"product","link":"https:\/\/staviori.com.pl\/de\/product\/bizuteria-inwestycyjna-pierscionek-pxd1804\/","title":{"rendered":"Exklusiver | stattlicher Ring aus Gelb- und Wei\u00dfgold mit Diamanten aus 18K Gold"},"content":{"rendered":"<p>Model: DDR0783<br \/>\nWaga ok. 10,50g<\/p>\n<p>Ring.<br \/>\n\u017b\u00f3\u0142te, Bia\u0142e Z\u0142oto 0,750.<br \/>\n70 Diament\u00f3w, szlif brylantowy, o masie 0,69ct., barwa G-H, czysto\u015b\u0107 SI1.<\/p>\n<p>Szeroko\u015b\u0107 13 mm.<\/p>\n<p>Produkt in jeder Gr\u00f6\u00dfe, nur auf Anfrage erh\u00e4ltlich, Lieferzeit ca. 5 Wochen.<br \/>\nMo\u017cliwo\u015b\u0107 wykonania w innej konfiguracji kolorystycznej.<\/p>","protected":false},"excerpt":{"rendered":"<p>Zachwycaj\u0105cy pier\u015bcionek wykonany z po\u0142\u0105czenia \u017c\u00f3\u0142tego i bia\u0142ego z\u0142ota pr\u00f3by 0,750, kt\u00f3rego misterny design przyci\u0105ga spojrzenia. A\u017c 70 l\u015bni\u0105cych brylant\u00f3w o \u0142\u0105cznej masie 0,69 ct tworzy finezyjnie skrzy\u017cowane pasma, kt\u00f3re nadaj\u0105 ca\u0142o\u015bci wyj\u0105tkowej dynamiki i luksusowego charakteru. To propozycja dla kobiet ceni\u0105cych niebanaln\u0105 elegancj\u0119 i mistrzowskie rzemios\u0142o. Pier\u015bcionek idealny na specjalne okazje lub jako wyj\u0105tkowy prezent, kt\u00f3ry m\u00f3wi wi\u0119cej ni\u017c s\u0142owa.<\/p>","protected":false},"featured_media":6305,"comment_status":"closed","ping_status":"closed","template":"","meta":{"om_disable_all_campaigns":false},"product_brand":[2284],"product_cat":[1803,801,6741],"product_tag":[4482,2276,5438,4713,5440,4746,5257,5439,5430,3589],"class_list":{"0":"post-15399","1":"product","2":"type-product","3":"status-publish","4":"has-post-thumbnail","6":"product_brand-staviori","7":"product_cat-brylanty-exclusive","8":"product_cat-pierscionki","9":"product_cat-pierscionki-brylanty-exclusive","10":"product_tag-18-karatowe-zloto","11":"product_tag-bizuteria-ekskluzywna","12":"product_tag-ddr0783","13":"product_tag-luksusowy-pierscionek","14":"product_tag-pierscionek-na-prezent","15":"product_tag-pierscionek-z-brylantami","16":"product_tag-pierscionek-zloty","17":"product_tag-pxd1804","18":"product_tag-wloski-design","19":"product_tag-zolte-i-biale-zloto","20":"pa_barwa-g-h","21":"pa_czystosc-si1","22":"pa_dostawca-draco","23":"pa_kamien-brylanty","24":"pa_kolor-biale","25":"pa_kolor-zolte","26":"pa_kruszec-zloto","27":"pa_proba-0-750","28":"pa_szerokosc-13mm","29":"pa_waga-1050g","31":"first","32":"onbackorder","33":"purchasable","34":"product-type-simple"},"aioseo_notices":[],"_links":{"self":[{"href":"https:\/\/staviori.com.pl\/de\/wp-json\/wp\/v2\/product\/15399","targetHints":{"allow":["GET"]}}],"collection":[{"href":"https:\/\/staviori.com.pl\/de\/wp-json\/wp\/v2\/product"}],"about":[{"href":"https:\/\/staviori.com.pl\/de\/wp-json\/wp\/v2\/types\/product"}],"replies":[{"embeddable":true,"href":"https:\/\/staviori.com.pl\/de\/wp-json\/wp\/v2\/comments?post=15399"}],"wp:featuredmedia":[{"embeddable":true,"href":"https:\/\/staviori.com.pl\/de\/wp-json\/wp\/v2\/media\/6305"}],"wp:attachment":[{"href":"https:\/\/staviori.com.pl\/de\/wp-json\/wp\/v2\/media?parent=15399"}],"wp:term":[{"taxonomy":"product_brand","embeddable":true,"href":"https:\/\/staviori.com.pl\/de\/wp-json\/wp\/v2\/product_brand?post=15399"},{"taxonomy":"product_cat","embeddable":true,"href":"https:\/\/staviori.com.pl\/de\/wp-json\/wp\/v2\/product_cat?post=15399"},{"taxonomy":"product_tag","embeddable":true,"href":"https:\/\/staviori.com.pl\/de\/wp-json\/wp\/v2\/product_tag?post=15399"}],"curies":[{"name":"wp","href":"https:\/\/api.w.org\/{rel}","templated":true}]}}