{"id":15398,"date":"2025-02-24T22:48:48","date_gmt":"2025-02-24T21:48:48","guid":{"rendered":"https:\/\/staviori.com.pl\/product\/bizuteria-inwestycyjna-pierscionek-pxd1799\/"},"modified":"2026-02-11T00:09:14","modified_gmt":"2026-02-10T23:09:14","slug":"bizuteria-inwestycyjna-pierscionek-pxd1799","status":"publish","type":"product","link":"https:\/\/staviori.com.pl\/de\/product\/bizuteria-inwestycyjna-pierscionek-pxd1799\/","title":{"rendered":"Exklusive | herrschaftlich sch\u00f6ne breite Ring in zwei Farben von 18K Gold mit Diamanten"},"content":{"rendered":"<p>Model: DDR0754<br \/>\nGewicht ca. 12,90g<\/p>\n<p>Ring.<br \/>\nBia\u0142e, R\u00f3\u017cowe Z\u0142oto 0,750.<br \/>\n70 Diament\u00f3w, szlif brylantowy, o masie 0,70ct, barwa G-H, czysto\u015b\u0107 SI1.<br \/>\nSzeroko\u015b\u0107 11 mm.<\/p>\n<p>Produkt w dowolnym rozmiarze i kolorze z\u0142ota, dost\u0119pny wy\u0142\u0105cznie na zam\u00f3wienie, czas realizacji ok. 5 tygodni.<\/p>","protected":false},"excerpt":{"rendered":"<p>Ol\u015bniewaj\u0105cy pier\u015bcionek wykonany z najwy\u017cszej pr\u00f3by 18-karatowego r\u00f3\u017cowego i bia\u0142ego z\u0142ota. Jego nowoczesna forma przyci\u0105ga uwag\u0119 dynamicznie splecionymi pasmami, z kt\u00f3rych dwa ozdobione s\u0105 a\u017c 70 brylantami o \u0142\u0105cznej masie 0,70 ct. Subtelna gra kolor\u00f3w i po\u0142yskuj\u0105cych kamieni tworzy wyj\u0105tkowy efekt elegancji i luksusu. To bi\u017cuteria, kt\u00f3ra nie tylko zdobi, ale podkre\u015bla indywidualny styl i klas\u0119 ka\u017cdej kobiety.<\/p>","protected":false},"featured_media":20363,"comment_status":"closed","ping_status":"closed","template":"","meta":{"om_disable_all_campaigns":false},"product_brand":[2284],"product_cat":[1803,801,6741],"product_tag":[2308,2311,5442,2569,5009,4708,5257,5441,2336,3724],"class_list":{"0":"post-15398","1":"product","2":"type-product","3":"status-publish","4":"has-post-thumbnail","6":"product_brand-staviori","7":"product_cat-brylanty-exclusive","8":"product_cat-pierscionki","9":"product_cat-pierscionki-brylanty-exclusive","10":"product_tag-biale-zloto","11":"product_tag-bizuteria-luksusowa","12":"product_tag-ddr0754","13":"product_tag-nowoczesna-bizuteria","14":"product_tag-pierscionek-designerski","15":"product_tag-pierscionek-z-diamentami","16":"product_tag-pierscionek-zloty","17":"product_tag-pxd1799","18":"product_tag-rozowe-zloto","19":"product_tag-staviori","20":"pa_barwa-g-h","21":"pa_czystosc-si1","22":"pa_dostawca-draco","23":"pa_kamien-brylanty","24":"pa_kolor-biale","25":"pa_kolor-rozowe","26":"pa_kruszec-zloto","27":"pa_proba-0-750","28":"pa_szerokosc-11mm","29":"pa_waga-1290g","31":"first","32":"onbackorder","33":"purchasable","34":"product-type-simple"},"aioseo_notices":[],"_links":{"self":[{"href":"https:\/\/staviori.com.pl\/de\/wp-json\/wp\/v2\/product\/15398","targetHints":{"allow":["GET"]}}],"collection":[{"href":"https:\/\/staviori.com.pl\/de\/wp-json\/wp\/v2\/product"}],"about":[{"href":"https:\/\/staviori.com.pl\/de\/wp-json\/wp\/v2\/types\/product"}],"replies":[{"embeddable":true,"href":"https:\/\/staviori.com.pl\/de\/wp-json\/wp\/v2\/comments?post=15398"}],"wp:featuredmedia":[{"embeddable":true,"href":"https:\/\/staviori.com.pl\/de\/wp-json\/wp\/v2\/media\/20363"}],"wp:attachment":[{"href":"https:\/\/staviori.com.pl\/de\/wp-json\/wp\/v2\/media?parent=15398"}],"wp:term":[{"taxonomy":"product_brand","embeddable":true,"href":"https:\/\/staviori.com.pl\/de\/wp-json\/wp\/v2\/product_brand?post=15398"},{"taxonomy":"product_cat","embeddable":true,"href":"https:\/\/staviori.com.pl\/de\/wp-json\/wp\/v2\/product_cat?post=15398"},{"taxonomy":"product_tag","embeddable":true,"href":"https:\/\/staviori.com.pl\/de\/wp-json\/wp\/v2\/product_tag?post=15398"}],"curies":[{"name":"wp","href":"https:\/\/api.w.org\/{rel}","templated":true}]}}