{"id":15397,"date":"2025-02-24T22:48:48","date_gmt":"2025-02-24T21:48:48","guid":{"rendered":"https:\/\/staviori.com.pl\/product\/bizuteria-inwestycyjna-pierscionek-pxd1797\/"},"modified":"2026-02-11T00:09:14","modified_gmt":"2026-02-10T23:09:14","slug":"bizuteria-inwestycyjna-pierscionek-pxd1797","status":"publish","type":"product","link":"https:\/\/staviori.com.pl\/de\/product\/bizuteria-inwestycyjna-pierscionek-pxd1797\/","title":{"rendered":"Exklusiver | sch\u00f6ner breiter Ring in drei Farben aus 18 Karat Gold mit Diamanten"},"content":{"rendered":"<p>Model: DDR0781<br \/>\nWaga ok. 13,90g<\/p>\n<p>Ring.<br \/>\n\u017b\u00f3\u0142te, Bia\u0142e, R\u00f3\u017cowe Z\u0142oto 0,750.<br \/>\n70 Diament\u00f3w, szlif brylantowy, o masie 0,70ct, barwa G-H, czysto\u015b\u0107 SI1.<\/p>\n<p>Szeroko\u015b\u0107 15 mm.<\/p>\n<p>Produkt in jeder Gr\u00f6\u00dfe, nur auf Anfrage erh\u00e4ltlich, Lieferzeit ca. 5 Wochen.<\/p>","protected":false},"excerpt":{"rendered":"<p>Spektakularny pier\u015bcionek z tr\u00f3jkolorowego z\u0142ota, kt\u00f3ry zachwyca swoj\u0105 architektur\u0105 i blaskiem. Po\u0142\u0105czenie \u017c\u00f3\u0142tego, bia\u0142ego i r\u00f3\u017cowego z\u0142ota pr\u00f3by 0,750 tworzy zmys\u0142owy, elegancki splot. 70 misternie oprawionych brylant\u00f3w o \u0142\u0105cznej masie 0,70 ct subtelnie mieni si\u0119 przy ka\u017cdym ruchu d\u0142oni. To propozycja dla kobiet ceni\u0105cych luksus, indywidualny styl i ponadczasowe pi\u0119kno.<\/p>","protected":false},"featured_media":20365,"comment_status":"closed","ping_status":"closed","template":"","meta":{"om_disable_all_campaigns":false},"product_brand":[2284],"product_cat":[1803,6741,801],"product_tag":[2311,2591,5444,4672,2569,4746,4708,5257,5443,2521],"class_list":{"0":"post-15397","1":"product","2":"type-product","3":"status-publish","4":"has-post-thumbnail","6":"product_brand-staviori","7":"product_cat-brylanty-exclusive","8":"product_cat-pierscionki-brylanty-exclusive","9":"product_cat-pierscionki","10":"product_tag-bizuteria-luksusowa","11":"product_tag-bizuteria-premium","12":"product_tag-ddr0781","13":"product_tag-elegancki-pierscionek","14":"product_tag-nowoczesna-bizuteria","15":"product_tag-pierscionek-z-brylantami","16":"product_tag-pierscionek-z-diamentami","17":"product_tag-pierscionek-zloty","18":"product_tag-pxd1797","19":"product_tag-trojkolorowe-zloto","20":"pa_barwa-g-h","21":"pa_czystosc-si1","22":"pa_dostawca-draco","23":"pa_kamien-brylanty","24":"pa_kolor-biale","25":"pa_kolor-rozowe","26":"pa_kolor-zolte","27":"pa_kruszec-zloto","28":"pa_proba-0-750","29":"pa_szerokosc-15mm","30":"pa_waga-1390g","32":"first","33":"onbackorder","34":"purchasable","35":"product-type-simple"},"aioseo_notices":[],"_links":{"self":[{"href":"https:\/\/staviori.com.pl\/de\/wp-json\/wp\/v2\/product\/15397","targetHints":{"allow":["GET"]}}],"collection":[{"href":"https:\/\/staviori.com.pl\/de\/wp-json\/wp\/v2\/product"}],"about":[{"href":"https:\/\/staviori.com.pl\/de\/wp-json\/wp\/v2\/types\/product"}],"replies":[{"embeddable":true,"href":"https:\/\/staviori.com.pl\/de\/wp-json\/wp\/v2\/comments?post=15397"}],"wp:featuredmedia":[{"embeddable":true,"href":"https:\/\/staviori.com.pl\/de\/wp-json\/wp\/v2\/media\/20365"}],"wp:attachment":[{"href":"https:\/\/staviori.com.pl\/de\/wp-json\/wp\/v2\/media?parent=15397"}],"wp:term":[{"taxonomy":"product_brand","embeddable":true,"href":"https:\/\/staviori.com.pl\/de\/wp-json\/wp\/v2\/product_brand?post=15397"},{"taxonomy":"product_cat","embeddable":true,"href":"https:\/\/staviori.com.pl\/de\/wp-json\/wp\/v2\/product_cat?post=15397"},{"taxonomy":"product_tag","embeddable":true,"href":"https:\/\/staviori.com.pl\/de\/wp-json\/wp\/v2\/product_tag?post=15397"}],"curies":[{"name":"wp","href":"https:\/\/api.w.org\/{rel}","templated":true}]}}