{"id":15395,"date":"2025-02-24T22:48:48","date_gmt":"2025-02-24T21:48:48","guid":{"rendered":"https:\/\/staviori.com.pl\/product\/bizuteria-inwestycyjna-pierscionek-pxd1631\/"},"modified":"2026-02-11T00:09:14","modified_gmt":"2026-02-10T23:09:14","slug":"bizuteria-inwestycyjna-pierscionek-pxd1631","status":"publish","type":"product","link":"https:\/\/staviori.com.pl\/de\/product\/bizuteria-inwestycyjna-pierscionek-pxd1631\/","title":{"rendered":"Exklusive | blumenf\u00f6rmiger Diamantring aus 750er Gold"},"content":{"rendered":"<p>Model: DDR0627<br \/>\nWaga ok. 22g<\/p>\n<p>Ring.<br \/>\nBia\u0142e, R\u00f3\u017cowe Z\u0142oto 0,750.<br \/>\n369 Diament\u00f3w, szlif brylantowy, o masie 3,97ct, barwa G-H, czysto\u015b\u0107 SI1.<\/p>\n<p>\u015arednica korony ok. 28.5 mm.<br \/>\nWysoko\u015b\u0107 15 mm.<\/p>\n<p>Ma\u0142e jubilerskie dzie\u0142o sztuki!<br \/>\nProdukt w dowolnym rozmiarze, kolorze z\u0142ota dost\u0119pny wy\u0142\u0105cznie na zam\u00f3wienie, czas realizacji ok. 5 tygodni.<\/p>","protected":false},"excerpt":{"rendered":"<p>Spektakularny pier\u015bcionek w kszta\u0142cie rozkwitaj\u0105cego kwiatu, wykonany z najwy\u017cszej jako\u015bci bia\u0142ego i r\u00f3\u017cowego z\u0142ota pr\u00f3by 0,750. A\u017c 369 diament\u00f3w o \u0142\u0105cznej masie niemal 4 ct zdobi ka\u017cdy p\u0142atek, tworz\u0105c zachwycaj\u0105cy efekt l\u015bnienia i tr\u00f3jwymiarowej g\u0142\u0119bi. Artystycznie zaprojektowana forma sprawia, \u017ce jest to nie tylko bi\u017cuteria, ale prawdziwe dzie\u0142o sztuki \u2013 idealne dla mi\u0142o\u015bniczki luksusu i wyj\u0105tkowego stylu.<\/p>","protected":false},"featured_media":20382,"comment_status":"closed","ping_status":"closed","template":"","meta":{"om_disable_all_campaigns":false},"product_brand":[2284],"product_cat":[1803,801,6741],"product_tag":[5447,2907,5445,4923,4928,2555,5069,5455,5448,5453,4932,5064,4711,5450,4708,5451,5454,5446,5449,5452],"class_list":{"0":"post-15395","1":"product","2":"type-product","3":"status-publish","4":"has-post-thumbnail","6":"product_brand-staviori","7":"product_cat-brylanty-exclusive","8":"product_cat-pierscionki","9":"product_cat-pierscionki-brylanty-exclusive","10":"product_tag-artistic-jewelry","11":"product_tag-bizuteria-artystyczna","12":"product_tag-ddr0627","13":"product_tag-diamantovy-prsten","14":"product_tag-diamond-ring","15":"product_tag-ekskluzywna-bizuteria","16":"product_tag-exclusive-jewelry","17":"product_tag-exkluzivni-sperky","18":"product_tag-flower-ring","19":"product_tag-kvetinovy-prsten","20":"product_tag-luxury-ring","21":"product_tag-luxusni-prsten","22":"product_tag-pierscionek-kwiat","23":"product_tag-pierscionek-luksusowy","24":"product_tag-pierscionek-z-diamentami","25":"product_tag-pierscionek-z-rozowego-i-bialego-zlota","26":"product_tag-prsten-z-bileho-a-ruzoveho-zlata","27":"product_tag-pxd1631","28":"product_tag-rose-and-white-gold-ring","29":"product_tag-umelecke-sperky","30":"pa_barwa-g-h","31":"pa_czystosc-si1","32":"pa_dostawca-draco","33":"pa_kamien-brylanty","34":"pa_kolor-biale","35":"pa_kolor-rozowe","36":"pa_kruszec-zloto","37":"pa_proba-0-750","38":"pa_srednica-korony-ok-28-5mm","39":"pa_waga-22-00g","40":"pa_wysokosc-15mm","42":"first","43":"onbackorder","44":"purchasable","45":"product-type-simple"},"aioseo_notices":[],"_links":{"self":[{"href":"https:\/\/staviori.com.pl\/de\/wp-json\/wp\/v2\/product\/15395","targetHints":{"allow":["GET"]}}],"collection":[{"href":"https:\/\/staviori.com.pl\/de\/wp-json\/wp\/v2\/product"}],"about":[{"href":"https:\/\/staviori.com.pl\/de\/wp-json\/wp\/v2\/types\/product"}],"replies":[{"embeddable":true,"href":"https:\/\/staviori.com.pl\/de\/wp-json\/wp\/v2\/comments?post=15395"}],"wp:featuredmedia":[{"embeddable":true,"href":"https:\/\/staviori.com.pl\/de\/wp-json\/wp\/v2\/media\/20382"}],"wp:attachment":[{"href":"https:\/\/staviori.com.pl\/de\/wp-json\/wp\/v2\/media?parent=15395"}],"wp:term":[{"taxonomy":"product_brand","embeddable":true,"href":"https:\/\/staviori.com.pl\/de\/wp-json\/wp\/v2\/product_brand?post=15395"},{"taxonomy":"product_cat","embeddable":true,"href":"https:\/\/staviori.com.pl\/de\/wp-json\/wp\/v2\/product_cat?post=15395"},{"taxonomy":"product_tag","embeddable":true,"href":"https:\/\/staviori.com.pl\/de\/wp-json\/wp\/v2\/product_tag?post=15395"}],"curies":[{"name":"wp","href":"https:\/\/api.w.org\/{rel}","templated":true}]}}