{"id":15393,"date":"2025-02-24T22:48:44","date_gmt":"2025-02-24T21:48:44","guid":{"rendered":"https:\/\/staviori.com.pl\/product\/bizuteria-inwestycyjna-pierscionek-pxd1555y\/"},"modified":"2026-02-11T00:09:14","modified_gmt":"2026-02-10T23:09:14","slug":"bizuteria-inwestycyjna-pierscionek-pxd1555y","status":"publish","type":"product","link":"https:\/\/staviori.com.pl\/de\/product\/bizuteria-inwestycyjna-pierscionek-pxd1555y\/","title":{"rendered":"Exklusive | perfekte Verlobungsring - 0,50ct in 750 Gold"},"content":{"rendered":"<p>Model: PXD1555Y<br \/>\nWaga ok. 4,00g<\/p>\n<p>Ring.<br \/>\n\u017b\u00f3\u0142te, Bia\u0142e Z\u0142oto 0,750.<br \/>\n1 Diament, szlif brylantowy, o masie 0,50ct., barwa G, czysto\u015b\u0107 SI1-SI2.<\/p>\n<p>\u015arednica korony ok. 6 mm.<br \/>\nWysoko\u015b\u0107 6.5 mm.<br \/>\nSzeroko\u015b\u0107 obr\u0105czki ok. 3 mm.<\/p>\n<p>Dost\u0119pny na indywidualne zam\u00f3wienie z dowolnym innym Brylantem.<\/p>\n<p>Pier\u015bcionek zar\u0119czynowy<br \/>\nNur einige Gr\u00f6\u00dfen verf\u00fcgbar - bitte anfragen<\/p>\n<p>&#8212;&#8212;&#8212;&#8212;&#8212;&#8212;&#8212;&#8212;&#8212;&#8212;<br \/>\nMi\u0119dzynarodowy certyfikat GIA\/IGI lub HRD<br \/>\nLaserowy grawer na rondy\u015bcie z numerem certyfikatu<\/p>","protected":false},"excerpt":{"rendered":"<p>Elegancki pier\u015bcionek zar\u0119czynowy Staviori PXD1555Y zachwyca klasycznym pi\u0119knem i doskona\u0142\u0105 jako\u015bci\u0105 wykonania. L\u015bni\u0105cy brylant o masie 0,50 ct, barwie G i czysto\u015bci SI1-SI2, subtelnie oprawiono w koron\u0119 z bia\u0142ego z\u0142ota, kt\u00f3ra pi\u0119knie podkre\u015bla jego blask. G\u0142adka obr\u0105czka z 18-karatowego \u017c\u00f3\u0142tego z\u0142ota tworzy harmonijne po\u0142\u0105czenie nowoczesno\u015bci z ponadczasow\u0105 elegancj\u0105. To wyj\u0105tkowy symbol mi\u0142o\u015bci, kt\u00f3ry idealnie dope\u0142ni moment zar\u0119czyn.<\/p>","protected":false},"featured_media":6251,"comment_status":"closed","ping_status":"closed","template":"","meta":{"om_disable_all_campaigns":false},"product_brand":[2284],"product_cat":[1803,6741,801],"product_tag":[4095,2879,2308,2311,4123,6749,3722,4928,4906,5576,4668,6748,3724,5560,4910,6747,2522],"class_list":{"0":"post-15393","1":"product","2":"type-product","3":"status-publish","4":"has-post-thumbnail","6":"product_brand-staviori","7":"product_cat-brylanty-exclusive","8":"product_cat-pierscionki-brylanty-exclusive","9":"product_cat-pierscionki","10":"product_tag-18k-gold","11":"product_tag-50ct","12":"product_tag-biale-zloto","13":"product_tag-bizuteria-luksusowa","14":"product_tag-brylant","15":"product_tag-diamant-0","16":"product_tag-diament","17":"product_tag-diamond-ring","18":"product_tag-engagement-ring","19":"product_tag-gold-ring","20":"product_tag-pierscionek-zareczynowy","21":"product_tag-prsten-se-zasnubni-diamantem","22":"product_tag-staviori","23":"product_tag-verlobungsring","24":"product_tag-zasnubni-prsten","25":"product_tag-zloto-0-750","26":"product_tag-zolte-zloto","27":"pa_barwa-g-h","28":"pa_czystosc-si1-si2","29":"pa_kamien-brylant","30":"pa_kolor-zolte","31":"pa_kruszec-zloto","32":"pa_masa-karatowa-050ct","33":"pa_okazja-idealne-na-zareczyny","34":"pa_proba-0-750","35":"pa_srednica-korony-ok-6mm","36":"pa_waga-390g","37":"pa_wysokosc-6-5mm","39":"first","40":"onbackorder","41":"purchasable","42":"product-type-simple"},"aioseo_notices":[],"_links":{"self":[{"href":"https:\/\/staviori.com.pl\/de\/wp-json\/wp\/v2\/product\/15393","targetHints":{"allow":["GET"]}}],"collection":[{"href":"https:\/\/staviori.com.pl\/de\/wp-json\/wp\/v2\/product"}],"about":[{"href":"https:\/\/staviori.com.pl\/de\/wp-json\/wp\/v2\/types\/product"}],"replies":[{"embeddable":true,"href":"https:\/\/staviori.com.pl\/de\/wp-json\/wp\/v2\/comments?post=15393"}],"wp:featuredmedia":[{"embeddable":true,"href":"https:\/\/staviori.com.pl\/de\/wp-json\/wp\/v2\/media\/6251"}],"wp:attachment":[{"href":"https:\/\/staviori.com.pl\/de\/wp-json\/wp\/v2\/media?parent=15393"}],"wp:term":[{"taxonomy":"product_brand","embeddable":true,"href":"https:\/\/staviori.com.pl\/de\/wp-json\/wp\/v2\/product_brand?post=15393"},{"taxonomy":"product_cat","embeddable":true,"href":"https:\/\/staviori.com.pl\/de\/wp-json\/wp\/v2\/product_cat?post=15393"},{"taxonomy":"product_tag","embeddable":true,"href":"https:\/\/staviori.com.pl\/de\/wp-json\/wp\/v2\/product_tag?post=15393"}],"curies":[{"name":"wp","href":"https:\/\/api.w.org\/{rel}","templated":true}]}}