{"id":15384,"date":"2025-02-24T22:48:44","date_gmt":"2025-02-24T21:48:44","guid":{"rendered":"https:\/\/staviori.com.pl\/product\/pierscionek-z-diamentem-pxd0660\/"},"modified":"2026-02-11T00:09:14","modified_gmt":"2026-02-10T23:09:14","slug":"pierscionek-z-diamentem-pxd0660","status":"publish","type":"product","link":"https:\/\/staviori.com.pl\/de\/product\/pierscionek-z-diamentem-pxd0660\/","title":{"rendered":"Exklusive | sch\u00f6ne Verlobung mit 0,25ct G\/Si1 Diamant in 6 pawpaw und 18k Gold"},"content":{"rendered":"<p>Model: DDR0660<br \/>\nWaga ok. 3,40g<\/p>\n<p>Ring.<br \/>\n\u017b\u00f3\u0142te, Bia\u0142e Z\u0142oto 0,750.<br \/>\n1 Diament, szlif brylantowy, o masie 0,25ct, barwa G, czysto\u015b\u0107 SI1.<\/p>\n<p>Kronen-Durchmesser ca. 4 mm.<br \/>\nSzeroko\u015b\u0107 obr\u0105czki ok. 2.80 mm.<\/p>\n<p>Dost\u0119pny na indywidualne zam\u00f3wienie z dowolnym innym Brylantem.<br \/>\nPier\u015bcionek na zam\u00f3wienie &#8211; termin realizacji oko\u0142o 1 tydzie\u0144.<\/p>","protected":false},"excerpt":{"rendered":"<p>Klasyczny pier\u015bcionek zar\u0119czynowy wykonany z 18-karatowego \u017c\u00f3\u0142tego i bia\u0142ego z\u0142ota zachwyca ponadczasow\u0105 form\u0105 i elegancj\u0105. Centralnie osadzony brylant o masie 0,25ct przyci\u0105ga wzrok swoim wyj\u0105tkowym blaskiem, a sze\u015bcioramienna korona podkre\u015bla jego urok i jako\u015b\u0107. Po\u0142\u0105czenie wysokiej pr\u00f3by z\u0142ota i perfekcyjnie oszlifowanego kamienia czyni ten model idealnym wyborem na zar\u0119czyny \u2013 symbol trwa\u0142ej mi\u0142o\u015bci i wyj\u0105tkowego uczucia.<\/p>","protected":false},"featured_media":6141,"comment_status":"closed","ping_status":"closed","template":"","meta":{"om_disable_all_campaigns":false},"product_brand":[2284],"product_cat":[1803,1838,2182,6741,801],"product_tag":[5329,2308,4123,5328,3722,4673,2280,5330,4668,5327,2522],"class_list":{"0":"post-15384","1":"product","2":"type-product","3":"status-publish","4":"has-post-thumbnail","6":"product_brand-staviori","7":"product_cat-brylanty-exclusive","8":"product_cat-diamenty","9":"product_cat-pierscionek-z-diamentem","10":"product_cat-pierscionki-brylanty-exclusive","11":"product_cat-pierscionki","12":"product_tag-0-25-ct","13":"product_tag-biale-zloto","14":"product_tag-brylant","15":"product_tag-ddr0660","16":"product_tag-diament","17":"product_tag-klasyczny-pierscionek","18":"product_tag-luksusowa-bizuteria","19":"product_tag-pierscionek-z-jednym-kamieniem","20":"product_tag-pierscionek-zareczynowy","21":"product_tag-pxd0660","22":"product_tag-zolte-zloto","23":"pa_barwa-g-2","24":"pa_czystosc-si1","25":"pa_dostawca-draco","26":"pa_kamien-brylant","27":"pa_kolor-zolte","28":"pa_kruszec-zloto","29":"pa_masa-karatowa-025ct","30":"pa_okazja-idealne-na-zareczyny","31":"pa_proba-0-750","32":"pa_srednica-korony-ok-4mm","33":"pa_szerokosc-obraczki-ok-2-80mm","34":"pa_waga-340g","36":"first","37":"onbackorder","38":"purchasable","39":"product-type-simple"},"aioseo_notices":[],"_links":{"self":[{"href":"https:\/\/staviori.com.pl\/de\/wp-json\/wp\/v2\/product\/15384","targetHints":{"allow":["GET"]}}],"collection":[{"href":"https:\/\/staviori.com.pl\/de\/wp-json\/wp\/v2\/product"}],"about":[{"href":"https:\/\/staviori.com.pl\/de\/wp-json\/wp\/v2\/types\/product"}],"replies":[{"embeddable":true,"href":"https:\/\/staviori.com.pl\/de\/wp-json\/wp\/v2\/comments?post=15384"}],"wp:featuredmedia":[{"embeddable":true,"href":"https:\/\/staviori.com.pl\/de\/wp-json\/wp\/v2\/media\/6141"}],"wp:attachment":[{"href":"https:\/\/staviori.com.pl\/de\/wp-json\/wp\/v2\/media?parent=15384"}],"wp:term":[{"taxonomy":"product_brand","embeddable":true,"href":"https:\/\/staviori.com.pl\/de\/wp-json\/wp\/v2\/product_brand?post=15384"},{"taxonomy":"product_cat","embeddable":true,"href":"https:\/\/staviori.com.pl\/de\/wp-json\/wp\/v2\/product_cat?post=15384"},{"taxonomy":"product_tag","embeddable":true,"href":"https:\/\/staviori.com.pl\/de\/wp-json\/wp\/v2\/product_tag?post=15384"}],"curies":[{"name":"wp","href":"https:\/\/api.w.org\/{rel}","templated":true}]}}