{"id":15372,"date":"2025-02-24T22:48:44","date_gmt":"2025-02-24T21:48:44","guid":{"rendered":"https:\/\/staviori.com.pl\/product\/zloty-pierscionek-pxc6696\/"},"modified":"2026-04-09T10:25:33","modified_gmt":"2026-04-09T08:25:33","slug":"zloty-pierscionek-pxc6696","status":"publish","type":"product","link":"https:\/\/staviori.com.pl\/de\/product\/zloty-pierscionek-pxc6696\/","title":{"rendered":"333 Goldring mit geometrischem Muster"},"content":{"rendered":"<p>Model: PXC6696<br \/>\nGewicht ca. 2,80g<\/p>\n<p>Ring.<br \/>\nGelbgold 0,333.<\/p>\n<p>Nur einige Gr\u00f6\u00dfen verf\u00fcgbar - bitte anfragen<br \/>\nWi\u0119kszo\u015b\u0107 dost\u0119pna na zam\u00f3wienie &#8211; termin oko\u0142o 1 tydzie\u0144.<\/p>","protected":false},"excerpt":{"rendered":"<p>Elegancki pier\u015bcionek z \u017c\u00f3\u0142tego z\u0142ota, kt\u00f3rego wyj\u0105tkowy design przyci\u0105ga uwag\u0119 geometrycznym zdobieniem i skrzy\u017cowanymi liniami. Subtelne \u017c\u0142obienia i po\u0142yskuj\u0105ca powierzchnia nadaj\u0105 mu szlachetnego charakteru, a matowo-b\u0142yszcz\u0105ce wyko\u0144czenie dodaje g\u0142\u0119bi. Idealna propozycja dla kobiet ceni\u0105cych wyrazist\u0105, ale klasyczn\u0105 bi\u017cuteri\u0119 na ka\u017cd\u0105 okazj\u0119.<\/p>\n<p>Wi\u0119kszo\u015b\u0107 rozmiar\u00f3w dost\u0119pna na zam\u00f3wienie \u2013 termin oko\u0142o 1 tydzie\u0144.<\/p>","protected":false},"featured_media":15373,"comment_status":"closed","ping_status":"closed","template":"","meta":{"om_disable_all_campaigns":false},"product_brand":[2284,2350],"product_cat":[801,1930,2204],"product_tag":[3591,4296,4673,4353,5257,5413,5414],"class_list":{"0":"post-15372","1":"product","2":"type-product","3":"status-publish","4":"has-post-thumbnail","6":"product_brand-staviori","7":"product_brand-verona","8":"product_cat-pierscionki","9":"product_cat-zloto-2","10":"product_cat-zloty-pierscionek","11":"product_tag-bizuteria-0-333","12":"product_tag-geometryczna-bizuteria","13":"product_tag-klasyczny-pierscionek","14":"product_tag-nowoczesny-design","15":"product_tag-pierscionek-zloty","16":"product_tag-pierscionek-zolte-zloto","17":"product_tag-zloty-wzor","18":"pa_kolor-zolte","19":"pa_kruszec-zloto","20":"pa_proba-0-333","21":"pa_rozmiar-2352","22":"pa_rozmiar-2353","23":"pa_rozmiar-2354","24":"pa_rozmiar-2355","25":"pa_rozmiar-2356","26":"pa_rozmiar-2357","27":"pa_rozmiar-2358","28":"pa_rozmiar-2359","29":"pa_rozmiar-4356","30":"pa_waga-280g","32":"first","33":"onbackorder","34":"purchasable","35":"product-type-simple"},"aioseo_notices":[],"_links":{"self":[{"href":"https:\/\/staviori.com.pl\/de\/wp-json\/wp\/v2\/product\/15372","targetHints":{"allow":["GET"]}}],"collection":[{"href":"https:\/\/staviori.com.pl\/de\/wp-json\/wp\/v2\/product"}],"about":[{"href":"https:\/\/staviori.com.pl\/de\/wp-json\/wp\/v2\/types\/product"}],"replies":[{"embeddable":true,"href":"https:\/\/staviori.com.pl\/de\/wp-json\/wp\/v2\/comments?post=15372"}],"wp:featuredmedia":[{"embeddable":true,"href":"https:\/\/staviori.com.pl\/de\/wp-json\/wp\/v2\/media\/15373"}],"wp:attachment":[{"href":"https:\/\/staviori.com.pl\/de\/wp-json\/wp\/v2\/media?parent=15372"}],"wp:term":[{"taxonomy":"product_brand","embeddable":true,"href":"https:\/\/staviori.com.pl\/de\/wp-json\/wp\/v2\/product_brand?post=15372"},{"taxonomy":"product_cat","embeddable":true,"href":"https:\/\/staviori.com.pl\/de\/wp-json\/wp\/v2\/product_cat?post=15372"},{"taxonomy":"product_tag","embeddable":true,"href":"https:\/\/staviori.com.pl\/de\/wp-json\/wp\/v2\/product_tag?post=15372"}],"curies":[{"name":"wp","href":"https:\/\/api.w.org\/{rel}","templated":true}]}}