{"id":15364,"date":"2025-02-24T22:48:44","date_gmt":"2025-02-24T21:48:44","guid":{"rendered":"https:\/\/staviori.com.pl\/product\/zloty-pierscionek-pxc6648\/"},"modified":"2026-03-18T09:26:12","modified_gmt":"2026-03-18T08:26:12","slug":"zloty-pierscionek-pxc6648","status":"publish","type":"product","link":"https:\/\/staviori.com.pl\/de\/product\/zloty-pierscionek-pxc6648\/","title":{"rendered":"Sch\u00f6ner durchbrochener Goldring mit Zirkonen"},"content":{"rendered":"<p>Model: PXC6648<br \/>\nWaga ok. 3,40g<\/p>\n<p>Ring.<br \/>\nGelbgold 0,333.<br \/>\nZirkoniumdioxid.<br \/>\nSzeroko\u015b\u0107 obr\u0105czki ok. 16 mm.<\/p>\n<p>Dost\u0119pne tylko niekt\u00f3re rozmiary &#8211; wi\u0119kszo\u015b\u0107 na zam\u00f3wienie ( 1 tydzie\u0144 ) \/ prosimy pyta\u0107<\/p>","protected":false},"excerpt":{"rendered":"<p>Zjawiskowy pier\u015bcionek z \u017c\u00f3\u0142tego z\u0142ota o a\u017curowym wyko\u0144czeniu i niezwykle ozdobnym charakterze. Finezyjna koronka z metalu zosta\u0142a usiana l\u015bni\u0105cymi cyrkoniami, kt\u00f3re pi\u0119knie odbijaj\u0105 \u015bwiat\u0142o i dodaj\u0105 ca\u0142o\u015bci bi\u017cuteryjnego blasku. To model, kt\u00f3ry z pewno\u015bci\u0105 przyci\u0105ga spojrzenia \u2013 idealny dla kobiet kochaj\u0105cych wyraziste dodatki z klas\u0105.<\/p>\n<p>Dost\u0119pne tylko niekt\u00f3re rozmiary \u2013 wi\u0119kszo\u015b\u0107 na zam\u00f3wienie ( 1 tydzie\u0144 )<\/p>","protected":false},"featured_media":15365,"comment_status":"closed","ping_status":"closed","template":"","meta":{"om_disable_all_campaigns":false},"product_brand":[2284,2350],"product_cat":[801,1930,2204],"product_tag":[5415,2317,4884,5297,5166,5413,3577],"class_list":{"0":"post-15364","1":"product","2":"type-product","3":"status-publish","4":"has-post-thumbnail","6":"product_brand-staviori","7":"product_brand-verona","8":"product_cat-pierscionki","9":"product_cat-zloto-2","10":"product_cat-zloty-pierscionek","11":"product_tag-bogato-zdobiony-pierscionek","12":"product_tag-elegancka-bizuteria","13":"product_tag-kobiecy-pierscionek","14":"product_tag-pierscionek-azurowy","15":"product_tag-pierscionek-z-cyrkoniami","16":"product_tag-pierscionek-zolte-zloto","17":"product_tag-zloto-0-333","18":"pa_kamien-cyrkonia","19":"pa_kolor-zolte","20":"pa_kruszec-zloto","21":"pa_proba-0-333","22":"pa_rozmiar-2352","23":"pa_rozmiar-2353","24":"pa_rozmiar-2354","25":"pa_rozmiar-2355","26":"pa_rozmiar-2356","27":"pa_rozmiar-2357","28":"pa_rozmiar-2358","29":"pa_rozmiar-2359","30":"pa_rozmiar-2360","31":"pa_szerokosc-obraczki-ok-16mm","32":"pa_waga-340g","34":"first","35":"onbackorder","36":"purchasable","37":"product-type-simple"},"aioseo_notices":[],"_links":{"self":[{"href":"https:\/\/staviori.com.pl\/de\/wp-json\/wp\/v2\/product\/15364","targetHints":{"allow":["GET"]}}],"collection":[{"href":"https:\/\/staviori.com.pl\/de\/wp-json\/wp\/v2\/product"}],"about":[{"href":"https:\/\/staviori.com.pl\/de\/wp-json\/wp\/v2\/types\/product"}],"replies":[{"embeddable":true,"href":"https:\/\/staviori.com.pl\/de\/wp-json\/wp\/v2\/comments?post=15364"}],"wp:featuredmedia":[{"embeddable":true,"href":"https:\/\/staviori.com.pl\/de\/wp-json\/wp\/v2\/media\/15365"}],"wp:attachment":[{"href":"https:\/\/staviori.com.pl\/de\/wp-json\/wp\/v2\/media?parent=15364"}],"wp:term":[{"taxonomy":"product_brand","embeddable":true,"href":"https:\/\/staviori.com.pl\/de\/wp-json\/wp\/v2\/product_brand?post=15364"},{"taxonomy":"product_cat","embeddable":true,"href":"https:\/\/staviori.com.pl\/de\/wp-json\/wp\/v2\/product_cat?post=15364"},{"taxonomy":"product_tag","embeddable":true,"href":"https:\/\/staviori.com.pl\/de\/wp-json\/wp\/v2\/product_tag?post=15364"}],"curies":[{"name":"wp","href":"https:\/\/api.w.org\/{rel}","templated":true}]}}