{"id":15341,"date":"2025-02-24T22:48:44","date_gmt":"2025-02-24T21:48:44","guid":{"rendered":"https:\/\/staviori.com.pl\/product\/zloty-pierscionek-pxc6581\/"},"modified":"2026-04-25T01:31:29","modified_gmt":"2026-04-24T23:31:29","slug":"zloty-pierscionek-pxc6581","status":"publish","type":"product","link":"https:\/\/staviori.com.pl\/de\/product\/zloty-pierscionek-pxc6581\/","title":{"rendered":"333 Gold durchbrochener Ring"},"content":{"rendered":"<p>Model: PXC6581<br \/>\nWaga ok. 2,60g<\/p>\n<p>Ring.<br \/>\nGelbgold 0,333.<\/p>\n<p>Nur einige Gr\u00f6\u00dfen verf\u00fcgbar - bitte anfragen<br \/>\nNiekt\u00f3re s\u0105 na zam\u00f3wienie &#8211; 1 tydzie\u0144.<\/p>","protected":false},"excerpt":{"rendered":"<p>Z\u0142oty pier\u015bcionek o nowoczesnej i lekkiej formie, kt\u00f3rej g\u0142\u00f3wnym motywem s\u0105 a\u017curowe kwiaty o mi\u0119kkich, zaokr\u0105glonych liniach. Subtelny po\u0142ysk \u017c\u00f3\u0142tego z\u0142ota podkre\u015bla prostot\u0119, a jednocze\u015bnie wyj\u0105tkowo\u015b\u0107 tego projektu. Bi\u017cuteria idealna dla kobiet, kt\u00f3re ceni\u0105 delikatno\u015b\u0107, \u015bwie\u017co\u015b\u0107 i naturalne inspiracje.<\/p>\n<p>Niekt\u00f3re rozmiary s\u0105 dost\u0119pne na zam\u00f3wienie &#8211; 1 tydzie\u0144.<\/p>","protected":false},"featured_media":15342,"comment_status":"closed","ping_status":"closed","template":"","meta":{"om_disable_all_campaigns":false},"product_brand":[2284,2350],"product_cat":[801,1930,2204],"product_tag":[4679,2384,3429,4353,5297,5257,5416],"class_list":{"0":"post-15341","1":"product","2":"type-product","3":"status-publish","4":"has-post-thumbnail","6":"product_brand-staviori","7":"product_brand-verona","8":"product_cat-pierscionki","9":"product_cat-zloto-2","10":"product_cat-zloty-pierscionek","11":"product_tag-delikatny-pierscionek","12":"product_tag-minimalistyczna-bizuteria","13":"product_tag-motyw-kwiatowy","14":"product_tag-nowoczesny-design","15":"product_tag-pierscionek-azurowy","16":"product_tag-pierscionek-zloty","17":"product_tag-zolte-zloto-0-333","18":"pa_kolor-zolte","19":"pa_kruszec-zloto","20":"pa_proba-0-333","21":"pa_rozmiar-2351","22":"pa_rozmiar-2352","23":"pa_rozmiar-2353","24":"pa_rozmiar-2354","25":"pa_rozmiar-2355","26":"pa_rozmiar-2356","27":"pa_rozmiar-2357","28":"pa_rozmiar-2358","29":"pa_rozmiar-2359","30":"pa_rozmiar-2360","31":"pa_waga-260g","33":"first","34":"instock","35":"purchasable","36":"product-type-variable"},"aioseo_notices":[],"_links":{"self":[{"href":"https:\/\/staviori.com.pl\/de\/wp-json\/wp\/v2\/product\/15341","targetHints":{"allow":["GET"]}}],"collection":[{"href":"https:\/\/staviori.com.pl\/de\/wp-json\/wp\/v2\/product"}],"about":[{"href":"https:\/\/staviori.com.pl\/de\/wp-json\/wp\/v2\/types\/product"}],"replies":[{"embeddable":true,"href":"https:\/\/staviori.com.pl\/de\/wp-json\/wp\/v2\/comments?post=15341"}],"wp:featuredmedia":[{"embeddable":true,"href":"https:\/\/staviori.com.pl\/de\/wp-json\/wp\/v2\/media\/15342"}],"wp:attachment":[{"href":"https:\/\/staviori.com.pl\/de\/wp-json\/wp\/v2\/media?parent=15341"}],"wp:term":[{"taxonomy":"product_brand","embeddable":true,"href":"https:\/\/staviori.com.pl\/de\/wp-json\/wp\/v2\/product_brand?post=15341"},{"taxonomy":"product_cat","embeddable":true,"href":"https:\/\/staviori.com.pl\/de\/wp-json\/wp\/v2\/product_cat?post=15341"},{"taxonomy":"product_tag","embeddable":true,"href":"https:\/\/staviori.com.pl\/de\/wp-json\/wp\/v2\/product_tag?post=15341"}],"curies":[{"name":"wp","href":"https:\/\/api.w.org\/{rel}","templated":true}]}}