{"id":15308,"date":"2025-02-24T22:48:40","date_gmt":"2025-02-24T21:48:40","guid":{"rendered":"https:\/\/staviori.com.pl\/product\/pierscionek-z-diamentem-pxc5376\/"},"modified":"2026-04-08T12:59:21","modified_gmt":"2026-04-08T10:59:21","slug":"pierscionek-z-diamentem-pxc5376","status":"publish","type":"product","link":"https:\/\/staviori.com.pl\/de\/product\/pierscionek-z-diamentem-pxc5376\/","title":{"rendered":"ovaler Goldring mit Saphiren und Diamanten"},"content":{"rendered":"<p>Model: PXC5376<br \/>\nWaga ok. 3,05g<\/p>\n<p>Ring.<br \/>\nGelbgold 0,585.<br \/>\n10 Diament\u00f3w, szlif achtkant, o masie 0,03ct, barwa H, czysto\u015b\u0107 SI1-I1.<br \/>\n29 Szafir\u00f3w, o masie 1,00ct.<\/p>\n<p>\u015arednica 18 mm.<\/p>\n<p>Nur einige Gr\u00f6\u00dfen verf\u00fcgbar - bitte anfragen<br \/>\nTermin realizacji oko\u0142o 1 tydzie\u0144 &#8211; na zam\u00f3wienie.<\/p>\n<p>Ten niezwyk\u0142y pier\u015bcionek oczaruje niejedn\u0105 kobiet\u0119! Pi\u0119knie mieni\u0105ce si\u0119 kamienie: diamenty oraz szafiry w z\u0142otej oprawie. W po\u0142\u0105czeniu z zawieszk\u0105 lub z kolczykami z tej samej serii aby zachwyci\u0107 ka\u017cdego!<\/p>","protected":false},"excerpt":{"rendered":"<p>Ol\u015bniewaj\u0105cy pier\u015bcionek z \u017c\u00f3\u0142tego z\u0142ota 14K, kt\u00f3ry zachwyca szlachetnym po\u0142\u0105czeniem granatowych szafir\u00f3w i l\u015bni\u0105cych diament\u00f3w. Centralny, owalny szafir otoczony zosta\u0142 misternie oprawionymi kamieniami, tworz\u0105c efektowne, vintage&#8217;owe zdobienie. To bi\u017cuteria, kt\u00f3ra przyci\u0105ga spojrzenia i doskonale podkre\u015bla kobiec\u0105 elegancj\u0119. Idealny wyb\u00f3r dla mi\u0142o\u015bniczek klasyki z nut\u0105 kr\u00f3lewskiego przepychu.<\/p>","protected":false},"featured_media":6123,"comment_status":"closed","ping_status":"closed","template":"","meta":{"om_disable_all_campaigns":false},"product_brand":[2284,2350],"product_cat":[1838,2182,801],"product_tag":[2311,2296,5193,4685,5254,5253,4153],"class_list":{"0":"post-15308","1":"product","2":"type-product","3":"status-publish","4":"has-post-thumbnail","6":"product_brand-staviori","7":"product_brand-verona","8":"product_cat-diamenty","9":"product_cat-pierscionek-z-diamentem","10":"product_cat-pierscionki","11":"product_tag-bizuteria-luksusowa","12":"product_tag-diamenty","13":"product_tag-pierscionek-vintage","14":"product_tag-pierscionek-z-szafirem","15":"product_tag-pierscionek-z-zoltego-zlota","16":"product_tag-pxc5376-pierscionek-zloty","17":"product_tag-szafir","18":"pa_barwa-h-2","19":"pa_czystosc-si1","20":"pa_kamien-diamenty","21":"pa_kamien-szafiry","22":"pa_kolor-zolte","23":"pa_kruszec-zloto","24":"pa_proba-0-585","25":"pa_rozmiar-2354","26":"pa_rozmiar-2355","27":"pa_srednica-18mm","28":"pa_szlif-achtkant","29":"pa_waga-305g","31":"first","32":"onbackorder","33":"purchasable","34":"product-type-simple"},"aioseo_notices":[],"_links":{"self":[{"href":"https:\/\/staviori.com.pl\/de\/wp-json\/wp\/v2\/product\/15308","targetHints":{"allow":["GET"]}}],"collection":[{"href":"https:\/\/staviori.com.pl\/de\/wp-json\/wp\/v2\/product"}],"about":[{"href":"https:\/\/staviori.com.pl\/de\/wp-json\/wp\/v2\/types\/product"}],"replies":[{"embeddable":true,"href":"https:\/\/staviori.com.pl\/de\/wp-json\/wp\/v2\/comments?post=15308"}],"wp:featuredmedia":[{"embeddable":true,"href":"https:\/\/staviori.com.pl\/de\/wp-json\/wp\/v2\/media\/6123"}],"wp:attachment":[{"href":"https:\/\/staviori.com.pl\/de\/wp-json\/wp\/v2\/media?parent=15308"}],"wp:term":[{"taxonomy":"product_brand","embeddable":true,"href":"https:\/\/staviori.com.pl\/de\/wp-json\/wp\/v2\/product_brand?post=15308"},{"taxonomy":"product_cat","embeddable":true,"href":"https:\/\/staviori.com.pl\/de\/wp-json\/wp\/v2\/product_cat?post=15308"},{"taxonomy":"product_tag","embeddable":true,"href":"https:\/\/staviori.com.pl\/de\/wp-json\/wp\/v2\/product_tag?post=15308"}],"curies":[{"name":"wp","href":"https:\/\/api.w.org\/{rel}","templated":true}]}}