{"id":15307,"date":"2025-02-24T22:48:40","date_gmt":"2025-02-24T21:48:40","guid":{"rendered":"https:\/\/staviori.com.pl\/product\/zloty-pierscionek-pxc5233\/"},"modified":"2026-03-18T08:32:36","modified_gmt":"2026-03-18T07:32:36","slug":"zloty-pierscionek-pxc5233","status":"publish","type":"product","link":"https:\/\/staviori.com.pl\/de\/product\/zloty-pierscionek-pxc5233\/","title":{"rendered":"Goldring mit wei\u00dfen Zirkonen, Muster 333"},"content":{"rendered":"<p>Model: PXC5233<br \/>\nWaga ok. 1,30g<\/p>\n<p>Ring.<br \/>\nGelbgold 0,333.<br \/>\nZirkoniumdioxid.<\/p>\n<p>Prosimy sprawdza\u0107 jakie s\u0105 rozmiary &#8211; w opisie.<\/p>","protected":false},"excerpt":{"rendered":"<p>Subtelny pier\u015bcionek z \u017c\u00f3\u0142tego z\u0142ota pr\u00f3by 0,333 ozdobiony l\u015bni\u0105c\u0105 cyrkoni\u0105 w kszta\u0142cie owalnym. Dodatkowe, mniejsze kamienie po bokach dodaj\u0105 mu wyj\u0105tkowego blasku i finezji. To delikatna, kobieca bi\u017cuteria, idealna na prezent lub jako symbol wyj\u0105tkowych uczu\u0107. Klasyczna elegancja w lekkiej, romantycznej formie.<\/p>","protected":false},"featured_media":21723,"comment_status":"closed","ping_status":"closed","template":"","meta":{"om_disable_all_campaigns":false},"product_brand":[2284,2350],"product_cat":[801,1930,2204],"product_tag":[2541,2454,6751,6750,5576,4108,5276,6637,6496,3744,6645,6088,6728,2518,5018,2522],"class_list":{"0":"post-15307","1":"product","2":"type-product","3":"status-publish","4":"has-post-thumbnail","6":"product_brand-staviori","7":"product_brand-verona","8":"product_cat-pierscionki","9":"product_cat-zloto-2","10":"product_cat-zloty-pierscionek","11":"product_tag-bizuteria-damska","12":"product_tag-cyrkonia","13":"product_tag-gelbgold","14":"product_tag-gold-333","15":"product_tag-gold-ring","16":"product_tag-pierscionek","17":"product_tag-pierscionek-z-cyrkonia","18":"product_tag-schmuck","19":"product_tag-sperk","20":"product_tag-yellow-gold","21":"product_tag-zirconia","22":"product_tag-zirkonia","23":"product_tag-zlaty-prsten","24":"product_tag-zloto-333","25":"product_tag-zloty-pierscionek","26":"product_tag-zolte-zloto","27":"pa_kamien-cyrkonia","28":"pa_kolor-zolte","29":"pa_kruszec-zloto","30":"pa_proba-0-333","31":"pa_rozmiar-2353","32":"pa_rozmiar-2354","33":"pa_rozmiar-2355","34":"pa_rozmiar-2356","35":"pa_rozmiar-2357","36":"pa_rozmiar-2358","37":"pa_rozmiar-2359","38":"pa_rozmiar-2360","39":"pa_waga-130g","41":"first","42":"instock","43":"purchasable","44":"product-type-simple"},"aioseo_notices":[],"_links":{"self":[{"href":"https:\/\/staviori.com.pl\/de\/wp-json\/wp\/v2\/product\/15307","targetHints":{"allow":["GET"]}}],"collection":[{"href":"https:\/\/staviori.com.pl\/de\/wp-json\/wp\/v2\/product"}],"about":[{"href":"https:\/\/staviori.com.pl\/de\/wp-json\/wp\/v2\/types\/product"}],"replies":[{"embeddable":true,"href":"https:\/\/staviori.com.pl\/de\/wp-json\/wp\/v2\/comments?post=15307"}],"wp:featuredmedia":[{"embeddable":true,"href":"https:\/\/staviori.com.pl\/de\/wp-json\/wp\/v2\/media\/21723"}],"wp:attachment":[{"href":"https:\/\/staviori.com.pl\/de\/wp-json\/wp\/v2\/media?parent=15307"}],"wp:term":[{"taxonomy":"product_brand","embeddable":true,"href":"https:\/\/staviori.com.pl\/de\/wp-json\/wp\/v2\/product_brand?post=15307"},{"taxonomy":"product_cat","embeddable":true,"href":"https:\/\/staviori.com.pl\/de\/wp-json\/wp\/v2\/product_cat?post=15307"},{"taxonomy":"product_tag","embeddable":true,"href":"https:\/\/staviori.com.pl\/de\/wp-json\/wp\/v2\/product_tag?post=15307"}],"curies":[{"name":"wp","href":"https:\/\/api.w.org\/{rel}","templated":true}]}}