{"id":15305,"date":"2025-02-24T22:48:40","date_gmt":"2025-02-24T21:48:40","guid":{"rendered":"https:\/\/staviori.com.pl\/product\/zloty-pierscionek-pxc4659\/"},"modified":"2026-04-25T01:31:32","modified_gmt":"2026-04-24T23:31:32","slug":"zloty-pierscionek-pxc4659","status":"publish","type":"product","link":"https:\/\/staviori.com.pl\/de\/product\/zloty-pierscionek-pxc4659\/","title":{"rendered":"Sch\u00f6ner durchbrochener Goldring der Probe 0,333"},"content":{"rendered":"<p>Model: PXC4659<br \/>\nWaga ok. 0,90g<\/p>\n<p>Pier\u015bcionek<br \/>\nGelbgold 0,333.<\/p>\n<p>Szeroko\u015b\u0107 10 mm.<\/p>\n<p>Dost\u0119pny tylko rozmiar 11 &#8211; ostatnia sztuka<\/p>","protected":false},"excerpt":{"rendered":"<p>Subtelny pier\u015bcionek z \u017c\u00f3\u0142tego z\u0142ota pr\u00f3by 0,333 ozdobiony l\u015bni\u0105c\u0105 cyrkoni\u0105 w kszta\u0142cie owalnym. Dodatkowe, mniejsze kamienie po bokach dodaj\u0105 mu wyj\u0105tkowego blasku i finezji. To delikatna, kobieca bi\u017cuteria, idealna na prezent lub jako symbol wyj\u0105tkowych uczu\u0107. Klasyczna elegancja w lekkiej, romantycznej formie.<\/p>","protected":false},"featured_media":6106,"comment_status":"closed","ping_status":"closed","template":"","meta":{"om_disable_all_campaigns":false},"product_brand":[2284,2350],"product_cat":[1384,801,1930,176,2204],"product_tag":[2541,2454,6751,6750,5576,4108,5276,6637,6496,3744,6645,6088,6728,2518,5018,2522],"class_list":{"0":"post-15305","1":"product","2":"type-product","3":"status-publish","4":"has-post-thumbnail","6":"product_brand-staviori","7":"product_brand-verona","8":"product_cat-bizuteria","9":"product_cat-pierscionki","10":"product_cat-zloto-2","11":"product_cat-zloto","12":"product_cat-zloty-pierscionek","13":"product_tag-bizuteria-damska","14":"product_tag-cyrkonia","15":"product_tag-gelbgold","16":"product_tag-gold-333","17":"product_tag-gold-ring","18":"product_tag-pierscionek","19":"product_tag-pierscionek-z-cyrkonia","20":"product_tag-schmuck","21":"product_tag-sperk","22":"product_tag-yellow-gold","23":"product_tag-zirconia","24":"product_tag-zirkonia","25":"product_tag-zlaty-prsten","26":"product_tag-zloto-333","27":"product_tag-zloty-pierscionek","28":"product_tag-zolte-zloto","29":"pa_kolor-zolte","30":"pa_kruszec-zloto","31":"pa_proba-0-333","32":"pa_rozmiar-2351","33":"pa_rozmiar-2352","34":"pa_szerokosc-10mm","35":"pa_waga-090g","37":"first","38":"instock","39":"purchasable","40":"product-type-variable","41":"has-default-attributes"},"aioseo_notices":[],"_links":{"self":[{"href":"https:\/\/staviori.com.pl\/de\/wp-json\/wp\/v2\/product\/15305","targetHints":{"allow":["GET"]}}],"collection":[{"href":"https:\/\/staviori.com.pl\/de\/wp-json\/wp\/v2\/product"}],"about":[{"href":"https:\/\/staviori.com.pl\/de\/wp-json\/wp\/v2\/types\/product"}],"replies":[{"embeddable":true,"href":"https:\/\/staviori.com.pl\/de\/wp-json\/wp\/v2\/comments?post=15305"}],"wp:featuredmedia":[{"embeddable":true,"href":"https:\/\/staviori.com.pl\/de\/wp-json\/wp\/v2\/media\/6106"}],"wp:attachment":[{"href":"https:\/\/staviori.com.pl\/de\/wp-json\/wp\/v2\/media?parent=15305"}],"wp:term":[{"taxonomy":"product_brand","embeddable":true,"href":"https:\/\/staviori.com.pl\/de\/wp-json\/wp\/v2\/product_brand?post=15305"},{"taxonomy":"product_cat","embeddable":true,"href":"https:\/\/staviori.com.pl\/de\/wp-json\/wp\/v2\/product_cat?post=15305"},{"taxonomy":"product_tag","embeddable":true,"href":"https:\/\/staviori.com.pl\/de\/wp-json\/wp\/v2\/product_tag?post=15305"}],"curies":[{"name":"wp","href":"https:\/\/api.w.org\/{rel}","templated":true}]}}