{"id":15300,"date":"2025-02-24T22:48:40","date_gmt":"2025-02-24T21:48:40","guid":{"rendered":"https:\/\/staviori.com.pl\/product\/zloty-pierscionek-pxc20343\/"},"modified":"2026-03-18T09:32:34","modified_gmt":"2026-03-18T08:32:34","slug":"zloty-pierscionek-pxc20343","status":"publish","type":"product","link":"https:\/\/staviori.com.pl\/de\/product\/zloty-pierscionek-pxc20343\/","title":{"rendered":"Goldring mit schwarzen Zirkonen PXC20343"},"content":{"rendered":"<p>Model: PXC20343<br \/>\nWaga ok. 1,95g<\/p>\n<p>Ring.<br \/>\nGelbgold 0,333.<br \/>\nCyrkonia Czarna.<\/p>\n<p>Dost\u0119pne tylko niekt\u00f3re rozmiary &#8211; produkt do \u015bci\u0105gni\u0119cia na zam\u00f3wienie w terminie oko\u0142o 1 tygodnia.<\/p>\n<p>Pier\u015bcionek wykonany z 8-karatowego z\u0142ota (pr\u00f3ba 333). W centralnej cz\u0119\u015bci znajduje si\u0119 owalna cyrkonia, otoczona ozdobnym wzorem z mniejszych, czarnych cyrkonii. Ten elegancki i wszechstronny model pier\u015bcionka doskonale sprawdzi si\u0119 zar\u00f3wno na co dzie\u0144, jak i na wyj\u0105tkowe okazje.<\/p>","protected":false},"excerpt":{"rendered":"<p>Model: PXC20343 Waga ok. 1,95g Pier\u015bcionek. \u017b\u00f3\u0142te Z\u0142oto 0,333. Cyrkonia Czarna. Dost\u0119pne tylko niekt\u00f3re rozmiary &#8211; produkt do \u015bci\u0105gni\u0119cia na zam\u00f3wienie w terminie oko\u0142o 1 tygodnia. Pier\u015bcionek wykonany z 8-karatowego z\u0142ota (pr\u00f3ba 333). W centralnej cz\u0119\u015bci znajduje si\u0119 owalna cyrkonia, otoczona ozdobnym wzorem z mniejszych, czarnych cyrkonii. Ten elegancki i wszechstronny model pier\u015bcionka doskonale sprawdzi [&#8230;]","protected":false},"featured_media":15301,"comment_status":"closed","ping_status":"closed","template":"","meta":{"om_disable_all_campaigns":false},"product_brand":[],"product_cat":[801,1930,2204],"product_tag":[],"class_list":{"0":"post-15300","1":"product","2":"type-product","3":"status-publish","4":"has-post-thumbnail","6":"product_cat-pierscionki","7":"product_cat-zloto-2","8":"product_cat-zloty-pierscionek","9":"pa_barwa-czarna","10":"pa_kamien-cyrkonia-czarna","11":"pa_kolor-zolte","12":"pa_kruszec-zloto","13":"pa_proba-0-333","14":"pa_rozmiar-2351","15":"pa_rozmiar-2352","16":"pa_rozmiar-2353","17":"pa_rozmiar-2354","18":"pa_rozmiar-2355","19":"pa_rozmiar-2356","20":"pa_rozmiar-2359","21":"pa_rozmiar-4356","22":"pa_waga-195g","24":"first","25":"onbackorder","26":"purchasable","27":"product-type-simple"},"aioseo_notices":[],"_links":{"self":[{"href":"https:\/\/staviori.com.pl\/de\/wp-json\/wp\/v2\/product\/15300","targetHints":{"allow":["GET"]}}],"collection":[{"href":"https:\/\/staviori.com.pl\/de\/wp-json\/wp\/v2\/product"}],"about":[{"href":"https:\/\/staviori.com.pl\/de\/wp-json\/wp\/v2\/types\/product"}],"replies":[{"embeddable":true,"href":"https:\/\/staviori.com.pl\/de\/wp-json\/wp\/v2\/comments?post=15300"}],"wp:featuredmedia":[{"embeddable":true,"href":"https:\/\/staviori.com.pl\/de\/wp-json\/wp\/v2\/media\/15301"}],"wp:attachment":[{"href":"https:\/\/staviori.com.pl\/de\/wp-json\/wp\/v2\/media?parent=15300"}],"wp:term":[{"taxonomy":"product_brand","embeddable":true,"href":"https:\/\/staviori.com.pl\/de\/wp-json\/wp\/v2\/product_brand?post=15300"},{"taxonomy":"product_cat","embeddable":true,"href":"https:\/\/staviori.com.pl\/de\/wp-json\/wp\/v2\/product_cat?post=15300"},{"taxonomy":"product_tag","embeddable":true,"href":"https:\/\/staviori.com.pl\/de\/wp-json\/wp\/v2\/product_tag?post=15300"}],"curies":[{"name":"wp","href":"https:\/\/api.w.org\/{rel}","templated":true}]}}