{"id":15292,"date":"2025-02-24T22:48:40","date_gmt":"2025-02-24T21:48:40","guid":{"rendered":"https:\/\/staviori.com.pl\/product\/pierscionek-z-diamentem-prd5400b\/"},"modified":"2026-02-11T00:09:48","modified_gmt":"2026-02-10T23:09:48","slug":"pierscionek-z-diamentem-prd5400b","status":"publish","type":"product","link":"https:\/\/staviori.com.pl\/de\/product\/pierscionek-z-diamentem-prd5400b\/","title":{"rendered":"STAVIORI | Ring mit schwarzen Diamanten aus Ros\u00e9gold"},"content":{"rendered":"<p>Model: PRD5400B<br \/>\nGewicht ca. 1,45g<\/p>\n<p>Ring.<br \/>\nRos\u00e9gold 0,585.<br \/>\n9 Diament\u00f3w, kolor czarny, szlif brylantowy, o masie 0,20ct.<\/p>\n<p>Korona 21&#215;4 mm.<br \/>\nSzeroko\u015b\u0107 obr\u0105czki ok. 1.2 mm.<\/p>\n<p>Nur einige Gr\u00f6\u00dfen verf\u00fcgbar - bitte anfragen<br \/>\nJe\u015bli brak na stanie &#8211; produkt dost\u0119pny wy\u0142\u0105cznie na zam\u00f3wienie w terminie oko\u0142o 4 tygodni.<\/p>","protected":false},"excerpt":{"rendered":"<p>Zachwycaj\u0105cy pier\u015bcionek z r\u00f3\u017cowego z\u0142ota, ozdobiony dziewi\u0119cioma czarnymi diamentami o \u0142\u0105cznej masie 0,20 ct. Elegancka kompozycja kamieni tworzy subtelny, a zarazem nowoczesny wz\u00f3r, kt\u00f3ry przyci\u0105ga spojrzenia. Delikatna, smuk\u0142a obr\u0105czka idealnie podkre\u015bla kontrast pomi\u0119dzy g\u0142\u0119bok\u0105 czerni\u0105 diament\u00f3w a ciep\u0142ym odcieniem z\u0142ota. Doskona\u0142y wyb\u00f3r dla kobiet ceni\u0105cych nietuzinkowe, stylowe dodatki z nut\u0105 tajemniczo\u015bci.<\/p>","protected":false},"featured_media":6056,"comment_status":"closed","ping_status":"closed","template":"","meta":{"om_disable_all_campaigns":false},"product_brand":[2284],"product_cat":[1838,6752,2182,801],"product_tag":[5278,2319,4672,4856,4108,4708,5277,2336],"class_list":{"0":"post-15292","1":"product","2":"type-product","3":"status-publish","4":"has-post-thumbnail","6":"product_brand-staviori","7":"product_cat-diamenty","8":"product_cat-kolekcja-staviori-must-have","9":"product_cat-pierscionek-z-diamentem","10":"product_cat-pierscionki","11":"product_tag-bizuteria-z-rozowego-zlota","12":"product_tag-czarne-diamenty","13":"product_tag-elegancki-pierscionek","14":"product_tag-minimalistyczny-pierscionek","15":"product_tag-pierscionek","16":"product_tag-pierscionek-z-diamentami","17":"product_tag-prd5400b","18":"product_tag-rozowe-zloto","19":"pa_dostawca-estrella","20":"pa_kamien-czarne-diamenty","21":"pa_kolor-rozowe","22":"pa_korona-21x4mm","23":"pa_kruszec-zloto","24":"pa_proba-0-585","25":"pa_rozmiar-2351","26":"pa_rozmiar-2352","27":"pa_rozmiar-2354","28":"pa_szerokosc-obraczki-ok-1-2mm","29":"pa_waga-145g","31":"first","32":"instock","33":"purchasable","34":"product-type-variable"},"aioseo_notices":[],"_links":{"self":[{"href":"https:\/\/staviori.com.pl\/de\/wp-json\/wp\/v2\/product\/15292","targetHints":{"allow":["GET"]}}],"collection":[{"href":"https:\/\/staviori.com.pl\/de\/wp-json\/wp\/v2\/product"}],"about":[{"href":"https:\/\/staviori.com.pl\/de\/wp-json\/wp\/v2\/types\/product"}],"replies":[{"embeddable":true,"href":"https:\/\/staviori.com.pl\/de\/wp-json\/wp\/v2\/comments?post=15292"}],"wp:featuredmedia":[{"embeddable":true,"href":"https:\/\/staviori.com.pl\/de\/wp-json\/wp\/v2\/media\/6056"}],"wp:attachment":[{"href":"https:\/\/staviori.com.pl\/de\/wp-json\/wp\/v2\/media?parent=15292"}],"wp:term":[{"taxonomy":"product_brand","embeddable":true,"href":"https:\/\/staviori.com.pl\/de\/wp-json\/wp\/v2\/product_brand?post=15292"},{"taxonomy":"product_cat","embeddable":true,"href":"https:\/\/staviori.com.pl\/de\/wp-json\/wp\/v2\/product_cat?post=15292"},{"taxonomy":"product_tag","embeddable":true,"href":"https:\/\/staviori.com.pl\/de\/wp-json\/wp\/v2\/product_tag?post=15292"}],"curies":[{"name":"wp","href":"https:\/\/api.w.org\/{rel}","templated":true}]}}