{"id":15291,"date":"2025-02-24T22:48:40","date_gmt":"2025-02-24T21:48:40","guid":{"rendered":"https:\/\/staviori.com.pl\/product\/pierscionek-z-diamentem-prd5400\/"},"modified":"2026-02-11T00:10:02","modified_gmt":"2026-02-10T23:10:02","slug":"pierscionek-z-diamentem-prd5400","status":"publish","type":"product","link":"https:\/\/staviori.com.pl\/de\/product\/pierscionek-z-diamentem-prd5400\/","title":{"rendered":"Staviori\u00ae Must Have | Verlobungsring aus Ros\u00e9gold mit Diamanten"},"content":{"rendered":"<p>Model: PRD5400<br \/>\nWaga ok. 1,30g<\/p>\n<p>Ring.<br \/>\nRos\u00e9gold 0,585.<br \/>\n9 Diament\u00f3w, szlif brylantowy, o masie 0,20ct, barwa H, czysto\u015b\u0107 SI.<\/p>\n<p>Korona 21&#215;4 mm.<br \/>\nSzeroko\u015b\u0107 obr\u0105czki ok. 1.2 mm.<\/p>\n<p>Pier\u015bcionek zar\u0119czynowy<br \/>\nNur einige Gr\u00f6\u00dfen verf\u00fcgbar - bitte anfragen<br \/>\nW przypadku braku na magazynie: mo\u017cliwo\u015b\u0107 zam\u00f3wienia w dowolnym rozmiarze oraz kolorze z\u0142ota.<br \/>\nTermin realizacji oko\u0142o 4 tygodnie.<\/p>","protected":false},"excerpt":{"rendered":"<p>Subtelny i niezwykle romantyczny pier\u015bcionek zar\u0119czynowy z 9 diamentami o \u0142\u0105cznej masie 0,20 ct, osadzonymi w smuk\u0142ej szynie z 14-karatowego r\u00f3\u017cowego z\u0142ota. Asymetryczny uk\u0142ad kamieni tworzy efekt lekkiego rozb\u0142ysku, dodaj\u0105c ca\u0142o\u015bci finezyjnego charakteru. Idealna propozycja dla kobiet ceni\u0105cych delikatno\u015b\u0107, nowoczesno\u015b\u0107 i szczypt\u0119 b\u0142ysku w eleganckiej formie.<\/p>","protected":false},"featured_media":6042,"comment_status":"closed","ping_status":"closed","template":"","meta":{"om_disable_all_campaigns":false},"product_brand":[2284],"product_cat":[1838,6752,2182,801],"product_tag":[4013,4679,2569,4708,4668,5312,4116,2336],"class_list":{"0":"post-15291","1":"product","2":"type-product","3":"status-publish","4":"has-post-thumbnail","6":"product_brand-staviori","7":"product_cat-diamenty","8":"product_cat-kolekcja-staviori-must-have","9":"product_cat-pierscionek-z-diamentem","10":"product_cat-pierscionki","11":"product_tag-14k-zloto","12":"product_tag-delikatny-pierscionek","13":"product_tag-nowoczesna-bizuteria","14":"product_tag-pierscionek-z-diamentami","15":"product_tag-pierscionek-zareczynowy","16":"product_tag-prd5400","17":"product_tag-romantyczny-styl","18":"product_tag-rozowe-zloto","19":"pa_barwa-h-2","20":"pa_czystosc-si1-si2","21":"pa_dostawca-estrella","22":"pa_kamien-brylanty","23":"pa_kolor-rozowe","24":"pa_korona-21x4mm","25":"pa_kruszec-zloto","26":"pa_okazja-idealne-na-zareczyny","27":"pa_proba-0-585","28":"pa_rozmiar-2352","29":"pa_rozmiar-2354","30":"pa_szerokosc-obraczki-ok-1-2mm","31":"pa_waga-130g","33":"first","34":"instock","35":"purchasable","36":"product-type-variable","37":"has-default-attributes"},"aioseo_notices":[],"_links":{"self":[{"href":"https:\/\/staviori.com.pl\/de\/wp-json\/wp\/v2\/product\/15291","targetHints":{"allow":["GET"]}}],"collection":[{"href":"https:\/\/staviori.com.pl\/de\/wp-json\/wp\/v2\/product"}],"about":[{"href":"https:\/\/staviori.com.pl\/de\/wp-json\/wp\/v2\/types\/product"}],"replies":[{"embeddable":true,"href":"https:\/\/staviori.com.pl\/de\/wp-json\/wp\/v2\/comments?post=15291"}],"wp:featuredmedia":[{"embeddable":true,"href":"https:\/\/staviori.com.pl\/de\/wp-json\/wp\/v2\/media\/6042"}],"wp:attachment":[{"href":"https:\/\/staviori.com.pl\/de\/wp-json\/wp\/v2\/media?parent=15291"}],"wp:term":[{"taxonomy":"product_brand","embeddable":true,"href":"https:\/\/staviori.com.pl\/de\/wp-json\/wp\/v2\/product_brand?post=15291"},{"taxonomy":"product_cat","embeddable":true,"href":"https:\/\/staviori.com.pl\/de\/wp-json\/wp\/v2\/product_cat?post=15291"},{"taxonomy":"product_tag","embeddable":true,"href":"https:\/\/staviori.com.pl\/de\/wp-json\/wp\/v2\/product_tag?post=15291"}],"curies":[{"name":"wp","href":"https:\/\/api.w.org\/{rel}","templated":true}]}}