{"id":15289,"date":"2025-02-24T22:48:40","date_gmt":"2025-02-24T21:48:40","guid":{"rendered":"https:\/\/staviori.com.pl\/product\/pierscionek-z-diamentem-prd4357\/"},"modified":"2026-02-11T00:09:12","modified_gmt":"2026-02-10T23:09:12","slug":"pierscionek-z-diamentem-prd4357","status":"publish","type":"product","link":"https:\/\/staviori.com.pl\/de\/product\/pierscionek-z-diamentem-prd4357\/","title":{"rendered":"Verlobungsring aus Wei\u00df- und Ros\u00e9gold mit 0,25ct Diamant"},"content":{"rendered":"<p>Model: PRD4357<br \/>\nWaga ok. 2,20g<\/p>\n<p>Ring.<br \/>\nWei\u00df, Rose Gold 0,585.<br \/>\n1 Diament, szlif brylantowy, o masie 0,25ct, barwa G-H, czysto\u015b\u0107 SI.<\/p>\n<p>\u015arednica korony ok. 6 mm.<br \/>\nWysoko\u015b\u0107 3.2 mm.<br \/>\nSzeroko\u015b\u0107 obr\u0105czki ok. 2 mm.<\/p>\n<p>Dost\u0119pny tylko na zam\u00f3wienie &#8211; termin realizacji oko\u0142o 1 tydzie\u0144.<\/p>\n<p>&#8212;&#8212;&#8212;&#8212;&#8212;&#8212;&#8212;<br \/>\nNiezwykle pi\u0119kny i popularny wz\u00f3r z dw\u00f3ch kolor\u00f3w 14-karatowego z\u0142ota: r\u00f3\u017cowego oraz bia\u0142ego. Po\u015br\u00f3d nich, cudowny brylant oprawiony tak, aby nie wystawa\u0107 nic ponad tafl\u0119 pier\u015bcionka i tym samym bezproblemowy w codziennym u\u017cytkowaniu. Elegancki wz\u00f3r ze sporym kamieniem nadaje si\u0119 zar\u00f3wno na pier\u015bcionek zar\u0119czynowy, jak i na prezent z innej okazji.<\/p>","protected":false},"excerpt":{"rendered":"<p>Zachwycaj\u0105cy pier\u015bcionek wykonany z po\u0142\u0105czenia bia\u0142ego i r\u00f3\u017cowego 14-karatowego z\u0142ota, kt\u00f3ry urzeka swoj\u0105 subtelno\u015bci\u0105 i klas\u0105. Centralnym punktem jest pi\u0119kny diament o masie 0,25 ct, barwie G i czysto\u015bci SI1, osadzony tak, by tworzy\u0107 idealnie g\u0142adk\u0105 powierzchni\u0119 \u2013 idealn\u0105 do codziennego noszenia. Harmonijna kompozycja kolor\u00f3w i szlachetnego kamienia sprawia, \u017ce to wyj\u0105tkowy wyb\u00f3r zar\u00f3wno na zar\u0119czyny, jak i inne szczeg\u00f3lne okazje. Stylowy i ponadczasowy.<\/p>","protected":false},"featured_media":19982,"comment_status":"closed","ping_status":"closed","template":"","meta":{"om_disable_all_campaigns":false},"product_brand":[2284],"product_cat":[1838,6752,2182,801],"product_tag":[5322,2308,3781,5323,5321,3792,3787,4672,4909,4913,4906,2280,3747,3753,4668,5320,4125,2336,4179,3789,3777,4910],"class_list":{"0":"post-15289","1":"product","2":"type-product","3":"status-publish","4":"has-post-thumbnail","6":"product_brand-staviori","7":"product_cat-diamenty","8":"product_cat-kolekcja-staviori-must-have","9":"product_cat-pierscionek-z-diamentem","10":"product_cat-pierscionki","11":"product_tag-0-25-ct-diamond","12":"product_tag-biale-zloto","13":"product_tag-bile-zlato","14":"product_tag-diamant-0-25ct","15":"product_tag-diament-0-25ct","16":"product_tag-dvoubarevne-zlato","17":"product_tag-dwukolorowe-zloto","18":"product_tag-elegancki-pierscionek","19":"product_tag-elegant-ring","20":"product_tag-elegantni-prsten","21":"product_tag-engagement-ring","22":"product_tag-luksusowa-bizuteria","23":"product_tag-luxury-jewelry","24":"product_tag-luxusni-sperky","25":"product_tag-pierscionek-zareczynowy","26":"product_tag-prd4357","27":"product_tag-rose-gold","28":"product_tag-rozowe-zloto","29":"product_tag-ruzove-zlato","30":"product_tag-two-tone-gold","31":"product_tag-white-gold","32":"product_tag-zasnubni-prsten","33":"pa_barwa-g-h","34":"pa_czystosc-si1","35":"pa_dostawca-draco","36":"pa_kamien-brylant","37":"pa_kolor-biale","38":"pa_kruszec-zloto","39":"pa_masa-karatowa-025ct","40":"pa_okazja-idealne-na-zareczyny","41":"pa_proba-0-585","42":"pa_srednica-korony-ok-6mm","43":"pa_waga-220g","44":"pa_wysokosc-3-2mm","46":"first","47":"onbackorder","48":"purchasable","49":"product-type-simple"},"aioseo_notices":[],"_links":{"self":[{"href":"https:\/\/staviori.com.pl\/de\/wp-json\/wp\/v2\/product\/15289","targetHints":{"allow":["GET"]}}],"collection":[{"href":"https:\/\/staviori.com.pl\/de\/wp-json\/wp\/v2\/product"}],"about":[{"href":"https:\/\/staviori.com.pl\/de\/wp-json\/wp\/v2\/types\/product"}],"replies":[{"embeddable":true,"href":"https:\/\/staviori.com.pl\/de\/wp-json\/wp\/v2\/comments?post=15289"}],"wp:featuredmedia":[{"embeddable":true,"href":"https:\/\/staviori.com.pl\/de\/wp-json\/wp\/v2\/media\/19982"}],"wp:attachment":[{"href":"https:\/\/staviori.com.pl\/de\/wp-json\/wp\/v2\/media?parent=15289"}],"wp:term":[{"taxonomy":"product_brand","embeddable":true,"href":"https:\/\/staviori.com.pl\/de\/wp-json\/wp\/v2\/product_brand?post=15289"},{"taxonomy":"product_cat","embeddable":true,"href":"https:\/\/staviori.com.pl\/de\/wp-json\/wp\/v2\/product_cat?post=15289"},{"taxonomy":"product_tag","embeddable":true,"href":"https:\/\/staviori.com.pl\/de\/wp-json\/wp\/v2\/product_tag?post=15289"}],"curies":[{"name":"wp","href":"https:\/\/api.w.org\/{rel}","templated":true}]}}