{"id":15284,"date":"2025-02-24T22:48:31","date_gmt":"2025-02-24T21:48:31","guid":{"rendered":"https:\/\/staviori.com.pl\/product\/bizuteria-inwestycyjna-pierscionek-prd3932\/"},"modified":"2026-02-11T00:09:12","modified_gmt":"2026-02-10T23:09:12","slug":"bizuteria-inwestycyjna-pierscionek-prd3932","status":"publish","type":"product","link":"https:\/\/staviori.com.pl\/de\/product\/bizuteria-inwestycyjna-pierscionek-prd3932\/","title":{"rendered":"Exklusive | Schleife Ring Ros\u00e9gold 750 mit Diamanten"},"content":{"rendered":"<p>Model: DDR1257R<br \/>\nWaga ok. 9,10g<\/p>\n<p>Ring.<br \/>\nR\u00f3\u017cowe Z\u0142oto 0,750.<br \/>\n175 Diament\u00f3w, szlif brylantowy, o masie 2,84ct, barwa G-H, czysto\u015b\u0107 SI1.<\/p>\n<p>Korona 11&#215;36 mm.<br \/>\nGrubo\u015b\u0107 6.7 mm.<br \/>\nSzeroko\u015b\u0107 obr\u0105czki ok. 4.1 mm.<\/p>\n<p>Produkt in jeder Gr\u00f6\u00dfe, nur auf Anfrage erh\u00e4ltlich, Lieferzeit ca. 5 Wochen.<\/p>","protected":false},"excerpt":{"rendered":"<p>Zachwycaj\u0105cy pier\u015bcionek w kszta\u0142cie kokardy, wykonany z 18-karatowego r\u00f3\u017cowego z\u0142ota i wysadzany a\u017c 175 diamentami o \u0142\u0105cznej masie 2,84 ct. L\u015bni\u0105ce brylanty tworz\u0105 efektowny wz\u00f3r, kt\u00f3ry ol\u015bniewa blaskiem i przyci\u0105ga spojrzenia. Ten misternie wykonany projekt \u0142\u0105czy kobiec\u0105 finezj\u0119 z luksusowym wyko\u0144czeniem, b\u0119d\u0105c symbolem szyku i elegancji. Idealny dla kobiet, kt\u00f3re kochaj\u0105 bi\u017cuteri\u0119 z charakterem i klas\u0105.<\/p>","protected":false},"featured_media":19959,"comment_status":"closed","ping_status":"closed","template":"","meta":{"om_disable_all_campaigns":false},"product_brand":[2284],"product_cat":[1803,6741,801],"product_tag":[5311,2663,5309,4672,2280,4708,5082,5310,2336],"class_list":{"0":"post-15284","1":"product","2":"type-product","3":"status-publish","4":"has-post-thumbnail","6":"product_brand-staviori","7":"product_cat-brylanty-exclusive","8":"product_cat-pierscionki-brylanty-exclusive","9":"product_cat-pierscionki","10":"product_tag-18k-zloto","11":"product_tag-bizuteria-z-brylantami","12":"product_tag-ddr1257r","13":"product_tag-elegancki-pierscionek","14":"product_tag-luksusowa-bizuteria","15":"product_tag-pierscionek-z-diamentami","16":"product_tag-pierscionek-z-kokarda","17":"product_tag-prd3932","18":"product_tag-rozowe-zloto","19":"pa_barwa-g-h","20":"pa_czystosc-si1","21":"pa_dostawca-draco","22":"pa_grubosc-6-7mm","23":"pa_kamien-brylanty","24":"pa_kolor-rozowe","25":"pa_korona-11x36mm","26":"pa_kruszec-zloto","27":"pa_proba-0-750","28":"pa_waga-910g","30":"first","31":"onbackorder","32":"purchasable","33":"product-type-simple"},"aioseo_notices":[],"_links":{"self":[{"href":"https:\/\/staviori.com.pl\/de\/wp-json\/wp\/v2\/product\/15284","targetHints":{"allow":["GET"]}}],"collection":[{"href":"https:\/\/staviori.com.pl\/de\/wp-json\/wp\/v2\/product"}],"about":[{"href":"https:\/\/staviori.com.pl\/de\/wp-json\/wp\/v2\/types\/product"}],"replies":[{"embeddable":true,"href":"https:\/\/staviori.com.pl\/de\/wp-json\/wp\/v2\/comments?post=15284"}],"wp:featuredmedia":[{"embeddable":true,"href":"https:\/\/staviori.com.pl\/de\/wp-json\/wp\/v2\/media\/19959"}],"wp:attachment":[{"href":"https:\/\/staviori.com.pl\/de\/wp-json\/wp\/v2\/media?parent=15284"}],"wp:term":[{"taxonomy":"product_brand","embeddable":true,"href":"https:\/\/staviori.com.pl\/de\/wp-json\/wp\/v2\/product_brand?post=15284"},{"taxonomy":"product_cat","embeddable":true,"href":"https:\/\/staviori.com.pl\/de\/wp-json\/wp\/v2\/product_cat?post=15284"},{"taxonomy":"product_tag","embeddable":true,"href":"https:\/\/staviori.com.pl\/de\/wp-json\/wp\/v2\/product_tag?post=15284"}],"curies":[{"name":"wp","href":"https:\/\/api.w.org\/{rel}","templated":true}]}}