{"id":15272,"date":"2025-02-24T22:48:31","date_gmt":"2025-02-24T21:48:31","guid":{"rendered":"https:\/\/staviori.com.pl\/product\/bizuteria-inwestycyjna-pierscionek-prd1803\/"},"modified":"2026-02-11T00:09:12","modified_gmt":"2026-02-10T23:09:12","slug":"bizuteria-inwestycyjna-pierscionek-prd1803","status":"publish","type":"product","link":"https:\/\/staviori.com.pl\/de\/product\/bizuteria-inwestycyjna-pierscionek-prd1803\/","title":{"rendered":"Exklusiver Ring aus 750er Ros\u00e9gold mit wei\u00dfem Achat und Diamanten"},"content":{"rendered":"<p>Model: PRD1803<br \/>\nWaga ok. 4,50g<\/p>\n<p>Ring.<br \/>\nR\u00f3\u017cowe Z\u0142oto 0,750.<br \/>\n108 Diament\u00f3w, szlif brylantowy, o masie ok. 1,05ct, barwa G-H, czysto\u015b\u0107 SI1.<br \/>\nAgat Bia\u0142y .<\/p>\n<p>\u015arednica korony ok. 19&#215;20 mm.<br \/>\n6 mm breit.<br \/>\nSzeroko\u015b\u0107 obr\u0105czki ok. 3-8 mm.<\/p>\n<p>Produkt w dowolnym rozmiarze i kolorze z\u0142ota dost\u0119pny wy\u0142\u0105cznie na zam\u00f3wienie, czas realizacji ok. 5 tygodni.<\/p>","protected":false},"excerpt":{"rendered":"<p>Zachwycaj\u0105cy pier\u015bcionek z 18-karatowego r\u00f3\u017cowego z\u0142ota, kt\u00f3ry emanuje nowoczesn\u0105 elegancj\u0105 i luksusem. Centralnym elementem kompozycji jest g\u0142adki, bia\u0142y agat o finezyjnym kszta\u0142cie ogniwa, kt\u00f3ry symbolizuje trwa\u0142o\u015b\u0107 i si\u0142\u0119. Dwa ramiona obr\u0105czki, wysadzane a\u017c 108 brylantami o \u0142\u0105cznej masie 1,05 ct, dodaj\u0105 ol\u015bniewaj\u0105cego blasku i podkre\u015blaj\u0105 presti\u017cowy charakter bi\u017cuterii. To wyj\u0105tkowy model dla kobiet, kt\u00f3re ceni\u0105 odwa\u017cny design i najwy\u017csz\u0105 jako\u015b\u0107.<\/p>","protected":false},"featured_media":15273,"comment_status":"closed","ping_status":"closed","template":"","meta":{"om_disable_all_campaigns":false},"product_brand":[2284],"product_cat":[1803,801,6741],"product_tag":[2331,2301,2555,2280,5009,5217,5218,5219,2341],"class_list":{"0":"post-15272","1":"product","2":"type-product","3":"status-publish","4":"has-post-thumbnail","6":"product_brand-staviori","7":"product_cat-brylanty-exclusive","8":"product_cat-pierscionki","9":"product_cat-pierscionki-brylanty-exclusive","10":"product_tag-bialy-agat","11":"product_tag-brylanty","12":"product_tag-ekskluzywna-bizuteria","13":"product_tag-luksusowa-bizuteria","14":"product_tag-pierscionek-designerski","15":"product_tag-pierscionek-rozowe-zloto","16":"product_tag-pierscionek-z-agatem","17":"product_tag-pierscionek-z-ogniwem","18":"product_tag-zloto-750","19":"pa_barwa-g-h","20":"pa_czystosc-si1","21":"pa_dostawca-draco","22":"pa_kamien-agat-bialy","23":"pa_kamien-brylanty","24":"pa_kolor-rozowe","25":"pa_kruszec-zloto","26":"pa_proba-0-750","27":"pa_srednica-korony-ok-19x20mm","28":"pa_szerokosc-6mm","29":"pa_waga-450g","31":"first","32":"onbackorder","33":"purchasable","34":"product-type-simple"},"aioseo_notices":[],"_links":{"self":[{"href":"https:\/\/staviori.com.pl\/de\/wp-json\/wp\/v2\/product\/15272","targetHints":{"allow":["GET"]}}],"collection":[{"href":"https:\/\/staviori.com.pl\/de\/wp-json\/wp\/v2\/product"}],"about":[{"href":"https:\/\/staviori.com.pl\/de\/wp-json\/wp\/v2\/types\/product"}],"replies":[{"embeddable":true,"href":"https:\/\/staviori.com.pl\/de\/wp-json\/wp\/v2\/comments?post=15272"}],"wp:featuredmedia":[{"embeddable":true,"href":"https:\/\/staviori.com.pl\/de\/wp-json\/wp\/v2\/media\/15273"}],"wp:attachment":[{"href":"https:\/\/staviori.com.pl\/de\/wp-json\/wp\/v2\/media?parent=15272"}],"wp:term":[{"taxonomy":"product_brand","embeddable":true,"href":"https:\/\/staviori.com.pl\/de\/wp-json\/wp\/v2\/product_brand?post=15272"},{"taxonomy":"product_cat","embeddable":true,"href":"https:\/\/staviori.com.pl\/de\/wp-json\/wp\/v2\/product_cat?post=15272"},{"taxonomy":"product_tag","embeddable":true,"href":"https:\/\/staviori.com.pl\/de\/wp-json\/wp\/v2\/product_tag?post=15272"}],"curies":[{"name":"wp","href":"https:\/\/api.w.org\/{rel}","templated":true}]}}