{"id":15263,"date":"2025-02-24T22:48:31","date_gmt":"2025-02-24T21:48:31","guid":{"rendered":"https:\/\/staviori.com.pl\/product\/srebrny-pierscionek-pdm6147\/"},"modified":"2026-02-11T00:09:47","modified_gmt":"2026-02-10T23:09:47","slug":"srebrny-pierscionek-pdm6147","status":"publish","type":"product","link":"https:\/\/staviori.com.pl\/de\/product\/srebrny-pierscionek-pdm6147\/","title":{"rendered":"silberner Schleifenring mit Markasiten"},"content":{"rendered":"<p>Model: PDM6147<br \/>\nGewicht ca. 1,90g<\/p>\n<p>Ring.<br \/>\n0,925 Silber.<br \/>\nMarkasiten.<\/p>\n<p>Wymiary 11&#215;5 mm.<br \/>\n2 mm breit.<\/p>\n<p>Dost\u0119pne tylko niekt\u00f3re rozmiary &#8211; prosimy sprawdzi\u0107 lub pyta\u0107<\/p>","protected":false},"excerpt":{"rendered":"<p>Uroczy pier\u015bcionek wykonany z najwy\u017cszej jako\u015bci srebra pr\u00f3by 0,925, ozdobiony misternie oprawionymi markazytami. Centralnym punktem kompozycji jest delikatny motyw kokardy, kt\u00f3ry nadaje ca\u0142o\u015bci romantycznego i vintage&#8217;owego charakteru. L\u015bni\u0105ce kamienie pi\u0119knie odbijaj\u0105 \u015bwiat\u0142o, dodaj\u0105c elegancji i szyku. Doskona\u0142y wyb\u00f3r dla kobiet ceni\u0105cych ponadczasowy styl i subteln\u0105 bi\u017cuteri\u0119.<\/p>","protected":false},"featured_media":19869,"comment_status":"closed","ping_status":"closed","template":"","meta":{"om_disable_all_campaigns":false},"product_brand":[2284],"product_cat":[1384,801,2206,145,1817],"product_tag":[2541,2391,2425,5247,5160,4687,3101,5248],"class_list":{"0":"post-15263","1":"product","2":"type-product","3":"status-publish","4":"has-post-thumbnail","6":"product_brand-staviori","7":"product_cat-bizuteria","8":"product_cat-pierscionki","9":"product_cat-srebrny-pierscionek","10":"product_cat-srebro","11":"product_cat-srebro-2","12":"product_tag-bizuteria-damska","13":"product_tag-kokarda","14":"product_tag-markazyty","15":"product_tag-pdm6147","16":"product_tag-pierscionek-srebrny","17":"product_tag-romantyczny-pierscionek","18":"product_tag-srebrna-bizuteria","19":"product_tag-vintage-styl","20":"pa_dostawca-markazyty-hong","21":"pa_kamien-markazyty","22":"pa_kruszec-srebro","23":"pa_proba-0-925","24":"pa_rozmiar-4355","25":"pa_rozmiar-2351","26":"pa_rozmiar-2354","27":"pa_rozmiar-2355","28":"pa_rozmiar-2356","29":"pa_rozmiar-2358","30":"pa_rozmiar-4862","31":"pa_szerokosc-2mm","32":"pa_waga-190g","33":"pa_wymiary-11x5mm","35":"first","36":"instock","37":"purchasable","38":"product-type-variable"},"aioseo_notices":[],"_links":{"self":[{"href":"https:\/\/staviori.com.pl\/de\/wp-json\/wp\/v2\/product\/15263","targetHints":{"allow":["GET"]}}],"collection":[{"href":"https:\/\/staviori.com.pl\/de\/wp-json\/wp\/v2\/product"}],"about":[{"href":"https:\/\/staviori.com.pl\/de\/wp-json\/wp\/v2\/types\/product"}],"replies":[{"embeddable":true,"href":"https:\/\/staviori.com.pl\/de\/wp-json\/wp\/v2\/comments?post=15263"}],"wp:featuredmedia":[{"embeddable":true,"href":"https:\/\/staviori.com.pl\/de\/wp-json\/wp\/v2\/media\/19869"}],"wp:attachment":[{"href":"https:\/\/staviori.com.pl\/de\/wp-json\/wp\/v2\/media?parent=15263"}],"wp:term":[{"taxonomy":"product_brand","embeddable":true,"href":"https:\/\/staviori.com.pl\/de\/wp-json\/wp\/v2\/product_brand?post=15263"},{"taxonomy":"product_cat","embeddable":true,"href":"https:\/\/staviori.com.pl\/de\/wp-json\/wp\/v2\/product_cat?post=15263"},{"taxonomy":"product_tag","embeddable":true,"href":"https:\/\/staviori.com.pl\/de\/wp-json\/wp\/v2\/product_tag?post=15263"}],"curies":[{"name":"wp","href":"https:\/\/api.w.org\/{rel}","templated":true}]}}