{"id":15261,"date":"2025-02-24T22:48:31","date_gmt":"2025-02-24T21:48:31","guid":{"rendered":"https:\/\/staviori.com.pl\/product\/srebrny-pierscionek-pdm6146a\/"},"modified":"2026-02-11T00:10:00","modified_gmt":"2026-02-10T23:10:00","slug":"srebrny-pierscionek-pdm6146a","status":"publish","type":"product","link":"https:\/\/staviori.com.pl\/de\/product\/srebrny-pierscionek-pdm6146a\/","title":{"rendered":"gediegener ring aus sterlingsilber mit achat und markasiten"},"content":{"rendered":"<p>Model: PDM6146A<br \/>\nWaga ok. 8,80g<\/p>\n<p>Ring.<br \/>\n0,925 Silber.<br \/>\nAgat.<br \/>\nMarkasiten.<\/p>\n<p>\u015arednica 22 mm.<br \/>\nSzeroko\u015b\u0107 obr\u0105czki ok. 4-8 mm.<br \/>\nGrubo\u015b\u0107 6 mm.<\/p>\n<p>Nur einige Gr\u00f6\u00dfen verf\u00fcgbar - bitte anfragen<\/p>","protected":false},"excerpt":{"rendered":"<p>Efektowny srebrny pier\u015bcionek wykonany ze srebra pr\u00f3by 0,925, ozdobiony pi\u0119knym, zielonym agatem oraz misternie oprawionymi markazytami. Bogato zdobiona, a\u017curowa kompozycja w stylu vintage przyci\u0105ga wzrok i nadaje ca\u0142o\u015bci artystycznego charakteru. Idealny wyb\u00f3r dla kobiet, kt\u00f3re ceni\u0105 oryginaln\u0105 i wyrazist\u0105 bi\u017cuteri\u0119 z dusz\u0105.<\/p>","protected":false},"featured_media":5843,"comment_status":"closed","ping_status":"closed","template":"","meta":{"om_disable_all_campaigns":false},"product_brand":[2284],"product_cat":[1384,801,2206,1817,145],"product_tag":[3237,5250,3003,5251,5202,2425,5249,5160,3101],"class_list":{"0":"post-15261","1":"product","2":"type-product","3":"status-publish","4":"has-post-thumbnail","6":"product_brand-staviori","7":"product_cat-bizuteria","8":"product_cat-pierscionki","9":"product_cat-srebrny-pierscionek","10":"product_cat-srebro-2","11":"product_cat-srebro","12":"product_tag-agat-zielony","13":"product_tag-artystyczny-pierscionek","14":"product_tag-bizuteria-vintage","15":"product_tag-bizuteria-z-agatem","16":"product_tag-duzy-pierscionek","17":"product_tag-markazyty","18":"product_tag-pdm6146a","19":"product_tag-pierscionek-srebrny","20":"product_tag-srebrna-bizuteria","21":"pa_dostawca-markazyty-hong","22":"pa_kamien-agat","23":"pa_kamien-markazyty","24":"pa_kruszec-srebro","25":"pa_proba-0-925","26":"pa_rozmiar-2351","27":"pa_rozmiar-2353","28":"pa_rozmiar-2354","29":"pa_rozmiar-2355","30":"pa_rozmiar-2356","31":"pa_rozmiar-2358","32":"pa_rozmiar-2360","33":"pa_srednica-22mm","34":"pa_szerokosc-obraczki-ok-4-8mm","35":"pa_waga-890g","37":"first","38":"instock","39":"purchasable","40":"product-type-variable"},"aioseo_notices":[],"_links":{"self":[{"href":"https:\/\/staviori.com.pl\/de\/wp-json\/wp\/v2\/product\/15261","targetHints":{"allow":["GET"]}}],"collection":[{"href":"https:\/\/staviori.com.pl\/de\/wp-json\/wp\/v2\/product"}],"about":[{"href":"https:\/\/staviori.com.pl\/de\/wp-json\/wp\/v2\/types\/product"}],"replies":[{"embeddable":true,"href":"https:\/\/staviori.com.pl\/de\/wp-json\/wp\/v2\/comments?post=15261"}],"wp:featuredmedia":[{"embeddable":true,"href":"https:\/\/staviori.com.pl\/de\/wp-json\/wp\/v2\/media\/5843"}],"wp:attachment":[{"href":"https:\/\/staviori.com.pl\/de\/wp-json\/wp\/v2\/media?parent=15261"}],"wp:term":[{"taxonomy":"product_brand","embeddable":true,"href":"https:\/\/staviori.com.pl\/de\/wp-json\/wp\/v2\/product_brand?post=15261"},{"taxonomy":"product_cat","embeddable":true,"href":"https:\/\/staviori.com.pl\/de\/wp-json\/wp\/v2\/product_cat?post=15261"},{"taxonomy":"product_tag","embeddable":true,"href":"https:\/\/staviori.com.pl\/de\/wp-json\/wp\/v2\/product_tag?post=15261"}],"curies":[{"name":"wp","href":"https:\/\/api.w.org\/{rel}","templated":true}]}}