{"id":15258,"date":"2025-02-24T22:48:26","date_gmt":"2025-02-24T21:48:26","guid":{"rendered":"https:\/\/staviori.com.pl\/product\/srebrny-pierscionek-pdm5940\/"},"modified":"2026-04-02T20:34:38","modified_gmt":"2026-04-02T18:34:38","slug":"srebrny-pierscionek-pdm5940","status":"publish","type":"product","link":"https:\/\/staviori.com.pl\/de\/product\/srebrny-pierscionek-pdm5940\/","title":{"rendered":"Silberring mit rotem Achat und Markasiten PDM5940"},"content":{"rendered":"<p>Model: PDM5940<br \/>\nWaga ok. 3,40g<\/p>\n<p>Ring.<br \/>\n0,925 Silber.<br \/>\nAgat.<br \/>\nMarkasiten.<br \/>\nKorona 7&#215;5 mm.<br \/>\nSzeroko\u015b\u0107 obr\u0105czki ok. 2 mm.<\/p>\n<p>Dost\u0119pne kolczyki i wisiorek do kompletu &#8211; mo\u017cna stworzy\u0107 pi\u0119kny zestaw.<br \/>\nNur einige Gr\u00f6\u00dfen verf\u00fcgbar - bitte anfragen<\/p>","protected":false},"excerpt":{"rendered":"<p>Subtelny pier\u015bcionek ze srebra pr\u00f3by 0,925, ozdobiony g\u0142\u0119bokozielonym agatem w owalnym kszta\u0142cie, otoczonym po\u0142yskuj\u0105cymi markazytami. Klasyczna forma i misterne detale nadaj\u0105 mu elegancki, lekko retro charakter. Doskonale sprawdzi si\u0119 jako wyj\u0105tkowy akcent codziennych i wieczorowych stylizacji. Dost\u0119pne r\u00f3wnie\u017c kolczyki i wisiorek do kompletu \u2013 mo\u017cna stworzy\u0107 pi\u0119kny zestaw.<\/p>","protected":false},"featured_media":20160,"comment_status":"closed","ping_status":"closed","template":"","meta":{"om_disable_all_campaigns":false},"product_brand":[2284],"product_cat":[1384,801,2206,145,1817],"product_tag":[3237,3154,4363,5218,5186,3101,5398],"class_list":{"0":"post-15258","1":"product","2":"type-product","3":"status-publish","4":"has-post-thumbnail","6":"product_brand-staviori","7":"product_cat-bizuteria","8":"product_cat-pierscionki","9":"product_cat-srebrny-pierscionek","10":"product_cat-srebro","11":"product_cat-srebro-2","12":"product_tag-agat-zielony","13":"product_tag-bizuteria-retro","14":"product_tag-komplet-bizuterii","15":"product_tag-pierscionek-z-agatem","16":"product_tag-pierscionek-z-markazytami","17":"product_tag-srebrna-bizuteria","18":"product_tag-vintage-pierscionek","19":"pa_dostawca-markazyty-hong","20":"pa_kamien-agat","21":"pa_kamien-markazyty","22":"pa_korona-7x5mm","23":"pa_kruszec-srebro","24":"pa_proba-0-925","25":"pa_rozmiar-4355","26":"pa_rozmiar-2351","27":"pa_rozmiar-2352","28":"pa_rozmiar-2353","29":"pa_rozmiar-2354","30":"pa_rozmiar-2355","31":"pa_rozmiar-2356","32":"pa_rozmiar-2357","33":"pa_rozmiar-2358","34":"pa_szerokosc-obraczki-ok-2mm","35":"pa_waga-340g","37":"first","38":"instock","39":"purchasable","40":"product-type-variable"},"aioseo_notices":[],"_links":{"self":[{"href":"https:\/\/staviori.com.pl\/de\/wp-json\/wp\/v2\/product\/15258","targetHints":{"allow":["GET"]}}],"collection":[{"href":"https:\/\/staviori.com.pl\/de\/wp-json\/wp\/v2\/product"}],"about":[{"href":"https:\/\/staviori.com.pl\/de\/wp-json\/wp\/v2\/types\/product"}],"replies":[{"embeddable":true,"href":"https:\/\/staviori.com.pl\/de\/wp-json\/wp\/v2\/comments?post=15258"}],"wp:featuredmedia":[{"embeddable":true,"href":"https:\/\/staviori.com.pl\/de\/wp-json\/wp\/v2\/media\/20160"}],"wp:attachment":[{"href":"https:\/\/staviori.com.pl\/de\/wp-json\/wp\/v2\/media?parent=15258"}],"wp:term":[{"taxonomy":"product_brand","embeddable":true,"href":"https:\/\/staviori.com.pl\/de\/wp-json\/wp\/v2\/product_brand?post=15258"},{"taxonomy":"product_cat","embeddable":true,"href":"https:\/\/staviori.com.pl\/de\/wp-json\/wp\/v2\/product_cat?post=15258"},{"taxonomy":"product_tag","embeddable":true,"href":"https:\/\/staviori.com.pl\/de\/wp-json\/wp\/v2\/product_tag?post=15258"}],"curies":[{"name":"wp","href":"https:\/\/api.w.org\/{rel}","templated":true}]}}