{"id":15253,"date":"2025-02-24T22:48:26","date_gmt":"2025-02-24T21:48:26","guid":{"rendered":"https:\/\/staviori.com.pl\/product\/srebrny-pierscionek-pdm4114\/"},"modified":"2026-02-11T00:09:48","modified_gmt":"2026-02-10T23:09:48","slug":"srebrny-pierscionek-pdm4114","status":"publish","type":"product","link":"https:\/\/staviori.com.pl\/de\/product\/srebrny-pierscionek-pdm4114\/","title":{"rendered":"Silberring Blumen mit Markasiten"},"content":{"rendered":"<p>Model: PDM4114<br \/>\nGewicht ca. 5,50g<\/p>\n<p>Ring.<br \/>\n0,925 rhodiniertes Silber.<br \/>\nMarkasiten.<\/p>\n<p>Szeroko\u015b\u0107 8.8 mm.<br \/>\nWysoko\u015b\u0107 5.3 mm.<\/p>\n<p>Nur einige Gr\u00f6\u00dfen verf\u00fcgbar - bitte anfragen<br \/>\nW przypadku braku rozmiaru &#8211; mo\u017cliwo\u015b\u0107 zam\u00f3wienia w kolejnej dostawie.<\/p>","protected":false},"excerpt":{"rendered":"<p>Stylowy pier\u015bcionek ze srebra rodowanego, ozdobiony eleganckimi markazytami, kt\u00f3re uk\u0142adaj\u0105 si\u0119 w kwiatowy wz\u00f3r. Bogato zdobiona forma przyci\u0105ga wzrok i dodaje wyrafinowanego charakteru ka\u017cdej stylizacji. Idealny wyb\u00f3r dla mi\u0142o\u015bniczek bi\u017cuterii w stylu retro i vintage, \u0142\u0105cz\u0105cy klasyk\u0119 z subtelnym blaskiem. Pier\u015bcionek emanuje ponadczasowym urokiem i wyj\u0105tkow\u0105 dba\u0142o\u015bci\u0105 o detale.<\/p>","protected":false},"featured_media":5778,"comment_status":"closed","ping_status":"closed","template":"","meta":{"om_disable_all_campaigns":false},"product_brand":[2284],"product_cat":[801,2206,1817],"product_tag":[2428,5303,5306,5186,5305,5304,5307,2945],"class_list":{"0":"post-15253","1":"product","2":"type-product","3":"status-publish","4":"has-post-thumbnail","6":"product_brand-staviori","7":"product_cat-pierscionki","8":"product_cat-srebrny-pierscionek","9":"product_cat-srebro-2","10":"product_tag-bizuteria-srebrna","11":"product_tag-pdm4114","12":"product_tag-pierscionek-kwiatowy","13":"product_tag-pierscionek-z-markazytami","14":"product_tag-retro-styl","15":"product_tag-srebrny-pierscionek","16":"product_tag-stylowa-bizuteria","17":"product_tag-vintage-bizuteria","18":"pa_dostawca-markazyty-hong","19":"pa_kamien-markazyty","20":"pa_kruszec-srebro-rodowane","21":"pa_motyw-kwiatek","22":"pa_proba-0-925","23":"pa_rozmiar-4355","24":"pa_rozmiar-2351","25":"pa_rozmiar-2356","26":"pa_rozmiar-2357","27":"pa_szerokosc-8-8mm","28":"pa_waga-550g","29":"pa_wysokosc-5-3mm","31":"first","32":"instock","33":"purchasable","34":"product-type-variable"},"aioseo_notices":[],"_links":{"self":[{"href":"https:\/\/staviori.com.pl\/de\/wp-json\/wp\/v2\/product\/15253","targetHints":{"allow":["GET"]}}],"collection":[{"href":"https:\/\/staviori.com.pl\/de\/wp-json\/wp\/v2\/product"}],"about":[{"href":"https:\/\/staviori.com.pl\/de\/wp-json\/wp\/v2\/types\/product"}],"replies":[{"embeddable":true,"href":"https:\/\/staviori.com.pl\/de\/wp-json\/wp\/v2\/comments?post=15253"}],"wp:featuredmedia":[{"embeddable":true,"href":"https:\/\/staviori.com.pl\/de\/wp-json\/wp\/v2\/media\/5778"}],"wp:attachment":[{"href":"https:\/\/staviori.com.pl\/de\/wp-json\/wp\/v2\/media?parent=15253"}],"wp:term":[{"taxonomy":"product_brand","embeddable":true,"href":"https:\/\/staviori.com.pl\/de\/wp-json\/wp\/v2\/product_brand?post=15253"},{"taxonomy":"product_cat","embeddable":true,"href":"https:\/\/staviori.com.pl\/de\/wp-json\/wp\/v2\/product_cat?post=15253"},{"taxonomy":"product_tag","embeddable":true,"href":"https:\/\/staviori.com.pl\/de\/wp-json\/wp\/v2\/product_tag?post=15253"}],"curies":[{"name":"wp","href":"https:\/\/api.w.org\/{rel}","templated":true}]}}