{"id":15232,"date":"2025-02-24T22:48:26","date_gmt":"2025-02-24T21:48:26","guid":{"rendered":"https:\/\/staviori.com.pl\/product\/srebrny-pierscionek-pdk5787\/"},"modified":"2026-02-11T00:09:09","modified_gmt":"2026-02-10T23:09:09","slug":"srebrny-pierscionek-pdk5787","status":"publish","type":"product","link":"https:\/\/staviori.com.pl\/de\/product\/srebrny-pierscionek-pdk5787\/","title":{"rendered":"srebrny pier\u015bcionek li\u015b\u0107 z markazytami | rozmiar 13"},"content":{"rendered":"<p>Model: PDK5787<br \/>\nWaga ok. 2,60g<\/p>\n<p>Ring.<br \/>\n0,925 Silber.<br \/>\nMarkasiten.<\/p>\n<p>Ostatnia sztuka rozmiar 13<\/p>","protected":false},"excerpt":{"rendered":"<p>Staviori Pier\u015bcionek. Markazyty. Srebro 0,925.   Ostatnia sztuka rozmiar: 13<\/p>","protected":false},"featured_media":5750,"comment_status":"closed","ping_status":"closed","template":"","meta":{"om_disable_all_campaigns":false},"product_brand":[2284],"product_cat":[801,2206,1817],"product_tag":[3003,4672,2425,5198,5199,5200,5160,2427,4107],"class_list":{"0":"post-15232","1":"product","2":"type-product","3":"status-publish","4":"has-post-thumbnail","6":"product_brand-staviori","7":"product_cat-pierscionki","8":"product_cat-srebrny-pierscionek","9":"product_cat-srebro-2","10":"product_tag-bizuteria-vintage","11":"product_tag-elegancki-pierscionek","12":"product_tag-markazyty","13":"product_tag-pdk5787","14":"product_tag-ph46730","15":"product_tag-pierscionek-lisc","16":"product_tag-pierscionek-srebrny","17":"product_tag-srebro-925","18":"product_tag-styl-retro","19":"pa_kamien-markazyty","20":"pa_kruszec-srebro","21":"pa_proba-0-925","22":"pa_rozmiar-2353","23":"pa_waga-260g","25":"first","26":"instock","27":"purchasable","28":"product-type-simple"},"aioseo_notices":[],"_links":{"self":[{"href":"https:\/\/staviori.com.pl\/de\/wp-json\/wp\/v2\/product\/15232","targetHints":{"allow":["GET"]}}],"collection":[{"href":"https:\/\/staviori.com.pl\/de\/wp-json\/wp\/v2\/product"}],"about":[{"href":"https:\/\/staviori.com.pl\/de\/wp-json\/wp\/v2\/types\/product"}],"replies":[{"embeddable":true,"href":"https:\/\/staviori.com.pl\/de\/wp-json\/wp\/v2\/comments?post=15232"}],"wp:featuredmedia":[{"embeddable":true,"href":"https:\/\/staviori.com.pl\/de\/wp-json\/wp\/v2\/media\/5750"}],"wp:attachment":[{"href":"https:\/\/staviori.com.pl\/de\/wp-json\/wp\/v2\/media?parent=15232"}],"wp:term":[{"taxonomy":"product_brand","embeddable":true,"href":"https:\/\/staviori.com.pl\/de\/wp-json\/wp\/v2\/product_brand?post=15232"},{"taxonomy":"product_cat","embeddable":true,"href":"https:\/\/staviori.com.pl\/de\/wp-json\/wp\/v2\/product_cat?post=15232"},{"taxonomy":"product_tag","embeddable":true,"href":"https:\/\/staviori.com.pl\/de\/wp-json\/wp\/v2\/product_tag?post=15232"}],"curies":[{"name":"wp","href":"https:\/\/api.w.org\/{rel}","templated":true}]}}