{"id":15230,"date":"2025-02-24T22:48:26","date_gmt":"2025-02-24T21:48:26","guid":{"rendered":"https:\/\/staviori.com.pl\/product\/srebrny-pierscionek-pdk2020\/"},"modified":"2026-04-13T15:11:09","modified_gmt":"2026-04-13T13:11:09","slug":"srebrny-pierscionek-pdk2020","status":"publish","type":"product","link":"https:\/\/staviori.com.pl\/de\/product\/srebrny-pierscionek-pdk2020\/","title":{"rendered":"silberner sch\u00f6ner gro\u00dfer Ring mit Koralle und Markasiten"},"content":{"rendered":"<p>Modell: PDK2020<br \/>\nGewicht ca. 6,80g<\/p>\n<p>Ring.<br \/>\n0,925 Silber.<br \/>\nKoralle.<br \/>\nMarkasiten.<\/p>\n<p>Kronendurchmesser ca. 18\u00d728 mm.<br \/>\nH\u00f6he 9 mm.<\/p>\n<p>Nur einige Gr\u00f6\u00dfen verf\u00fcgbar - bitte anfragen<\/p>","protected":false},"excerpt":{"rendered":"<p>Ein auff\u00e4lliger Ring aus hochwertigem Sterlingsilber, verziert mit einer intensiv roten Koralle im Langschliff. Die beeindruckende Fassung besteht aus gl\u00e4nzenden Markasiten, die der Komposition einen edlen, leicht vintageartigen Charakter verleihen. Dieses Modell ist eine ausgezeichnete Wahl f\u00fcr Frauen, die k\u00fchne, aber elegante Schmuckakzente sch\u00e4tzen.<\/p>","protected":false},"featured_media":22756,"comment_status":"closed","ping_status":"closed","template":"","meta":{"om_disable_all_campaigns":false},"product_brand":[2284,2350],"product_cat":[801,2206,1817],"product_tag":[3003,5202,3759,2425,5204,5183,5160,4843,5203,2427],"class_list":{"0":"post-15230","1":"product","2":"type-product","3":"status-publish","4":"has-post-thumbnail","6":"product_brand-staviori","7":"product_brand-verona","8":"product_cat-pierscionki","9":"product_cat-srebrny-pierscionek","10":"product_cat-srebro-2","11":"product_tag-bizuteria-vintage","12":"product_tag-duzy-pierscionek","13":"product_tag-koral","14":"product_tag-markazyty","15":"product_tag-pdk2020","16":"product_tag-pierscionek-retro","17":"product_tag-pierscionek-srebrny","18":"product_tag-pierscionek-z-kamieniem","19":"product_tag-spz3505","20":"product_tag-srebro-925","21":"pa_kamien-koral","22":"pa_kamien-markazyty","23":"pa_kruszec-srebro","24":"pa_proba-0-925","25":"pa_rozmiar-2352","26":"pa_rozmiar-2354","27":"pa_rozmiar-2356","28":"pa_rozmiar-2357","29":"pa_rozmiar-2360","30":"pa_rozmiar-4356","31":"pa_rozmiar-4357","32":"pa_rozmiar-4358","33":"pa_rozmiar-4359","34":"pa_srednica-korony-ok-18x28mm","35":"pa_waga-680g","36":"pa_wysokosc-9mm","38":"first","39":"outofstock","40":"purchasable","41":"product-type-variable"},"aioseo_notices":[],"_links":{"self":[{"href":"https:\/\/staviori.com.pl\/de\/wp-json\/wp\/v2\/product\/15230","targetHints":{"allow":["GET"]}}],"collection":[{"href":"https:\/\/staviori.com.pl\/de\/wp-json\/wp\/v2\/product"}],"about":[{"href":"https:\/\/staviori.com.pl\/de\/wp-json\/wp\/v2\/types\/product"}],"replies":[{"embeddable":true,"href":"https:\/\/staviori.com.pl\/de\/wp-json\/wp\/v2\/comments?post=15230"}],"wp:featuredmedia":[{"embeddable":true,"href":"https:\/\/staviori.com.pl\/de\/wp-json\/wp\/v2\/media\/22756"}],"wp:attachment":[{"href":"https:\/\/staviori.com.pl\/de\/wp-json\/wp\/v2\/media?parent=15230"}],"wp:term":[{"taxonomy":"product_brand","embeddable":true,"href":"https:\/\/staviori.com.pl\/de\/wp-json\/wp\/v2\/product_brand?post=15230"},{"taxonomy":"product_cat","embeddable":true,"href":"https:\/\/staviori.com.pl\/de\/wp-json\/wp\/v2\/product_cat?post=15230"},{"taxonomy":"product_tag","embeddable":true,"href":"https:\/\/staviori.com.pl\/de\/wp-json\/wp\/v2\/product_tag?post=15230"}],"curies":[{"name":"wp","href":"https:\/\/api.w.org\/{rel}","templated":true}]}}