{"id":15184,"date":"2025-02-24T22:48:22","date_gmt":"2025-02-24T21:48:22","guid":{"rendered":"https:\/\/staviori.com.pl\/product\/srebrny-pierscionek-pcs5164\/"},"modified":"2026-02-11T00:09:46","modified_gmt":"2026-02-10T23:09:46","slug":"srebrny-pierscionek-pcs5164","status":"publish","type":"product","link":"https:\/\/staviori.com.pl\/de\/product\/srebrny-pierscionek-pcs5164\/","title":{"rendered":"Silberring mit Herzen"},"content":{"rendered":"<p>Model: PCS5164<br \/>\nWaga ok. 1,52g<\/p>\n<p>Ring.<br \/>\n0,925 Silber.<br \/>\n4 mm breit.<\/p>\n<p>Dost\u0119pne tylko niekt\u00f3re rozmiary.<\/p>","protected":false},"excerpt":{"rendered":"<p>Uroczy pier\u015bcionek wykonany z najwy\u017cszej jako\u015bci srebra pr\u00f3by 0,925 zachwyca motywem drobnych serduszek, kt\u00f3re tworz\u0105 pe\u0142en obr\u0105czk\u0119. To delikatna i romantyczna bi\u017cuteria, idealna na prezent dla ukochanej osoby lub jako symbol mi\u0142o\u015bci noszony na co dzie\u0144. Jego subtelny blask i lekka forma sprawiaj\u0105, \u017ce pasuje do ka\u017cdej stylizacji.<\/p>","protected":false},"featured_media":5702,"comment_status":"closed","ping_status":"closed","template":"","meta":{"om_disable_all_campaigns":false},"product_brand":[2284],"product_cat":[801,2206,1817],"product_tag":[3097,4679,5175,5174,5160,2291,2468,2427],"class_list":{"0":"post-15184","1":"product","2":"type-product","3":"status-publish","4":"has-post-thumbnail","6":"product_brand-staviori","7":"product_cat-pierscionki","8":"product_cat-srebrny-pierscionek","9":"product_cat-srebro-2","10":"product_tag-bizuteria-romantyczna","11":"product_tag-delikatny-pierscionek","12":"product_tag-motyw-milosci","13":"product_tag-pcs5164","14":"product_tag-pierscionek-srebrny","15":"product_tag-prezent-dla-niej","16":"product_tag-serduszka","17":"product_tag-srebro-925","18":"pa_kruszec-srebro","19":"pa_proba-0-925","20":"pa_rozmiar-2352","21":"pa_rozmiar-2357","22":"pa_szerokosc-4mm","23":"pa_waga-152g","25":"first","26":"instock","27":"purchasable","28":"product-type-variable"},"aioseo_notices":[],"_links":{"self":[{"href":"https:\/\/staviori.com.pl\/de\/wp-json\/wp\/v2\/product\/15184","targetHints":{"allow":["GET"]}}],"collection":[{"href":"https:\/\/staviori.com.pl\/de\/wp-json\/wp\/v2\/product"}],"about":[{"href":"https:\/\/staviori.com.pl\/de\/wp-json\/wp\/v2\/types\/product"}],"replies":[{"embeddable":true,"href":"https:\/\/staviori.com.pl\/de\/wp-json\/wp\/v2\/comments?post=15184"}],"wp:featuredmedia":[{"embeddable":true,"href":"https:\/\/staviori.com.pl\/de\/wp-json\/wp\/v2\/media\/5702"}],"wp:attachment":[{"href":"https:\/\/staviori.com.pl\/de\/wp-json\/wp\/v2\/media?parent=15184"}],"wp:term":[{"taxonomy":"product_brand","embeddable":true,"href":"https:\/\/staviori.com.pl\/de\/wp-json\/wp\/v2\/product_brand?post=15184"},{"taxonomy":"product_cat","embeddable":true,"href":"https:\/\/staviori.com.pl\/de\/wp-json\/wp\/v2\/product_cat?post=15184"},{"taxonomy":"product_tag","embeddable":true,"href":"https:\/\/staviori.com.pl\/de\/wp-json\/wp\/v2\/product_tag?post=15184"}],"curies":[{"name":"wp","href":"https:\/\/api.w.org\/{rel}","templated":true}]}}