{"id":15176,"date":"2025-02-24T22:48:18","date_gmt":"2025-02-24T21:48:18","guid":{"rendered":"https:\/\/staviori.com.pl\/product\/pierscionek-z-diamentem-pbd6105\/"},"modified":"2026-02-11T00:09:09","modified_gmt":"2026-02-10T23:09:09","slug":"pierscionek-z-diamentem-pbd6105","status":"publish","type":"product","link":"https:\/\/staviori.com.pl\/de\/product\/pierscionek-z-diamentem-pbd6105\/","title":{"rendered":"Exklusiver | sch\u00f6ner Verlobungsring mit Diamanten im Birnenschliff aus 750er Gold"},"content":{"rendered":"<p>Model: PBD6105<br \/>\nWaga ok. 2,60g<\/p>\n<p>Ring.<br \/>\nWei\u00dfgold 0,750.<br \/>\n1 Diament, szlif brylantowy, o masie 0,08ct, barwa G, czysto\u015b\u0107 VS1-VS2.<br \/>\n2 Diamenty, szlif gruszka, o masie 0,20ct, barwa G, czysto\u015b\u0107 VS1-VS2.<\/p>\n<p>Kann auch in einer anderen Goldfarbe hergestellt werden.<br \/>\n\u015arednica korony ok. 5&#215;5 mm.<\/p>\n<p>Produkt in jeder Gr\u00f6\u00dfe, nur auf Anfrage erh\u00e4ltlich, Lieferzeit ca. 2 Wochen.<\/p>\n<p>Przepi\u0119kny pier\u015bcionek z najwy\u017cszej klasy diamentami uk\u0142adaj\u0105cymi si\u0119 w kszta\u0142t serca. Nie ma w\u0105tpliwo\u015bci, i\u017c wyra\u017ca on w pe\u0142ni cudowne uczucie mi\u0142o\u015bci.<\/p>","protected":false},"excerpt":{"rendered":"<p>Ol\u015bniewaj\u0105cy pier\u015bcionek z 18-karatowego bia\u0142ego z\u0142ota, kt\u00f3rego serce tworz\u0105 dwa diamenty o szlifie gruszkowym i jeden centralny brylant. Kamienie u\u0142o\u017cone w subtelny kszta\u0142t serca symbolizuj\u0105 g\u0142\u0119bok\u0105 wi\u0119\u017a i prawdziwe uczucie. Wyj\u0105tkowa kompozycja o delikatnym, ale wyrazistym charakterze to doskona\u0142y wyb\u00f3r na zar\u0119czyny lub romantyczny prezent. Dost\u0119pny tak\u017ce w innych kolorach z\u0142ota \u2013 dla pe\u0142nej personalizacji.<\/p>","protected":false},"featured_media":5644,"comment_status":"closed","ping_status":"closed","template":"","meta":{"om_disable_all_campaigns":false},"product_brand":[2284],"product_cat":[1803,1838,2182,801,6741],"product_tag":[2658,5152,5153,4672,4713,5154,5151,4668,2579],"class_list":{"0":"post-15176","1":"product","2":"type-product","3":"status-publish","4":"has-post-thumbnail","6":"product_brand-staviori","7":"product_cat-brylanty-exclusive","8":"product_cat-diamenty","9":"product_cat-pierscionek-z-diamentem","10":"product_cat-pierscionki","11":"product_cat-pierscionki-brylanty-exclusive","12":"product_tag-biale-zloto-750","13":"product_tag-diamenty-pear","14":"product_tag-diamenty-vs","15":"product_tag-elegancki-pierscionek","16":"product_tag-luksusowy-pierscionek","17":"product_tag-pbd6105","18":"product_tag-pierscionek-w-ksztalcie-serca","19":"product_tag-pierscionek-zareczynowy","20":"product_tag-romantyczna-bizuteria","21":"pa_barwa-g-2","22":"pa_czystosc-vs1","23":"pa_dostawca-hosgor","24":"pa_kamien-brylanty","25":"pa_kamien-diamenty-o-szlifie-gruszkowym","26":"pa_kolor-biale","27":"pa_kruszec-zloto","28":"pa_motyw-serce","29":"pa_okazja-idealne-na-zareczyny","30":"pa_proba-0-750","31":"pa_srednica-korony-ok-5x5mm","32":"pa_waga-260g","34":"first","35":"onbackorder","36":"purchasable","37":"product-type-simple"},"aioseo_notices":[],"_links":{"self":[{"href":"https:\/\/staviori.com.pl\/de\/wp-json\/wp\/v2\/product\/15176","targetHints":{"allow":["GET"]}}],"collection":[{"href":"https:\/\/staviori.com.pl\/de\/wp-json\/wp\/v2\/product"}],"about":[{"href":"https:\/\/staviori.com.pl\/de\/wp-json\/wp\/v2\/types\/product"}],"replies":[{"embeddable":true,"href":"https:\/\/staviori.com.pl\/de\/wp-json\/wp\/v2\/comments?post=15176"}],"wp:featuredmedia":[{"embeddable":true,"href":"https:\/\/staviori.com.pl\/de\/wp-json\/wp\/v2\/media\/5644"}],"wp:attachment":[{"href":"https:\/\/staviori.com.pl\/de\/wp-json\/wp\/v2\/media?parent=15176"}],"wp:term":[{"taxonomy":"product_brand","embeddable":true,"href":"https:\/\/staviori.com.pl\/de\/wp-json\/wp\/v2\/product_brand?post=15176"},{"taxonomy":"product_cat","embeddable":true,"href":"https:\/\/staviori.com.pl\/de\/wp-json\/wp\/v2\/product_cat?post=15176"},{"taxonomy":"product_tag","embeddable":true,"href":"https:\/\/staviori.com.pl\/de\/wp-json\/wp\/v2\/product_tag?post=15176"}],"curies":[{"name":"wp","href":"https:\/\/api.w.org\/{rel}","templated":true}]}}